{"id":149530,"date":"2021-01-15T10:59:53","date_gmt":"2021-01-15T10:59:53","guid":{"rendered":"https:\/\/codengine3.ch\/?product=import-placeholder-for-200692"},"modified":"2021-01-15T10:59:59","modified_gmt":"2021-01-15T10:59:59","slug":"erlebniswandern-mit-kindern-berner-oberland","status":"publish","type":"product","link":"https:\/\/pizbube.ch\/en\/shop\/erlebniswandern-mit-kindern-berner-oberland\/","title":{"rendered":"ErlebnisWandern mit Kindern Berner Oberland"},"content":{"rendered":"<p>42 Touren \u2013 mit vielen spannenden Freizeittipps  <\/p>\n<p>Die Gebirgswelt der Berner Alpen ist ein Abenteuerspielplatz f\u00fcr kleine<br \/>\nGipfelst\u00fcrmer. Im Angesicht von Eiger, M\u00f6nch und Jungfrau lassen sich<br \/>\ntraumhafte Familienurlaube verbringen. Zwischen den eisigen Gipfel und den<br \/>\nBerner Voralpen findet sich ein schier unersch\u00f6pfliches Wanderparadies mit<br \/>\nherrlichen Seen, wie dem Thuner- oder Brienzersee, gr\u00fcnen Alplandschaften und<br \/>\nspektakul\u00e4ren T\u00e4lern. Das Rother Wanderbuch \u00bbErlebnisWandern mit Kindern \u2013<br \/>\nBerner Oberland\u00ab stellt 42 abwechslungsreiche und kindgerechte Wanderungen<br \/>\nvor, mit denen das Wandern sicher nicht langweilig wird.<\/p>\n<p>Vorgestellt werden kurze, leichte Entdeckungstouren f\u00fcr die ganz Kleinen,<br \/>\nWanderungen zu Bergseen (Badevergn\u00fcgen inklusive!), einfache Klettersteige und<br \/>\naufregende H\u00fctten\u00fcbernachtungstouren f\u00fcr t\u00fcchtige Bergsteiger. Dazu kommen<br \/>\ninteressante Erlebniswege, rasante Abfahrten mit der Sommerrodelbahn, Klettern<br \/>\nin Seilg\u00e4rten, Toben auf tollen Abenteuerspielpl\u00e4tzen, lustige Fahrten mit dem<br \/>\n\u00bbTrotti-Bike\u00ab (der Schweizer Version des Rollers) und vieles mehr. Und wenn<br \/>\ndie F\u00fc\u00dfe mal eine Pause wollen, stellt das Buch zus\u00e4tzlich noch \u00fcber 50<br \/>\nspannende Freizeit- und Schlechtwettertipps vor.<\/p>\n<p>Bei der Tourenauswahl helfen Altersempfehlungen, Angaben zur Schwierigkeit und<br \/>\nzur Gehzeit. Zus\u00e4tzlich werden Infos zur Erreichbarkeit mit \u00f6ffentlichen<br \/>\nVerkehrsmitteln, zu \u00dcbernachtungsm\u00f6glichkeiten und zahlreichen Varianten<br \/>\ngegeben. Detaillierte Wegbeschreibungen, aussagekr\u00e4ftige H\u00f6henprofile und<br \/>\nKarten mit Routeneintrag machen das Wandern einfach. Au\u00dferdem stehen GPS-Daten<br \/>\nzum Download von der Internetseite des Bergverlag Rother bereit. Und dann<br \/>\nbegleitet noch das kleine Murmeltier \u00bbRothi\u00ab durch das Buch: Zu jeder Tour<br \/>\nerz\u00e4hlt es den Kindern spannende Geschichten rund um die Wanderungen und<br \/>\nWissenswertes zu Pflanzen, Tieren und Naturph\u00e4nomenen.<\/p>\n<p>1. Auflage 2019<br \/>\n240 Seiten mit 260 Farbabbildungen; 42 H\u00f6henprofile, 42 Wanderk\u00e4rtchen im<br \/>\nMa\u00dfstab 1:25.000 bis 1:100.000, \u00dcbersichtskarte, Tourenmatrix, GPS-Tracks zum<br \/>\nDownload; Format 12,5 x 20 cm  <\/p>","protected":false},"excerpt":{"rendered":"<ul>\n<li><a href=\"https:\/\/pizbube.ch\/wp-content\/uploads\/attachments\/a_005\/40FAA127CAB6CD5F2B5BCB02D50DDBB9.pdf\" target=\"_blank\" rel=\"noopener\">PDF: Inhalt_ErlebnisWandern mit Kindern Berner Oberland<\/a><\/li>\n<\/ul>","protected":false},"featured_media":27645,"template":"","meta":[],"product_brand":[],"product_cat":[21605],"product_tag":[],"class_list":{"0":"post-149530","1":"product","2":"type-product","3":"status-publish","4":"has-post-thumbnail","6":"product_cat-wanderfuehrer-trekking","7":"pa_autor-jung-allenbach","8":"pa_erscheinungsjahr-21586","9":"pa_region-schweiz","10":"pa_sprache-de","12":"first","13":"instock","14":"taxable","15":"shipping-taxable","16":"purchasable","17":"product-type-simple"},"_links":{"self":[{"href":"https:\/\/pizbube.ch\/en\/wp-json\/wp\/v2\/product\/149530","targetHints":{"allow":["GET"]}}],"collection":[{"href":"https:\/\/pizbube.ch\/en\/wp-json\/wp\/v2\/product"}],"about":[{"href":"https:\/\/pizbube.ch\/en\/wp-json\/wp\/v2\/types\/product"}],"wp:featuredmedia":[{"embeddable":true,"href":"https:\/\/pizbube.ch\/en\/wp-json\/wp\/v2\/media\/27645"}],"wp:attachment":[{"href":"https:\/\/pizbube.ch\/en\/wp-json\/wp\/v2\/media?parent=149530"}],"wp:term":[{"taxonomy":"product_brand","embeddable":true,"href":"https:\/\/pizbube.ch\/en\/wp-json\/wp\/v2\/product_brand?post=149530"},{"taxonomy":"product_cat","embeddable":true,"href":"https:\/\/pizbube.ch\/en\/wp-json\/wp\/v2\/product_cat?post=149530"},{"taxonomy":"product_tag","embeddable":true,"href":"https:\/\/pizbube.ch\/en\/wp-json\/wp\/v2\/product_tag?post=149530"}],"curies":[{"name":"wp","href":"https:\/\/api.w.org\/{rel}","templated":true}]}}