{"id":149531,"date":"2021-01-15T10:59:53","date_gmt":"2021-01-15T10:59:53","guid":{"rendered":"https:\/\/codengine3.ch\/?product=import-placeholder-for-204405"},"modified":"2022-10-11T12:56:54","modified_gmt":"2022-10-11T10:56:54","slug":"bergfloh-4-tessin-bergwandern-mit-kindern","status":"publish","type":"product","link":"https:\/\/pizbube.ch\/en\/shop\/bergfloh-4-tessin-bergwandern-mit-kindern\/","title":{"rendered":"Bergfloh 4 Tessin &#8211; Bergwandern mit Kindern"},"content":{"rendered":"<p>Mit der ganzen Schar ins Tessin!<br \/>\nNach den Familienwanderf\u00fchrern zur Zentral-, Ost- und Westschweiz hat der<br \/>\nBergfloh-Reihe noch ein F\u00fchrer durch die Tessiner Berge gefehlt. Eccolo \u2013 hier<br \/>\nist er!<\/p>\n<p>Sei es an einem Wochenende, an dem der Norden im Regen versinkt, sei es<br \/>\nw\u00e4hrend der Sommerferien \u2013 zwischen Lukmanierpass und dem Mendrisiotto wartet<br \/>\neine vielf\u00e4ltige Auswahl: sattgr\u00fcne T\u00e4ler, sch\u00e4umende Bergb\u00e4che, einfache<br \/>\nBergh\u00fctten und abenteuerliche Pfade!<\/p>\n<p>Obwohl die Bergwelt im Tessin vielleicht wilder ist als anderenorts: Keine<br \/>\nAngst \u2013 auch hier gibt es Postautos, Seil- und Sesselbahnen, die anstrengende<br \/>\nH\u00f6henmeter ersparen und Zeitreserven schaffen f\u00fcr Spielpausen,<br \/>\nEntdeckungstouren oder den Badeplausch im Bergsee. Die Autoren bringen die<br \/>\nBed\u00fcrfnisse von Gro\u00df und Klein unter einen Hut: F\u00fcr die Gro\u00dfen die sch\u00f6ne<br \/>\nAussicht, f\u00fcr die Kleinen Spiel und Abenteuer!<\/p>\n<p>Remo Kundert und Werner Hochrein stellen 27 ein- bis dreit\u00e4gige Touren vor, w\u00fcrzen sie mit<br \/>\nHintergrundgeschichten und garnieren sie mit Spielvorschl\u00e4gen.<br \/>\nDie einfachen der vorgestellten Wanderungen sind f\u00fcr Kinder ab<br \/>\n6 Jahren geeignet. Am anderen Ende des Spektrums finden sich anspruchsvollere<br \/>\nBergtouren, an die sich nur ge\u00fcbte Bergfl\u00f6he wagen sollten!<\/p>","protected":false},"excerpt":{"rendered":"<p>Mit der ganzen Schar ins Tessin! Nach den Familienwanderf\u00fchrern zur Zentral-, Ost- und Westschweiz hat der Bergfloh-Reihe noch ein F\u00fchrer durch die Tessiner Berge gefehlt. Eccolo \u2013 hier ist er! Sei es an einem Wochenende, an dem der Norden im Regen versinkt, sei es w\u00e4hrend der Sommerferien \u2013 zwischen Lukmanierpass und dem Mendrisiotto wartet eine [&#8230;]\n","protected":false},"featured_media":163970,"template":"","meta":[],"product_brand":[],"product_cat":[21605],"product_tag":[],"class_list":{"0":"post-149531","1":"product","2":"type-product","3":"status-publish","4":"has-post-thumbnail","6":"product_cat-wanderfuehrer-trekking","7":"pa_autor-kundert-hochrein","8":"pa_erscheinungsjahr-21610","9":"pa_region-schweiz","10":"pa_sprache-de","12":"first","13":"instock","14":"taxable","15":"shipping-taxable","16":"purchasable","17":"product-type-simple"},"_links":{"self":[{"href":"https:\/\/pizbube.ch\/en\/wp-json\/wp\/v2\/product\/149531","targetHints":{"allow":["GET"]}}],"collection":[{"href":"https:\/\/pizbube.ch\/en\/wp-json\/wp\/v2\/product"}],"about":[{"href":"https:\/\/pizbube.ch\/en\/wp-json\/wp\/v2\/types\/product"}],"wp:featuredmedia":[{"embeddable":true,"href":"https:\/\/pizbube.ch\/en\/wp-json\/wp\/v2\/media\/163970"}],"wp:attachment":[{"href":"https:\/\/pizbube.ch\/en\/wp-json\/wp\/v2\/media?parent=149531"}],"wp:term":[{"taxonomy":"product_brand","embeddable":true,"href":"https:\/\/pizbube.ch\/en\/wp-json\/wp\/v2\/product_brand?post=149531"},{"taxonomy":"product_cat","embeddable":true,"href":"https:\/\/pizbube.ch\/en\/wp-json\/wp\/v2\/product_cat?post=149531"},{"taxonomy":"product_tag","embeddable":true,"href":"https:\/\/pizbube.ch\/en\/wp-json\/wp\/v2\/product_tag?post=149531"}],"curies":[{"name":"wp","href":"https:\/\/api.w.org\/{rel}","templated":true}]}}