{"id":149532,"date":"2021-01-15T10:59:53","date_gmt":"2021-01-15T10:59:53","guid":{"rendered":"https:\/\/codengine3.ch\/?product=import-placeholder-for-208660"},"modified":"2024-01-24T09:07:45","modified_gmt":"2024-01-24T08:07:45","slug":"familienausfluege-zu-sac-huetten","status":"publish","type":"product","link":"https:\/\/pizbube.ch\/en\/shop\/familienausfluege-zu-sac-huetten\/","title":{"rendered":"Familienausfl\u00fcge zu SAC-H\u00fctten"},"content":{"rendered":"<p>41 erlebnisreiche Wanderungen mit Kindern<\/p>\n<p>Mit Kindern in die Berge? Eine tolle Sache f\u00fcr Eltern, Paten, Grosseltern und<br \/>\nNachwuchs, wenn die Wanderung kurz und abwechslungsreich ist und eine SAC-<br \/>\nH\u00fctte zum Ziel hat.<\/p>\n<p>Der neue Familienwanderf\u00fchrer macht den Besuch von 41 SAC-H\u00fctten in der ganzen<br \/>\nSchweiz zu einem Erlebnis f\u00fcr Gross und Klein:<\/p>\n<p>Ob h\u00f6chster Sandkasten, Klettergarten neben der H\u00fctte, Steinbockbeobachtungen<br \/>\noder ein See, der unterwegs f\u00fcr Abk\u00fchlung sorgt \u2013 eine \u00dcbersichtskarte zeigt<br \/>\npro H\u00fctte die H\u00f6hepunkte der Wanderung auf und sorgt f\u00fcr einen<br \/>\nabwechslungsreichen Ausflug, idealerweise mit \u00dcbernachtung, damit gen\u00fcgend<br \/>\nZeit bleibt, die Bergwelt gemeinsam zu entdecken.<\/p>\n<p>284 Seiten,<br \/>\n3. Auflage 2022<\/p>","protected":false},"excerpt":{"rendered":"<ul>\n<li><strong><a href=\"https:\/\/pizbube.ch\/wp-content\/uploads\/attachments\/a_031\/F0D16E8FC9F9A9CBBED8558CF31E48AA.pdf\" target=\"_blank\" rel=\"noopener\">PDF: Leseprobe_Familienausfl\u00fcge_zu_SAC-H\u00fctten<\/a><\/strong><\/li>\n<\/ul>","protected":false},"featured_media":170844,"template":"","meta":[],"product_brand":[],"product_cat":[21605],"product_tag":[],"class_list":{"0":"post-149532","1":"product","2":"type-product","3":"status-publish","4":"has-post-thumbnail","6":"product_cat-wanderfuehrer-trekking","7":"pa_autor-schwaiger","8":"pa_erscheinungsjahr-27013","9":"pa_region-schweiz","10":"pa_sprache-de","12":"first","13":"instock","14":"taxable","15":"shipping-taxable","16":"purchasable","17":"product-type-simple"},"_links":{"self":[{"href":"https:\/\/pizbube.ch\/en\/wp-json\/wp\/v2\/product\/149532","targetHints":{"allow":["GET"]}}],"collection":[{"href":"https:\/\/pizbube.ch\/en\/wp-json\/wp\/v2\/product"}],"about":[{"href":"https:\/\/pizbube.ch\/en\/wp-json\/wp\/v2\/types\/product"}],"wp:featuredmedia":[{"embeddable":true,"href":"https:\/\/pizbube.ch\/en\/wp-json\/wp\/v2\/media\/170844"}],"wp:attachment":[{"href":"https:\/\/pizbube.ch\/en\/wp-json\/wp\/v2\/media?parent=149532"}],"wp:term":[{"taxonomy":"product_brand","embeddable":true,"href":"https:\/\/pizbube.ch\/en\/wp-json\/wp\/v2\/product_brand?post=149532"},{"taxonomy":"product_cat","embeddable":true,"href":"https:\/\/pizbube.ch\/en\/wp-json\/wp\/v2\/product_cat?post=149532"},{"taxonomy":"product_tag","embeddable":true,"href":"https:\/\/pizbube.ch\/en\/wp-json\/wp\/v2\/product_tag?post=149532"}],"curies":[{"name":"wp","href":"https:\/\/api.w.org\/{rel}","templated":true}]}}