{"id":149533,"date":"2021-01-15T10:59:53","date_gmt":"2021-01-15T10:59:53","guid":{"rendered":"https:\/\/codengine3.ch\/?product=import-placeholder-for-200693"},"modified":"2025-01-30T15:39:07","modified_gmt":"2025-01-30T14:39:07","slug":"niedere-tauern-ost","status":"publish","type":"product","link":"https:\/\/pizbube.ch\/en\/shop\/niedere-tauern-ost\/","title":{"rendered":"Niedere Tauern Ost"},"content":{"rendered":"<p>mit Murauer Bergen und Turracher H\u00f6he &#8211; 50 Touren<\/p>\n<p>Rund 200 Gipfel um die 2000-Meter-Marke gibt es allein im \u00f6stlichen Teil<br \/>\ndieses m\u00e4chtigen, faszinierend strukturierten Gebirges in der Obersteiermark.<br \/>\nDer Rother Wanderf\u00fchrer \u00bbNiedere Tauern Ost\u00ab stellt 50 abwechslungsreiche<br \/>\nTouren vor. Darunter sind zahlreiche leichte und mittelschwere Halbtages- und<br \/>\nTagestouren, genauso wie lange und schwierige Gipfelbesteigungen.<br \/>\nNur wenige Randbereiche der Niederen Tauern sind technisch erschlossen,<br \/>\nvielmehr erhielt sich das Gebiet als urspr\u00fcnglicher, alpiner Naturraum. So<br \/>\npr\u00e4sentieren sich die Niederen Tauern als wahre alpine Schatztruhe.<\/p>\n<p>Das Gebiet umfasst neben den \u00f6stlichen Niederen Tauern (mit Schladminger,<br \/>\nW\u00f6lzer, Rottenmanner und Seckauer Tauern) zus\u00e4tzlich einige der Murauer Berge<br \/>\nsowie ein paar Ziele an der Turracher H\u00f6he.<br \/>\nJede Tour wird mit einer ausf\u00fchrlichen Wegbeschreibung, einem Kartenausschnitt<br \/>\nmit eingetragenem Routenverlauf und einem aussagekr\u00e4ftigen H\u00f6henprofil<br \/>\nvorgestellt. Diese Informationen werden erg\u00e4nzt durch zahlreiche Tipps zu<br \/>\nEinkehrm\u00f6glichkeiten, Varianten und Ausflugszielen.<\/p>\n<p>1. Auflage 2014; 152 Seiten mit 77 Farbabbildungen<br \/>\n50 H\u00f6henprofile, 50 Wanderk\u00e4rtchen im Ma\u00dfstab 1:50.000, eine \u00dcbersichtskarte<\/p>","protected":false},"excerpt":{"rendered":"<ul>\n<li><a href=\"https:\/\/pizbube.ch\/wp-content\/uploads\/attachments\/a_005\/3F136437087497F3E786D75CBF8BBC63.pdf\" target=\"_blank\" rel=\"noopener\">PDF: Niedere Tauern Ost_Inhalt<\/a><\/li>\n<\/ul>","protected":false},"featured_media":27643,"template":"","meta":[],"product_brand":[],"product_cat":[21605],"product_tag":[],"class_list":{"0":"post-149533","1":"product","2":"type-product","3":"status-publish","4":"has-post-thumbnail","6":"product_cat-wanderfuehrer-trekking","7":"pa_autor-auferbauer","8":"pa_erscheinungsjahr-21550","9":"pa_region-oesterreich","10":"pa_sprache-de","12":"first","13":"instock","14":"taxable","15":"shipping-taxable","16":"purchasable","17":"product-type-simple"},"_links":{"self":[{"href":"https:\/\/pizbube.ch\/en\/wp-json\/wp\/v2\/product\/149533","targetHints":{"allow":["GET"]}}],"collection":[{"href":"https:\/\/pizbube.ch\/en\/wp-json\/wp\/v2\/product"}],"about":[{"href":"https:\/\/pizbube.ch\/en\/wp-json\/wp\/v2\/types\/product"}],"wp:featuredmedia":[{"embeddable":true,"href":"https:\/\/pizbube.ch\/en\/wp-json\/wp\/v2\/media\/27643"}],"wp:attachment":[{"href":"https:\/\/pizbube.ch\/en\/wp-json\/wp\/v2\/media?parent=149533"}],"wp:term":[{"taxonomy":"product_brand","embeddable":true,"href":"https:\/\/pizbube.ch\/en\/wp-json\/wp\/v2\/product_brand?post=149533"},{"taxonomy":"product_cat","embeddable":true,"href":"https:\/\/pizbube.ch\/en\/wp-json\/wp\/v2\/product_cat?post=149533"},{"taxonomy":"product_tag","embeddable":true,"href":"https:\/\/pizbube.ch\/en\/wp-json\/wp\/v2\/product_tag?post=149533"}],"curies":[{"name":"wp","href":"https:\/\/api.w.org\/{rel}","templated":true}]}}