{"id":149534,"date":"2021-01-15T10:59:53","date_gmt":"2021-01-15T10:59:53","guid":{"rendered":"https:\/\/codengine3.ch\/?product=import-placeholder-for-205646"},"modified":"2025-10-22T10:39:05","modified_gmt":"2025-10-22T08:39:05","slug":"hohe-tauern-glockner-venediger-und-goldberggruppe","status":"publish","type":"product","link":"https:\/\/pizbube.ch\/en\/shop\/hohe-tauern-glockner-venediger-und-goldberggruppe\/","title":{"rendered":"Hohe Tauern Glockner-, Venediger- und Goldberggruppe"},"content":{"rendered":"<p><span class=\"value\">Die gewaltigen Eisriesen Gro\u00dfglockner und Gro\u00dfvenediger bilden die Kulisse f\u00fcr abwechslungsreiche Touren in den Hohen Tauern. Skibergsteiger erleben wunderbare T\u00e4ler, beeindruckende Wasserf\u00e4lle und die gr\u00f6\u00dften Gletscher der Ostalpen.<\/span><\/p>\n<p>Insgesamt 45 Skitouren \u2013 42 Tagestouren und drei mehrt\u00e4gige Unternehmungen \u2013 stellt der Rother Skitourenf\u00fchrer \u00bbHohe Tauern\u00ab vor. Die Tagestouren starten an bekannten H\u00fctten und von g\u00fcnstig gelegenen Talorten. Neben den klassischen Gipfelanstiegen auf die \u00bbgro\u00dfen Ber\u00fchmtheiten\u00ab Gro\u00dfglockner und Gro\u00dfvenediger werden zahlreiche weitere attraktive Touren beschrieben, wie auf den Gro\u00dfen Geiger, die Dreiherrnspitze oder die Hohe Riffl. Zahlreiche Tourenvorschl\u00e4ge, insbesondere in der Goldberggruppe, eignen sich perfekt als Fr\u00fchjahrstouren.<br \/>\nDie drei mehrt\u00e4gigen Touren in diesem Band \u2013 als Highlight die \u00bbHochtirol\u00ab \u2013 sind gro\u00dfartige Skidurchquerungen durch die Hohen Tauern. Die H\u00f6henprofile im Buch bieten einen kompakten \u00dcberblick \u00fcber Routenverlauf und Etappeneinteilung.<\/p>\n<p>Jede Tour wird mit farbiger Schwierigkeitseinteilung, Tourenk\u00e4rtchen mit eingetragenem Routenverlauf und einer genauen Routenbeschreibung vorgestellt. Ein \u00fcbersichtlicher Tourensteckbrief informiert \u00fcber alle wichtigen Gegebenheiten, so auch Hangausrichtung und Lawinengefahr. Diese Info wird ebenfalls durch Expositionssymbole dargestellt, die bei der schnellen Einsch\u00e4tzung von Lawinengefahr und Schneequalit\u00e4t helfen.<\/p>\n<p>Der Autor Wolfgang Pusch ist versierter Bergsteiger und Skitourengeher. Er hat bereits viele Skitouren- und Hochtourenf\u00fchrer sowie Bildb\u00e4nde im Bergverlag Rother ver\u00f6ffentlicht.<br \/>\nF\u00fcr die zweite Auflage wurde dieser Rother Skitourenf\u00fchrer sorgf\u00e4ltig aktualisiert.<\/p>\n<p>144 Seiten mit 79 Farbabbildungen;<br \/>\n45 Tourenk\u00e4rtchen im Ma\u00dfstab 1:50.000, 1:75.000 und 1:100.000, zwei<br \/>\n\u00dcbersichtskarten.<\/p>\n<p>2. Auflage 2014<\/p>","protected":false},"excerpt":{"rendered":"<p>Die gewaltigen Eisriesen Gro\u00dfglockner und Gro\u00dfvenediger bilden die Kulisse f\u00fcr abwechslungsreiche Touren in den Hohen Tauern. Skibergsteiger erleben wunderbare T\u00e4ler, beeindruckende Wasserf\u00e4lle und die gr\u00f6\u00dften Gletscher der Ostalpen. Insgesamt 45 Skitouren \u2013 42 Tagestouren und drei mehrt\u00e4gige Unternehmungen \u2013 stellt der Rother Skitourenf\u00fchrer \u00bbHohe Tauern\u00ab vor. Die Tagestouren starten an bekannten H\u00fctten und von g\u00fcnstig [&#8230;]\n","protected":false},"featured_media":172010,"template":"","meta":[],"product_brand":[],"product_cat":[21540],"product_tag":[],"class_list":{"0":"post-149534","1":"product","2":"type-product","3":"status-publish","4":"has-post-thumbnail","6":"product_cat-fuehrerliteratur-alpin-winter","7":"pa_autor-pusch","8":"pa_erscheinungsjahr-21550","9":"pa_region-oesterreich","10":"pa_sprache-de","12":"first","13":"instock","14":"taxable","15":"shipping-taxable","16":"purchasable","17":"product-type-simple"},"_links":{"self":[{"href":"https:\/\/pizbube.ch\/en\/wp-json\/wp\/v2\/product\/149534","targetHints":{"allow":["GET"]}}],"collection":[{"href":"https:\/\/pizbube.ch\/en\/wp-json\/wp\/v2\/product"}],"about":[{"href":"https:\/\/pizbube.ch\/en\/wp-json\/wp\/v2\/types\/product"}],"wp:featuredmedia":[{"embeddable":true,"href":"https:\/\/pizbube.ch\/en\/wp-json\/wp\/v2\/media\/172010"}],"wp:attachment":[{"href":"https:\/\/pizbube.ch\/en\/wp-json\/wp\/v2\/media?parent=149534"}],"wp:term":[{"taxonomy":"product_brand","embeddable":true,"href":"https:\/\/pizbube.ch\/en\/wp-json\/wp\/v2\/product_brand?post=149534"},{"taxonomy":"product_cat","embeddable":true,"href":"https:\/\/pizbube.ch\/en\/wp-json\/wp\/v2\/product_cat?post=149534"},{"taxonomy":"product_tag","embeddable":true,"href":"https:\/\/pizbube.ch\/en\/wp-json\/wp\/v2\/product_tag?post=149534"}],"curies":[{"name":"wp","href":"https:\/\/api.w.org\/{rel}","templated":true}]}}