{"id":149535,"date":"2021-01-15T10:59:53","date_gmt":"2021-01-15T10:59:53","guid":{"rendered":"https:\/\/codengine3.ch\/?product=import-placeholder-for-203025"},"modified":"2021-01-15T12:53:24","modified_gmt":"2021-01-15T12:53:24","slug":"tauern-hoehenweg","status":"publish","type":"product","link":"https:\/\/pizbube.ch\/en\/shop\/tauern-hoehenweg\/","title":{"rendered":"Tauern H\u00f6henweg"},"content":{"rendered":"<p>Von den Seckauer Tauern zum Ahrntal in S\u00fcdtirol. 40 Etappen. Mit GPS-Daten &#8211;<br \/>\nMit GPS-Daten<\/p>\n<p>Nicht nur im Bann von Gro\u00dfglockner und Gro\u00dfvenediger erstreckt sich auf einer<br \/>\nGesamtl\u00e4nge von etwa 200 Kilometern der Tauern-H\u00f6henweg, der alle<br \/>\nGebirgsgruppen der Niederen und Hohen Tauern von Ost nach West durchquert:<br \/>\nSeckauer Tauern, Rottenmanner Tauern, W\u00f6lzer Tauern, Schladminger Tauern,<br \/>\nRadst\u00e4dter Tauern, Ankogelgruppe, Goldberggruppe, Glocknergruppe,<br \/>\nGranatspitzgruppe und Venedigergruppe.  <\/p>\n<p>Von den Seckauer Tauern zum Venediger. Alle Etappen- mit Varianten und<br \/>\nH\u00f6henprofil. 33 Rundtouren-Vorschl\u00e4ge. 111 Farbfotos, 43 Wanderk\u00e4rtchen 1: 75<br \/>\n000, 2 \u00dcbers.-Ktn. 1: 600 000 , 88 H\u00f6henprofile, 33 Rundtouren-Vorschl\u00e4gen.<br \/>\n286 S.  <\/p>","protected":false},"excerpt":{"rendered":"<p>Von den Seckauer Tauern zum Ahrntal in S\u00fcdtirol. 40 Etappen. Mit GPS-Daten &#8211; Mit GPS-Daten Nicht nur im Bann von Gro\u00dfglockner und Gro\u00dfvenediger erstreckt sich auf einer Gesamtl\u00e4nge von etwa 200 Kilometern der Tauern-H\u00f6henweg, der alle Gebirgsgruppen der Niederen und Hohen Tauern von Ost nach West durchquert: Seckauer Tauern, Rottenmanner Tauern, W\u00f6lzer Tauern, Schladminger Tauern, [&#8230;]\n","protected":false},"featured_media":30535,"template":"","meta":[],"product_brand":[],"product_cat":[21605],"product_tag":[],"class_list":{"0":"post-149535","1":"product","2":"type-product","3":"status-publish","4":"has-post-thumbnail","6":"product_cat-wanderfuehrer-trekking","7":"pa_autor-fuehrer","8":"pa_erscheinungsjahr-21571","9":"pa_region-oesterreich","10":"pa_sprache-de","12":"first","13":"instock","14":"taxable","15":"shipping-taxable","16":"purchasable","17":"product-type-simple"},"_links":{"self":[{"href":"https:\/\/pizbube.ch\/en\/wp-json\/wp\/v2\/product\/149535","targetHints":{"allow":["GET"]}}],"collection":[{"href":"https:\/\/pizbube.ch\/en\/wp-json\/wp\/v2\/product"}],"about":[{"href":"https:\/\/pizbube.ch\/en\/wp-json\/wp\/v2\/types\/product"}],"wp:featuredmedia":[{"embeddable":true,"href":"https:\/\/pizbube.ch\/en\/wp-json\/wp\/v2\/media\/30535"}],"wp:attachment":[{"href":"https:\/\/pizbube.ch\/en\/wp-json\/wp\/v2\/media?parent=149535"}],"wp:term":[{"taxonomy":"product_brand","embeddable":true,"href":"https:\/\/pizbube.ch\/en\/wp-json\/wp\/v2\/product_brand?post=149535"},{"taxonomy":"product_cat","embeddable":true,"href":"https:\/\/pizbube.ch\/en\/wp-json\/wp\/v2\/product_cat?post=149535"},{"taxonomy":"product_tag","embeddable":true,"href":"https:\/\/pizbube.ch\/en\/wp-json\/wp\/v2\/product_tag?post=149535"}],"curies":[{"name":"wp","href":"https:\/\/api.w.org\/{rel}","templated":true}]}}