{"id":149546,"date":"2021-01-15T11:00:00","date_gmt":"2021-01-15T11:00:00","guid":{"rendered":"https:\/\/codengine3.ch\/?product=import-placeholder-for-200696"},"modified":"2021-01-15T11:00:03","modified_gmt":"2021-01-15T11:00:03","slug":"alpentiere","status":"publish","type":"product","link":"https:\/\/pizbube.ch\/en\/shop\/alpentiere\/","title":{"rendered":"Alpentiere"},"content":{"rendered":"<p>\nVom stolzen, bis zu 250 Kilo schweren Rothirsch \u00fcber das seltene<br \/>\nAlpenschneehuhn bis zur schillernden Torf-Mosaikjungfer: Wer mit offenen Augen<br \/>\nin den Alpen unterwegs ist, begegnet einer faszinierenden Tierwelt. Der Rother<br \/>\nNaturf\u00fchrer \u00bbAlpentiere\u00ab ist ein Bestimmungsbuch f\u00fcr unterwegs. \u00dcber 240<br \/>\nbekannte und weniger bekannte Arten werden durch genaue Beschreibungen und<br \/>\nerstklassige Fotos mit markierten Merkmalen vorgestellt.<\/p>\n<p>In den weitgehend unzug\u00e4nglichen Bergen mit ihrem rauen Klima finden viele<br \/>\nTiere einen ungest\u00f6rten Lebensraum, wie er im zersiedelten Flachland so nicht<br \/>\nmehr zur Verf\u00fcgung steht. So konnte sich im Alpenraum eine erstaunliche<br \/>\nBiodiversit\u00e4t erhalten. In diesem Bestimmungsbuch werden S\u00e4ugetiere, V\u00f6gel,<br \/>\nReptilien, Amphibien, Fische und Insekten pr\u00e4sentiert. Den gr\u00f6\u00dften Raum nehmen<br \/>\ndie V\u00f6gel ein. Sie sind leicht zu beobachten und faszinieren mit ihrem<br \/>\nm\u00fchelosen Flug.  <\/p>\n<p>Jeweils drei Merkmale oder Verhaltensweisen, die f\u00fcr die jeweilige Tierart<br \/>\ntypisch sind, werden besonders hervorgehoben. Sie sind, soweit sichtbar, in<br \/>\nden Fotos markiert \u2013 eine hervorragende Hilfe bei der Identifizierung. Die<br \/>\nBeschreibung der \u00e4u\u00dferen Merkmale, von Lebensweise, Lebensraum und Verbreitung<br \/>\nliefert genauere Hinweise. Die Abgrenzung von \u00e4hnlich aussehenden Arten macht<br \/>\neine Verwechslung unm\u00f6glich. Beim Betrachten der Bildtafeln wird Begeisterung<br \/>\nf\u00fcr die Vielfalt der Alpenfauna geweckt. Und wer noch tiefer in das Thema<br \/>\neinsteigen m\u00f6chte, findet im Literaturverzeichnis zahlreiche Hinweise auf<br \/>\nweiterf\u00fchrende Fachliteratur.<\/p>","protected":false},"excerpt":{"rendered":"<ul>\n<li><a href=\"https:\/\/pizbube.ch\/wp-content\/uploads\/attachments\/a_005\/3FBBC1F6F3E8C16A55E80CBB93FB6D90.pdf\" target=\"_blank\" rel=\"noopener\">PDF: Alpentiere_Leseprobe.pdf<\/a><\/li>\n<\/ul>","protected":false},"featured_media":27652,"template":"","meta":[],"product_brand":[],"product_cat":[21538],"product_tag":[],"class_list":{"0":"post-149546","1":"product","2":"type-product","3":"status-publish","4":"has-post-thumbnail","6":"product_cat-lehrbuecher","7":"pa_autor-gruener","8":"pa_erscheinungsjahr-21571","9":"pa_region-fauna-flora-geologie-glaziologie","10":"pa_sprache-de","12":"first","13":"instock","14":"taxable","15":"shipping-taxable","16":"purchasable","17":"product-type-simple"},"_links":{"self":[{"href":"https:\/\/pizbube.ch\/en\/wp-json\/wp\/v2\/product\/149546","targetHints":{"allow":["GET"]}}],"collection":[{"href":"https:\/\/pizbube.ch\/en\/wp-json\/wp\/v2\/product"}],"about":[{"href":"https:\/\/pizbube.ch\/en\/wp-json\/wp\/v2\/types\/product"}],"wp:featuredmedia":[{"embeddable":true,"href":"https:\/\/pizbube.ch\/en\/wp-json\/wp\/v2\/media\/27652"}],"wp:attachment":[{"href":"https:\/\/pizbube.ch\/en\/wp-json\/wp\/v2\/media?parent=149546"}],"wp:term":[{"taxonomy":"product_brand","embeddable":true,"href":"https:\/\/pizbube.ch\/en\/wp-json\/wp\/v2\/product_brand?post=149546"},{"taxonomy":"product_cat","embeddable":true,"href":"https:\/\/pizbube.ch\/en\/wp-json\/wp\/v2\/product_cat?post=149546"},{"taxonomy":"product_tag","embeddable":true,"href":"https:\/\/pizbube.ch\/en\/wp-json\/wp\/v2\/product_tag?post=149546"}],"curies":[{"name":"wp","href":"https:\/\/api.w.org\/{rel}","templated":true}]}}