{"id":149547,"date":"2021-01-15T11:00:00","date_gmt":"2021-01-15T11:00:00","guid":{"rendered":"https:\/\/codengine3.ch\/?product=import-placeholder-for-202645"},"modified":"2025-12-17T11:41:19","modified_gmt":"2025-12-17T10:41:19","slug":"alpentiere-2","status":"publish","type":"product","link":"https:\/\/pizbube.ch\/en\/shop\/alpentiere-2\/","title":{"rendered":"Alpentiere"},"content":{"rendered":"<p><span class=\"value\">Dieser Band der KOMPASS-Naturf\u00fchrer befasst sich mit der Tierwelt der Alpen. 70 der dort vorkommenden Tiere sind darin verzeichnet. Sie sind in Text und Bild dargestellt.\u00a0<\/span><\/p>\n<p><span class=\"value\">Das Format ist so gew\u00e4hlt, dass der Naturf\u00fchrer leicht bei einer Wanderung mitzuf\u00fchren ist; damit Sie die Tiere, die Sie antreffen, sofort bestimmen k\u00f6nnen.In den Rubriken &#171;Beobachtet am&#187; und &#171;Ort&#187; k\u00f6nnen Sie dann Ihre Beobachtung eintragen.Die enthaltenen Tiere sind nach Klassen sortiert. Innerhalb der Klassen erfolgt die Einteilung systematisch. <\/span><\/p>\n<p><span class=\"value\">Sie finden im Naturf\u00fchrer jedes Tier durch seine Merkmale, Fortpflanzung, Nahrung und seinen Lebensraum beschrieben. Es wird auch auf seinen Gef\u00e4hrdungsgrad sowie Naturschutzbestimmungen hingewiesen. Weiters finden Sie eine Liste einiger ausgestorbener und stark gef\u00e4hrdeter Tiere, die dringend unseres Schutzes bed\u00fcrfen!<\/span><\/p>\n<p>2.Auflage 2025<\/p>","protected":false},"excerpt":{"rendered":"<p>Dieser Band der KOMPASS-Naturf\u00fchrer befasst sich mit der Tierwelt der Alpen. 70 der dort vorkommenden Tiere sind darin verzeichnet. Sie sind in Text und Bild dargestellt.\u00a0 Das Format ist so gew\u00e4hlt, dass der Naturf\u00fchrer leicht bei einer Wanderung mitzuf\u00fchren ist; damit Sie die Tiere, die Sie antreffen, sofort bestimmen k\u00f6nnen.In den Rubriken &#171;Beobachtet am&#187; und [&#8230;]\n","protected":false},"featured_media":182584,"template":"","meta":[],"product_brand":[],"product_cat":[21538],"product_tag":[],"class_list":{"0":"post-149547","1":"product","2":"type-product","3":"status-publish","4":"has-post-thumbnail","6":"product_cat-lehrbuecher","7":"pa_autor-jaitner","8":"pa_erscheinungsjahr-27415","9":"pa_region-fauna-flora-geologie-glaziologie","10":"pa_sprache-de","12":"first","13":"instock","14":"taxable","15":"shipping-taxable","16":"purchasable","17":"product-type-simple"},"_links":{"self":[{"href":"https:\/\/pizbube.ch\/en\/wp-json\/wp\/v2\/product\/149547","targetHints":{"allow":["GET"]}}],"collection":[{"href":"https:\/\/pizbube.ch\/en\/wp-json\/wp\/v2\/product"}],"about":[{"href":"https:\/\/pizbube.ch\/en\/wp-json\/wp\/v2\/types\/product"}],"wp:featuredmedia":[{"embeddable":true,"href":"https:\/\/pizbube.ch\/en\/wp-json\/wp\/v2\/media\/182584"}],"wp:attachment":[{"href":"https:\/\/pizbube.ch\/en\/wp-json\/wp\/v2\/media?parent=149547"}],"wp:term":[{"taxonomy":"product_brand","embeddable":true,"href":"https:\/\/pizbube.ch\/en\/wp-json\/wp\/v2\/product_brand?post=149547"},{"taxonomy":"product_cat","embeddable":true,"href":"https:\/\/pizbube.ch\/en\/wp-json\/wp\/v2\/product_cat?post=149547"},{"taxonomy":"product_tag","embeddable":true,"href":"https:\/\/pizbube.ch\/en\/wp-json\/wp\/v2\/product_tag?post=149547"}],"curies":[{"name":"wp","href":"https:\/\/api.w.org\/{rel}","templated":true}]}}