{"id":149548,"date":"2021-01-15T11:00:00","date_gmt":"2021-01-15T11:00:00","guid":{"rendered":"https:\/\/codengine3.ch\/?product=import-placeholder-for-208350"},"modified":"2023-01-10T14:13:05","modified_gmt":"2023-01-10T13:13:05","slug":"der-steinbock-akrobat-im-hochgebirge","status":"publish","type":"product","link":"https:\/\/pizbube.ch\/en\/shop\/der-steinbock-akrobat-im-hochgebirge\/","title":{"rendered":"Der Steinbock &#8211; Akrobat im Hochgebirge"},"content":{"rendered":"<p>Das Buch zeichnet ein Gesamtportr\u00e4t des Steinbocks:<br \/>\nvon der Geschichte der Wiedereinf\u00fchrung in S\u00fcdtirol \u00fcber dessen Verhalten,<br \/>\nErn\u00e4hrung, Krankheiten, Lebensraum, Biologie.<\/p>\n<p>Umfangreiches Portr\u00e4t des beliebtesten Steinwilds.<\/p>","protected":false},"excerpt":{"rendered":"<p>Das Buch zeichnet ein Gesamtportr\u00e4t des Steinbocks: von der Geschichte der Wiedereinf\u00fchrung in S\u00fcdtirol \u00fcber dessen Verhalten, Ern\u00e4hrung, Krankheiten, Lebensraum, Biologie. Umfangreiches Portr\u00e4t des beliebtesten Steinwilds.<\/p>","protected":false},"featured_media":41112,"template":"","meta":[],"product_brand":[],"product_cat":[21542],"product_tag":[],"class_list":{"0":"post-149548","1":"product","2":"type-product","3":"status-publish","4":"has-post-thumbnail","6":"product_cat-sachbuecher-dokumentationen","7":"pa_autor-demetz","8":"pa_erscheinungsjahr-21550","9":"pa_region-fauna-flora-geologie-glaziologie","10":"pa_sprache-de","12":"first","13":"outofstock","14":"taxable","15":"shipping-taxable","16":"purchasable","17":"product-type-simple"},"_links":{"self":[{"href":"https:\/\/pizbube.ch\/en\/wp-json\/wp\/v2\/product\/149548","targetHints":{"allow":["GET"]}}],"collection":[{"href":"https:\/\/pizbube.ch\/en\/wp-json\/wp\/v2\/product"}],"about":[{"href":"https:\/\/pizbube.ch\/en\/wp-json\/wp\/v2\/types\/product"}],"wp:featuredmedia":[{"embeddable":true,"href":"https:\/\/pizbube.ch\/en\/wp-json\/wp\/v2\/media\/41112"}],"wp:attachment":[{"href":"https:\/\/pizbube.ch\/en\/wp-json\/wp\/v2\/media?parent=149548"}],"wp:term":[{"taxonomy":"product_brand","embeddable":true,"href":"https:\/\/pizbube.ch\/en\/wp-json\/wp\/v2\/product_brand?post=149548"},{"taxonomy":"product_cat","embeddable":true,"href":"https:\/\/pizbube.ch\/en\/wp-json\/wp\/v2\/product_cat?post=149548"},{"taxonomy":"product_tag","embeddable":true,"href":"https:\/\/pizbube.ch\/en\/wp-json\/wp\/v2\/product_tag?post=149548"}],"curies":[{"name":"wp","href":"https:\/\/api.w.org\/{rel}","templated":true}]}}