{"id":149558,"date":"2021-01-15T11:00:00","date_gmt":"2021-01-15T11:00:00","guid":{"rendered":"https:\/\/codengine3.ch\/?product=import-placeholder-for-203393"},"modified":"2021-01-15T14:22:48","modified_gmt":"2021-01-15T14:22:48","slug":"valsertal-vals-valsertal-laenta-kletterfuehrer","status":"publish","type":"product","link":"https:\/\/pizbube.ch\/en\/shop\/valsertal-vals-valsertal-laenta-kletterfuehrer\/","title":{"rendered":"Valsertal VALS &#8211; VALSERTAL &#8211; L\u00c4NTA KLETTERF\u00dcHRER"},"content":{"rendered":"<p>\nKletterg\u00e4rten mit Alpin-Ambiente und alpine Mehrseill\u00e4ngenrouten.  <\/p>\n<p>Das Valsertal erwartet den Felshungrigen mit Kletterg\u00e4rten in alpinem Ambiente<br \/>\nund alpinen Mehrseill\u00e4ngenrouten. Auf goldgelbem Gneis erlebt man<br \/>\nKletterreisen durch eine grandiose Hochgebirgslandschaft. Lange Routen mit<br \/>\nvorwiegend plattigem Charakter, steilere Sektoren mit vielen sch\u00f6nen<br \/>\nStrukturen, Rissen, Verschneidungen, \u00dcberh\u00e4ngen, alpine Gratklettereien sowie<br \/>\nernsthafte und \u00e4u\u00dferst schwierige Touren am Zerfreilahorn.<\/p>\n<p>Alle Routen sind zwar zeitgem\u00e4\u00df gut, aber nicht \u00fcbertrieben abgesichert. Dort,<br \/>\nwo sich mobile Sicherungsmittel problemlos anbringen lassen, haben die<br \/>\nErschlie\u00dfer die Bohrmaschine schweigen lassen. Kurz: Ein Geheimtipp f\u00fcr alle,<br \/>\ndie bestes Urgestein abseits der Urner und Tessiner Modegebiete genie\u00dfen<br \/>\nwollen \u2013 und ein Leckerbissen f\u00fcr alle, die auf der Suche nach ganzheitlichen<br \/>\nKletterlebnissen sind.<\/p>\n<p>Mehrseill\u00e4ngenrouten am Zervreilahorn und mehreren Sektoren im Tal zur<br \/>\nL\u00e4ntah\u00fctte.<\/p>\n<p>128 seitiges Buch, 20 Topokarten.  <\/p>","protected":false},"excerpt":{"rendered":"<ul>\n<li><a href=\"https:\/\/pizbube.ch\/wp-content\/uploads\/attachments\/a_032\/FC9314BFF5E101A583E32078A9C4E0CD.pdf\" target=\"_blank\" rel=\"noopener\">PDF: Valsertal Kletterf\u00fchrer Leseprobe<\/a><\/li>\n<\/ul>\n<ul>\n<li><b>INFO: Titel ist vergriffen, laut Verlag keine Neuauflage<b><\/li>\n<\/ul>","protected":false},"featured_media":30994,"template":"","meta":[],"product_brand":[],"product_cat":[21539],"product_tag":[],"class_list":{"0":"post-149558","1":"product","2":"type-product","3":"status-publish","4":"has-post-thumbnail","6":"product_cat-fuehrerliteratur-sportklettern-bouldern","7":"pa_autor-illien","8":"pa_erscheinungsjahr-21920","9":"pa_region-schweiz","10":"pa_sprache-de","12":"first","13":"outofstock","14":"taxable","15":"shipping-taxable","16":"purchasable","17":"product-type-simple"},"_links":{"self":[{"href":"https:\/\/pizbube.ch\/en\/wp-json\/wp\/v2\/product\/149558","targetHints":{"allow":["GET"]}}],"collection":[{"href":"https:\/\/pizbube.ch\/en\/wp-json\/wp\/v2\/product"}],"about":[{"href":"https:\/\/pizbube.ch\/en\/wp-json\/wp\/v2\/types\/product"}],"wp:featuredmedia":[{"embeddable":true,"href":"https:\/\/pizbube.ch\/en\/wp-json\/wp\/v2\/media\/30994"}],"wp:attachment":[{"href":"https:\/\/pizbube.ch\/en\/wp-json\/wp\/v2\/media?parent=149558"}],"wp:term":[{"taxonomy":"product_brand","embeddable":true,"href":"https:\/\/pizbube.ch\/en\/wp-json\/wp\/v2\/product_brand?post=149558"},{"taxonomy":"product_cat","embeddable":true,"href":"https:\/\/pizbube.ch\/en\/wp-json\/wp\/v2\/product_cat?post=149558"},{"taxonomy":"product_tag","embeddable":true,"href":"https:\/\/pizbube.ch\/en\/wp-json\/wp\/v2\/product_tag?post=149558"}],"curies":[{"name":"wp","href":"https:\/\/api.w.org\/{rel}","templated":true}]}}