{"id":149559,"date":"2021-01-15T11:00:00","date_gmt":"2021-01-15T11:00:00","guid":{"rendered":"https:\/\/codengine3.ch\/?product=import-placeholder-for-208301"},"modified":"2021-01-15T17:52:27","modified_gmt":"2021-01-15T17:52:27","slug":"der-see-der-seelen","status":"publish","type":"product","link":"https:\/\/pizbube.ch\/en\/shop\/der-see-der-seelen\/","title":{"rendered":"Der See der Seelen"},"content":{"rendered":"<p>Alpensage<\/p>\n<p>So sch\u00f6n die Bergwelt ist, so hart ist das Leben auf dem Hof von Niculinas<br \/>\nEltern. Morgens treibt Niculina die Gei\u00dfen auf die Weide, wo auch die<br \/>\ngleichaltrige Ladina eine Herde h\u00fctet, die von einem gemeinsamen Hof mit<br \/>\nNiculina tr\u00e4umt. Doch zum Tr\u00e4umen hat Niculina keine Zeit, abends muss sie<br \/>\nsich um die Nona, ihre Gro\u00dfmutter, k\u00fcmmern, die den Tod kommen sp\u00fcrt. Als<br \/>\nNiculina von einer geheimnisvollen H\u00f6hle im Piz Spiert im Wolfstal h\u00f6rt, in<br \/>\nder der See des Lebens versteckt ist, wei\u00df sie, was sie zu tun hat. Und ahnt<br \/>\nnicht, dass sie daf\u00fcr alle irdischen Fesseln sprengen muss.  <\/p>\n<p>Ohne Ver\u00e4nderungen, ohne den Tod gibt es kein Leben, lernt Niculina. Doch<br \/>\neinige Dinge, etwa eine Freundschaft, ein Garten voller Lupinen und das<br \/>\nunber\u00fchrte Tal, das durch einen geplanten Steinbruch bedroht wird, sollten f\u00fcr<br \/>\nimmer bleiben, wie sie sind. Und daf\u00fcr hat die Nona auch \u00fcber ihren Tod hinaus<br \/>\ngesorgt.  <\/p>","protected":false},"excerpt":{"rendered":"<p>Alpensage So sch\u00f6n die Bergwelt ist, so hart ist das Leben auf dem Hof von Niculinas Eltern. Morgens treibt Niculina die Gei\u00dfen auf die Weide, wo auch die gleichaltrige Ladina eine Herde h\u00fctet, die von einem gemeinsamen Hof mit Niculina tr\u00e4umt. Doch zum Tr\u00e4umen hat Niculina keine Zeit, abends muss sie sich um die Nona, [&#8230;]\n","protected":false},"featured_media":39922,"template":"","meta":[],"product_brand":[],"product_cat":[21629],"product_tag":[],"class_list":{"0":"post-149559","1":"product","2":"type-product","3":"status-publish","4":"has-post-thumbnail","6":"product_cat-belletristik","7":"pa_autor-krohn","8":"pa_erscheinungsjahr-21586","9":"pa_region-schweiz","10":"pa_sprache-de","12":"first","13":"instock","14":"taxable","15":"shipping-taxable","16":"purchasable","17":"product-type-simple"},"_links":{"self":[{"href":"https:\/\/pizbube.ch\/en\/wp-json\/wp\/v2\/product\/149559","targetHints":{"allow":["GET"]}}],"collection":[{"href":"https:\/\/pizbube.ch\/en\/wp-json\/wp\/v2\/product"}],"about":[{"href":"https:\/\/pizbube.ch\/en\/wp-json\/wp\/v2\/types\/product"}],"wp:featuredmedia":[{"embeddable":true,"href":"https:\/\/pizbube.ch\/en\/wp-json\/wp\/v2\/media\/39922"}],"wp:attachment":[{"href":"https:\/\/pizbube.ch\/en\/wp-json\/wp\/v2\/media?parent=149559"}],"wp:term":[{"taxonomy":"product_brand","embeddable":true,"href":"https:\/\/pizbube.ch\/en\/wp-json\/wp\/v2\/product_brand?post=149559"},{"taxonomy":"product_cat","embeddable":true,"href":"https:\/\/pizbube.ch\/en\/wp-json\/wp\/v2\/product_cat?post=149559"},{"taxonomy":"product_tag","embeddable":true,"href":"https:\/\/pizbube.ch\/en\/wp-json\/wp\/v2\/product_tag?post=149559"}],"curies":[{"name":"wp","href":"https:\/\/api.w.org\/{rel}","templated":true}]}}