{"id":149560,"date":"2021-01-15T11:00:00","date_gmt":"2021-01-15T11:00:00","guid":{"rendered":"https:\/\/codengine3.ch\/?product=import-placeholder-for-205796"},"modified":"2025-09-03T12:23:43","modified_gmt":"2025-09-03T10:23:43","slug":"piemont-nord","status":"publish","type":"product","link":"https:\/\/pizbube.ch\/en\/shop\/piemont-nord\/","title":{"rendered":"Piemont Nord"},"content":{"rendered":"<p class=\"mt-3\">45 Wanderungen und Trekkingtouren vom Monte Rosa bis zum Monviso<\/p>\n<p><span class=\"value\">Der n\u00f6rdliche Alpenteil des Piemonts, der sich zwischen dem majest\u00e4tischen Monte Rosa und dem eindrucksvollen Monviso erstreckt, ist ein wahres Paradies f\u00fcr Wanderer und Bergsteiger. In der wildromantischen Bergwelt rund um die Provinzhauptstadt Turin warten hohe Gipfel, klare Bergseen und eine Urspr\u00fcnglichkeit, die noch als echter Geheimtipp gilt. Der Rother Wanderf\u00fchrer \u00bbPiemont Nord\u00ab pr\u00e4sentiert 45 ausgew\u00e4hlte Touren durch die italienischen Westalpen \u2013 von genussvollen Wanderungen bis zu mehrt\u00e4gigen Trekking-Abenteuern.<\/span><\/p>\n<p>Der Norden des Piemont bietet Vielfalt pur: Von den Walliser Alpen und dem charmanten Valsesia bis zur Provinz Biellese am Fu\u00dfe des Monte Rosa-Massivs, von den stillen Grajischen Alpen mit ihren Canavese-, Lanzo- und Susa-T\u00e4lern bis hin zu den abgelegenen Cottischen Alpen mit Val Chisone, Val Germanasca und Val Pellice \u2013 jede Tour offenbart das wilde und urspr\u00fcngliche Piemont von seiner besten Seite.<\/p>\n<p>Eingebettet in die rauen Berge des Piemont finden sich abgeschiedene D\u00f6rfer und Almen, die von Bergbauern traditionell bewirtschaftet werden. Zwischen urigen Steinh\u00e4usern scheint die Zeit stillzustehen, und doch findet sich auch hier oben der Genuss: Als Wiege der Slow-Food-Bewegung bietet das Piemont au\u00dfergew\u00f6hnliche Kulinarik, die selbst in Bergh\u00fctten den Wanderern besondere Gaumenfreuden bereitet.<\/p>\n<p>Von leichten Tageswanderungen bis hin zu zahlreichen abenteuerlichen Mehrtagestouren f\u00fcr erfahrene Bergsteiger enth\u00e4lt dieser Wanderf\u00fchrer Touren f\u00fcr jedes Level. Die zuverl\u00e4ssigen Beschreibungen, genauen Wanderk\u00e4rtchen, aussagekr\u00e4ftigen H\u00f6henprofile und gepr\u00fcften GPS-Tracks sorgen f\u00fcr optimale Orientierung. Tipps zu Gastronomie und Unterk\u00fcnften runden das Angebot ab und machen jede Wanderung im Piemont unvergesslich.<\/p>\n<p>4. Auflage 2025<br \/>\n200 Seiten mit 109 Farbabbildungen<br \/>\n45 H\u00f6henprofile, 56 Wanderk\u00e4rtchen im Ma\u00dfstab 1:25.000 bis 1:200.000, zwei \u00dcbersichtskarten<\/p>","protected":false},"excerpt":{"rendered":"<p>45 Wanderungen und Trekkingtouren vom Monte Rosa bis zum Monviso Der n\u00f6rdliche Alpenteil des Piemonts, der sich zwischen dem majest\u00e4tischen Monte Rosa und dem eindrucksvollen Monviso erstreckt, ist ein wahres Paradies f\u00fcr Wanderer und Bergsteiger. In der wildromantischen Bergwelt rund um die Provinzhauptstadt Turin warten hohe Gipfel, klare Bergseen und eine Urspr\u00fcnglichkeit, die noch als [&#8230;]\n","protected":false},"featured_media":181194,"template":"","meta":[],"product_brand":[],"product_cat":[21605],"product_tag":[],"class_list":{"0":"post-149560","1":"product","2":"type-product","3":"status-publish","4":"has-post-thumbnail","6":"product_cat-wanderfuehrer-trekking","7":"pa_autor-kuerschner","8":"pa_erscheinungsjahr-27415","9":"pa_region-italien","10":"pa_sprache-de","12":"first","13":"instock","14":"taxable","15":"shipping-taxable","16":"purchasable","17":"product-type-simple"},"_links":{"self":[{"href":"https:\/\/pizbube.ch\/en\/wp-json\/wp\/v2\/product\/149560","targetHints":{"allow":["GET"]}}],"collection":[{"href":"https:\/\/pizbube.ch\/en\/wp-json\/wp\/v2\/product"}],"about":[{"href":"https:\/\/pizbube.ch\/en\/wp-json\/wp\/v2\/types\/product"}],"wp:featuredmedia":[{"embeddable":true,"href":"https:\/\/pizbube.ch\/en\/wp-json\/wp\/v2\/media\/181194"}],"wp:attachment":[{"href":"https:\/\/pizbube.ch\/en\/wp-json\/wp\/v2\/media?parent=149560"}],"wp:term":[{"taxonomy":"product_brand","embeddable":true,"href":"https:\/\/pizbube.ch\/en\/wp-json\/wp\/v2\/product_brand?post=149560"},{"taxonomy":"product_cat","embeddable":true,"href":"https:\/\/pizbube.ch\/en\/wp-json\/wp\/v2\/product_cat?post=149560"},{"taxonomy":"product_tag","embeddable":true,"href":"https:\/\/pizbube.ch\/en\/wp-json\/wp\/v2\/product_tag?post=149560"}],"curies":[{"name":"wp","href":"https:\/\/api.w.org\/{rel}","templated":true}]}}