{"id":149561,"date":"2021-01-15T11:00:01","date_gmt":"2021-01-15T11:00:01","guid":{"rendered":"https:\/\/codengine3.ch\/?product=import-placeholder-for-208805"},"modified":"2021-01-15T17:58:01","modified_gmt":"2021-01-15T17:58:01","slug":"klettersteig-gehen","status":"publish","type":"product","link":"https:\/\/pizbube.ch\/en\/shop\/klettersteig-gehen\/","title":{"rendered":"Klettersteig gehen"},"content":{"rendered":"<p>Ausr\u00fcstung und Technik, Tourenplanung, Sicherheit<\/p>\n<p>Klettersteiggehen boomt und ist beliebt wie nie zuvor. Kein Wunder, denn durch<br \/>\nden Einbau k\u00fcnstlicher Tritte und Griffe und der Anbringung eines Stahlseils<br \/>\nals permanente Sicherung erm\u00f6glichen Klettersteige einem gro\u00dfen Personenkreis<br \/>\nohne allzu gro\u00dfe Vorkenntnisse einzigartige Bergerlebnisse in vergleichsweise<br \/>\nextremen Gel\u00e4nde. Doch auch bei dieser Spielform des Alpinismus gilt es,<br \/>\ngrundlegende Dinge zu ber\u00fccksichtigen, damit Gefahren vorgebeugt und Unf\u00e4lle<br \/>\nvermieden werden k\u00f6nnen. Dieser dritte Band der AllMountain Guide-Reihe<br \/>\nliefert alles Wissenswerte, um das Klettern in den &#171;Vie Ferrate&#187; (Eisenwege)<br \/>\nzum sicheren und unvergesslichen Erlebnis zu machen.<\/p>\n<p>Ein unverzichtbarer Ratgeber und ein Nachschlagewerk f\u00fcr alle, die sch\u00f6ne<br \/>\nStunden in einer unvergesslichen Bergwelt erleben m\u00f6chten: . alle<br \/>\nKlettersteigtypen und Klettersteigregeln. die richtige Ausr\u00fcstung:<br \/>\nKlettersteigset und Klettersteiggurt, Helm, Bekleidung, Notfallequipment .<br \/>\nSeiltechnik. Wetterkunde Geballtes Expertenwissen f\u00fcr Einsteiger und erfahrene<br \/>\nKlettersteiggeher.<\/p>","protected":false},"excerpt":{"rendered":"<p>Ausr\u00fcstung und Technik, Tourenplanung, Sicherheit Klettersteiggehen boomt und ist beliebt wie nie zuvor. Kein Wunder, denn durch den Einbau k\u00fcnstlicher Tritte und Griffe und der Anbringung eines Stahlseils als permanente Sicherung erm\u00f6glichen Klettersteige einem gro\u00dfen Personenkreis ohne allzu gro\u00dfe Vorkenntnisse einzigartige Bergerlebnisse in vergleichsweise extremen Gel\u00e4nde. Doch auch bei dieser Spielform des Alpinismus gilt es, [&#8230;]\n","protected":false},"featured_media":41396,"template":"","meta":[],"product_brand":[],"product_cat":[21538],"product_tag":[],"class_list":{"0":"post-149561","1":"product","2":"type-product","3":"status-publish","4":"has-post-thumbnail","6":"product_cat-lehrbuecher","7":"pa_erscheinungsjahr-21550","8":"pa_region-alpin-sommer","9":"pa_sprache-de","11":"first","12":"instock","13":"taxable","14":"shipping-taxable","15":"purchasable","16":"product-type-simple"},"_links":{"self":[{"href":"https:\/\/pizbube.ch\/en\/wp-json\/wp\/v2\/product\/149561","targetHints":{"allow":["GET"]}}],"collection":[{"href":"https:\/\/pizbube.ch\/en\/wp-json\/wp\/v2\/product"}],"about":[{"href":"https:\/\/pizbube.ch\/en\/wp-json\/wp\/v2\/types\/product"}],"wp:featuredmedia":[{"embeddable":true,"href":"https:\/\/pizbube.ch\/en\/wp-json\/wp\/v2\/media\/41396"}],"wp:attachment":[{"href":"https:\/\/pizbube.ch\/en\/wp-json\/wp\/v2\/media?parent=149561"}],"wp:term":[{"taxonomy":"product_brand","embeddable":true,"href":"https:\/\/pizbube.ch\/en\/wp-json\/wp\/v2\/product_brand?post=149561"},{"taxonomy":"product_cat","embeddable":true,"href":"https:\/\/pizbube.ch\/en\/wp-json\/wp\/v2\/product_cat?post=149561"},{"taxonomy":"product_tag","embeddable":true,"href":"https:\/\/pizbube.ch\/en\/wp-json\/wp\/v2\/product_tag?post=149561"}],"curies":[{"name":"wp","href":"https:\/\/api.w.org\/{rel}","templated":true}]}}