{"id":149562,"date":"2021-01-15T11:00:01","date_gmt":"2021-01-15T11:00:01","guid":{"rendered":"https:\/\/codengine3.ch\/?product=import-placeholder-for-204008"},"modified":"2022-11-05T10:00:17","modified_gmt":"2022-11-05T09:00:17","slug":"globis-alpenreise-band-74","status":"publish","type":"product","link":"https:\/\/pizbube.ch\/en\/shop\/globis-alpenreise-band-74\/","title":{"rendered":"Globis Alpenreise Band 74"},"content":{"rendered":"<p>Neugierig und abenteuerlustig macht sich Globi auf eine grosse Alpenreise. Er<br \/>\ndurchquert 5 L\u00e4nder<br \/>\nund erlebt wieder viel globim\u00e4ssiges.<br \/>\nAm Ende seiner grossen Tour ist er nicht ungl\u00fccklich, als er das Meer glitzern<br \/>\nsieht.<br \/>\nEin unterhaltsames, lustiges, vielseitiges neues Globi-Abenteuer f\u00fcr Kinder ab<br \/>\n4 Jahren.<\/p>","protected":false},"excerpt":{"rendered":"<p>Neugierig und abenteuerlustig macht sich Globi auf eine grosse Alpenreise. Er durchquert 5 L\u00e4nder und erlebt wieder viel globim\u00e4ssiges. Am Ende seiner grossen Tour ist er nicht ungl\u00fccklich, als er das Meer glitzern sieht. Ein unterhaltsames, lustiges, vielseitiges neues Globi-Abenteuer f\u00fcr Kinder ab 4 Jahren.<\/p>","protected":false},"featured_media":31739,"template":"","meta":[],"product_brand":[],"product_cat":[21629],"product_tag":[26864,26863],"class_list":{"0":"post-149562","1":"product","2":"type-product","3":"status-publish","4":"has-post-thumbnail","6":"product_cat-belletristik","7":"product_tag-kinderbuch","8":"product_tag-kinderbuecher","9":"pa_autor-schuler","10":"pa_erscheinungsjahr-21693","11":"pa_region-schweiz","12":"pa_sprache-de","14":"first","15":"instock","16":"taxable","17":"shipping-taxable","18":"purchasable","19":"product-type-simple"},"_links":{"self":[{"href":"https:\/\/pizbube.ch\/en\/wp-json\/wp\/v2\/product\/149562","targetHints":{"allow":["GET"]}}],"collection":[{"href":"https:\/\/pizbube.ch\/en\/wp-json\/wp\/v2\/product"}],"about":[{"href":"https:\/\/pizbube.ch\/en\/wp-json\/wp\/v2\/types\/product"}],"wp:featuredmedia":[{"embeddable":true,"href":"https:\/\/pizbube.ch\/en\/wp-json\/wp\/v2\/media\/31739"}],"wp:attachment":[{"href":"https:\/\/pizbube.ch\/en\/wp-json\/wp\/v2\/media?parent=149562"}],"wp:term":[{"taxonomy":"product_brand","embeddable":true,"href":"https:\/\/pizbube.ch\/en\/wp-json\/wp\/v2\/product_brand?post=149562"},{"taxonomy":"product_cat","embeddable":true,"href":"https:\/\/pizbube.ch\/en\/wp-json\/wp\/v2\/product_cat?post=149562"},{"taxonomy":"product_tag","embeddable":true,"href":"https:\/\/pizbube.ch\/en\/wp-json\/wp\/v2\/product_tag?post=149562"}],"curies":[{"name":"wp","href":"https:\/\/api.w.org\/{rel}","templated":true}]}}