{"id":149563,"date":"2021-01-15T11:00:01","date_gmt":"2021-01-15T11:00:01","guid":{"rendered":"https:\/\/codengine3.ch\/?product=import-placeholder-for-200704"},"modified":"2021-01-15T11:00:06","modified_gmt":"2021-01-15T11:00:06","slug":"wander-abc-schweiz","status":"publish","type":"product","link":"https:\/\/pizbube.ch\/en\/shop\/wander-abc-schweiz\/","title":{"rendered":"Wander ABC Schweiz"},"content":{"rendered":"<p>Von A wie Abenteuer bis Z wie Zahnradbahn<\/p>\n<p>Das Wander ABC: 26-mal quer durch die Wanderwelt<\/p>\n<p>Peter Krebs pr\u00e4sentiert ein aussergew\u00f6hnliches Buch zum Thema Wandern. In der<br \/>\nForm eines ABC bietet es in 26 Kapiteln von A bis Z eine grosse und<br \/>\nunterhaltsame Sammlung von Wissen und Wissenswertem \u00fcber das Gehen und \u00fcber<br \/>\nGehhilfen, \u00fcber die Schweiz und alles, was dazugeh\u00f6rt. Es ist ein<br \/>\nNachschlagwerk mit vielen Vorschl\u00e4gen. Ein Buch zum Schm\u00f6kern, Vorlesen,<br \/>\nSchenken und Schmunzeln. Wer es gelesen hat, sieht das Wandern mit andern<br \/>\nAugen.<\/p>\n<p>F\u00fcr den Autor ist es mehr als eine sympathische Freizeitbesch\u00e4ftigung: Es ist<br \/>\neine Lebensweise, ein Kulturgut mit grosser Vergangenheit und Zukunft, sogar<br \/>\neine politische T\u00e4tigkeit.Peter Krebs weiss, worauf es beim Wandern ankommt,<br \/>\nwas Freude schafft und was sie verg\u00e4llt. Er beleuchtet Gegen- und Zust\u00e4nde,<br \/>\ndie beim Gehen in der Schweiz und anderswo im Mittelpunkt stehen: den<br \/>\nCervelat, die Beschaffenheit der Wege, die Wanderh\u00fcte oder das Barf\u00fcssertum.<br \/>\nDie Leserinnen und Leser erfahren, wie Guillaume-Henri Dufour die Schweiz<br \/>\nrettete und gleichzeitig ein Kartenwerk schuf, das weltweit Massst\u00e4be setzte<br \/>\noder wie der Wanderstock verschwand und Jahre sp\u00e4ter als Doppelstock wieder<br \/>\nauferstand.<\/p>\n<p>Das reich bebilderte Buch enth\u00e4lt zudem eine Sammlung der sch\u00f6nsten<br \/>\nWanderungen in der Schweiz, die der Autor in seiner langj\u00e4hrigen T\u00e4tigkeit als<br \/>\nReisejournalist unternahm, beschrieb und fotografierte. Es sind 26 zum Teil<br \/>\nwenig bekannte aber \u00e4usserst attraktive, mit \u00fcbersichtlichen Karten<br \/>\nillustrierte Routen aus allen Regionen der Schweiz.Das Buch richtet sich an<br \/>\nalle, die am Wandern erstens Spass haben und es zweitens ernst nehmen. Es ist<br \/>\nf\u00fcr einheimische und ortsfremde Wanderer geschaffen, die gerne Neues entdecken<br \/>\nund die dabei auf unterhaltsame Art Spannendes \u00fcber Gott und die Welt sowie<br \/>\ndie Schweiz und ihre Geschichte erfahren wollen.<\/p>\n<p>208 Seiten, 150 Abb. ein- und vierfarbig; Hardcover<\/p>","protected":false},"excerpt":{"rendered":"<p>Von A wie Abenteuer bis Z wie Zahnradbahn Das Wander ABC: 26-mal quer durch die Wanderwelt Peter Krebs pr\u00e4sentiert ein aussergew\u00f6hnliches Buch zum Thema Wandern. In der Form eines ABC bietet es in 26 Kapiteln von A bis Z eine grosse und unterhaltsame Sammlung von Wissen und Wissenswertem \u00fcber das Gehen und \u00fcber Gehhilfen, \u00fcber [&#8230;]\n","protected":false},"featured_media":27686,"template":"","meta":[],"product_brand":[],"product_cat":[21605],"product_tag":[],"class_list":{"0":"post-149563","1":"product","2":"type-product","3":"status-publish","4":"has-post-thumbnail","6":"product_cat-wanderfuehrer-trekking","7":"pa_autor-krebs","8":"pa_erscheinungsjahr-21597","9":"pa_region-schweiz","10":"pa_sprache-de","12":"first","13":"instock","14":"taxable","15":"shipping-taxable","16":"purchasable","17":"product-type-simple"},"_links":{"self":[{"href":"https:\/\/pizbube.ch\/en\/wp-json\/wp\/v2\/product\/149563","targetHints":{"allow":["GET"]}}],"collection":[{"href":"https:\/\/pizbube.ch\/en\/wp-json\/wp\/v2\/product"}],"about":[{"href":"https:\/\/pizbube.ch\/en\/wp-json\/wp\/v2\/types\/product"}],"wp:featuredmedia":[{"embeddable":true,"href":"https:\/\/pizbube.ch\/en\/wp-json\/wp\/v2\/media\/27686"}],"wp:attachment":[{"href":"https:\/\/pizbube.ch\/en\/wp-json\/wp\/v2\/media?parent=149563"}],"wp:term":[{"taxonomy":"product_brand","embeddable":true,"href":"https:\/\/pizbube.ch\/en\/wp-json\/wp\/v2\/product_brand?post=149563"},{"taxonomy":"product_cat","embeddable":true,"href":"https:\/\/pizbube.ch\/en\/wp-json\/wp\/v2\/product_cat?post=149563"},{"taxonomy":"product_tag","embeddable":true,"href":"https:\/\/pizbube.ch\/en\/wp-json\/wp\/v2\/product_tag?post=149563"}],"curies":[{"name":"wp","href":"https:\/\/api.w.org\/{rel}","templated":true}]}}