{"id":149564,"date":"2021-01-15T11:00:01","date_gmt":"2021-01-15T11:00:01","guid":{"rendered":"https:\/\/codengine3.ch\/?product=import-placeholder-for-206054"},"modified":"2021-01-15T14:46:01","modified_gmt":"2021-01-15T14:46:01","slug":"zu-fuss-die-verschwundene-seilbahn-in-52-wanderungen-durchs-jahr","status":"publish","type":"product","link":"https:\/\/pizbube.ch\/en\/shop\/zu-fuss-die-verschwundene-seilbahn-in-52-wanderungen-durchs-jahr\/","title":{"rendered":"Zu Fuss &#8211; Die verschwundene Seilbahn &#8211; In 52 Wanderungen durchs Jahr"},"content":{"rendered":"<p>Zu Fuss: Die verschwundene Seilbahn. In 52 Wanderungen durchs Jahr.  <\/p>\n<p>Der &#8218;Spiegel&#8216; bezeichnete ihn als Schweizer &#8218;Wanderpapst&#8216;. Seine<br \/>\ndonnerst\u00e4gliche &#8218;Zu Fuss&#8216;-Kolumne im Z\u00fcrcher &#8218;Tages-Anzeiger&#8216; und Berner<br \/>\n&#8218;Bund&#8216; hat eine riesige Fangemeinde. Nun legt Thomas Widmer nach.<br \/>\nSein dritter Sammelband enth\u00e4lt wieder 52 Routen durchs ganze Jahr und alle<br \/>\nRegionen des Landes \u2013 mit Fotografien von Tobias Mad\u00f6rin. Ein vielf\u00e4ltiges<br \/>\nGehprogramm erw\u00e4chst daraus: Berge, P\u00e4sse, Schluchten, Flusslandschaften, aber<br \/>\nauch pr\u00e4historische H\u00f6hlen, exquisite Schl\u00f6sser und einsame Kapellen werden<br \/>\nerwandert. Und Restaurants, denn als ausgesprochener Gern-Esser nimmt Widmer<br \/>\njede Gelegenheit zur Einkehr wahr.<br \/>\nGebunden, 192 Seiten, mit 52 Karten im Massstab 1:50&#8217;000  <\/p>","protected":false},"excerpt":{"rendered":"<p>Zu Fuss: Die verschwundene Seilbahn. In 52 Wanderungen durchs Jahr. Der &#8218;Spiegel&#8216; bezeichnete ihn als Schweizer &#8218;Wanderpapst&#8216;. Seine donnerst\u00e4gliche &#8218;Zu Fuss&#8216;-Kolumne im Z\u00fcrcher &#8218;Tages-Anzeiger&#8216; und Berner &#8218;Bund&#8216; hat eine riesige Fangemeinde. Nun legt Thomas Widmer nach. Sein dritter Sammelband enth\u00e4lt wieder 52 Routen durchs ganze Jahr und alle Regionen des Landes \u2013 mit Fotografien von [&#8230;]\n","protected":false},"featured_media":34949,"template":"","meta":[],"product_brand":[],"product_cat":[21605],"product_tag":[],"class_list":{"0":"post-149564","1":"product","2":"type-product","3":"status-publish","4":"has-post-thumbnail","6":"product_cat-wanderfuehrer-trekking","7":"pa_autor-widmer","8":"pa_erscheinungsjahr-21830","9":"pa_region-schweiz","10":"pa_sprache-de","12":"first","13":"instock","14":"taxable","15":"shipping-taxable","16":"purchasable","17":"product-type-simple"},"_links":{"self":[{"href":"https:\/\/pizbube.ch\/en\/wp-json\/wp\/v2\/product\/149564","targetHints":{"allow":["GET"]}}],"collection":[{"href":"https:\/\/pizbube.ch\/en\/wp-json\/wp\/v2\/product"}],"about":[{"href":"https:\/\/pizbube.ch\/en\/wp-json\/wp\/v2\/types\/product"}],"wp:featuredmedia":[{"embeddable":true,"href":"https:\/\/pizbube.ch\/en\/wp-json\/wp\/v2\/media\/34949"}],"wp:attachment":[{"href":"https:\/\/pizbube.ch\/en\/wp-json\/wp\/v2\/media?parent=149564"}],"wp:term":[{"taxonomy":"product_brand","embeddable":true,"href":"https:\/\/pizbube.ch\/en\/wp-json\/wp\/v2\/product_brand?post=149564"},{"taxonomy":"product_cat","embeddable":true,"href":"https:\/\/pizbube.ch\/en\/wp-json\/wp\/v2\/product_cat?post=149564"},{"taxonomy":"product_tag","embeddable":true,"href":"https:\/\/pizbube.ch\/en\/wp-json\/wp\/v2\/product_tag?post=149564"}],"curies":[{"name":"wp","href":"https:\/\/api.w.org\/{rel}","templated":true}]}}