{"id":149565,"date":"2021-01-15T11:00:01","date_gmt":"2021-01-15T11:00:01","guid":{"rendered":"https:\/\/codengine3.ch\/?product=import-placeholder-for-208518"},"modified":"2021-01-15T17:54:52","modified_gmt":"2021-01-15T17:54:52","slug":"lust-auf-wandern-band-2","status":"publish","type":"product","link":"https:\/\/pizbube.ch\/en\/shop\/lust-auf-wandern-band-2\/","title":{"rendered":"Lust auf Wandern Band 2"},"content":{"rendered":"<p>Der zweite Band des Bestsellers: neue Routen zu den sch\u00f6nsten Zielen in den<br \/>\nBergen und im Flachland.  <\/p>\n<p>Die neuen Reportagen aus den sch\u00f6nsten Wandergebieten der Schweiz sind pure<br \/>\nInspiration. Jedes Wandergebiet wird, auf die vorgeschlagene Jahreszeit<br \/>\nbezogen, in Text und Bild vorgestellt. Idyllische Wandertouren \u2013 von einfach<br \/>\nbis anspruchsvoll \u2013 sind detailliert beschrieben.  <\/p>\n<p>15 ausgew\u00e4hlte Ausgangsorte f\u00fchren zu atemberaubenden Pl\u00e4tzen und auf dem Weg<br \/>\ndorthin zeigt sich die Natur von ihrer besten Seite. Ob in Schnee geh\u00fcllte<br \/>\nBerge oder in saftiges Gr\u00fcn gekleidete Wiesen: Das neue LandLiebe- Wanderbuch<br \/>\nmacht noch mehr Lust auf Wandern an malerischen Orten \u2013 praktisch sind die<br \/>\nkleinen Wanderguides f\u00fcr unterwegs.<br \/>\nFester Einband; 224 Seiten  <\/p>","protected":false},"excerpt":{"rendered":"<p>Der zweite Band des Bestsellers: neue Routen zu den sch\u00f6nsten Zielen in den Bergen und im Flachland. Die neuen Reportagen aus den sch\u00f6nsten Wandergebieten der Schweiz sind pure Inspiration. Jedes Wandergebiet wird, auf die vorgeschlagene Jahreszeit bezogen, in Text und Bild vorgestellt. Idyllische Wandertouren \u2013 von einfach bis anspruchsvoll \u2013 sind detailliert beschrieben. 15 ausgew\u00e4hlte [&#8230;]\n","protected":false},"featured_media":40433,"template":"","meta":[],"product_brand":[],"product_cat":[21605],"product_tag":[],"class_list":{"0":"post-149565","1":"product","2":"type-product","3":"status-publish","4":"has-post-thumbnail","6":"product_cat-wanderfuehrer-trekking","7":"pa_autor-knecht-senf","8":"pa_erscheinungsjahr-21586","9":"pa_region-schweiz","10":"pa_sprache-de","12":"first","13":"instock","14":"taxable","15":"shipping-taxable","16":"purchasable","17":"product-type-simple"},"_links":{"self":[{"href":"https:\/\/pizbube.ch\/en\/wp-json\/wp\/v2\/product\/149565","targetHints":{"allow":["GET"]}}],"collection":[{"href":"https:\/\/pizbube.ch\/en\/wp-json\/wp\/v2\/product"}],"about":[{"href":"https:\/\/pizbube.ch\/en\/wp-json\/wp\/v2\/types\/product"}],"wp:featuredmedia":[{"embeddable":true,"href":"https:\/\/pizbube.ch\/en\/wp-json\/wp\/v2\/media\/40433"}],"wp:attachment":[{"href":"https:\/\/pizbube.ch\/en\/wp-json\/wp\/v2\/media?parent=149565"}],"wp:term":[{"taxonomy":"product_brand","embeddable":true,"href":"https:\/\/pizbube.ch\/en\/wp-json\/wp\/v2\/product_brand?post=149565"},{"taxonomy":"product_cat","embeddable":true,"href":"https:\/\/pizbube.ch\/en\/wp-json\/wp\/v2\/product_cat?post=149565"},{"taxonomy":"product_tag","embeddable":true,"href":"https:\/\/pizbube.ch\/en\/wp-json\/wp\/v2\/product_tag?post=149565"}],"curies":[{"name":"wp","href":"https:\/\/api.w.org\/{rel}","templated":true}]}}