{"id":149566,"date":"2021-01-15T11:00:01","date_gmt":"2021-01-15T11:00:01","guid":{"rendered":"https:\/\/codengine3.ch\/?product=import-placeholder-for-206986"},"modified":"2026-01-26T11:17:42","modified_gmt":"2026-01-26T10:17:42","slug":"freeride-map-italy-monte-rosa","status":"publish","type":"product","link":"https:\/\/pizbube.ch\/en\/shop\/freeride-map-italy-monte-rosa\/","title":{"rendered":"FREERIDE MAP Italy: Monte Rosa"},"content":{"rendered":"<p>Gressoney \/ Alagna \/ Val d&#8217;Ayas<br \/>\nDie Freeride Map basiert auf der Schweizer Landeskarte im Massstab 1:25&#8217;000<br \/>\nund bietet alle n\u00f6tigen Gel\u00e4ndeinformationen, die f\u00fcr die Planung und<br \/>\nUmsetzung von Freeride-Touren erforderlich sind. Die Freeride Map ist auf<br \/>\nwasser- und reissfester Folie gedruckt und dadurch praktisch unzerst\u00f6rbar.<\/p>\n<p>Die farblich gekennzeichneten Freeride-Korridore zeigen die Bereiche, welche<br \/>\nbefahren werden k\u00f6nnen. Sie sind in drei Schwierigkeitsstufen dargestellt.<\/p>\n<p>insiderwissen &#8211; alle rides auf einer karte<br \/>\ndetailliert &#8211; massstab 1:25 000 liefert alle infos<br \/>\n\u00fcbersichtlich &#8211; drei schwierigkeitsgrade in drei farben<br \/>\nunzerst\u00f6rbar &#8211; gedruckt auf reiss- und wasserfestes papier<br \/>\nkomplett &#8211; basiswissen routenplanung, lawinenpr\u00e4vention und rettung auf der<br \/>\nr\u00fcckseite<\/p>\n<p>The Freeride Map is based on the maps of the Swiss Office of Topography on a<br \/>\nscale of 1:25&#8217;000. It contains all essential information about the terrain<br \/>\nthat you will need for planning and going freeriding.<\/p>\n<p>The colour-coded freeride corridors show the areas where freeriding is<br \/>\npossible. They are classified into three levels of difficulty.<\/p>","protected":false},"excerpt":{"rendered":"<p>Gressoney \/ Alagna \/ Val d&#8217;Ayas Die Freeride Map basiert auf der Schweizer Landeskarte im Massstab 1:25&#8217;000 und bietet alle n\u00f6tigen Gel\u00e4ndeinformationen, die f\u00fcr die Planung und Umsetzung von Freeride-Touren erforderlich sind. Die Freeride Map ist auf wasser- und reissfester Folie gedruckt und dadurch praktisch unzerst\u00f6rbar. Die farblich gekennzeichneten Freeride-Korridore zeigen die Bereiche, welche befahren [&#8230;]\n","protected":false},"featured_media":36554,"template":"","meta":[],"product_brand":[],"product_cat":[21543],"product_tag":[],"class_list":{"0":"post-149566","1":"product","2":"type-product","3":"status-publish","4":"has-post-thumbnail","6":"product_cat-landkarten","7":"pa_autor-frm","8":"pa_erscheinungsjahr-21621","9":"pa_region-italien","10":"pa_sprache-e","11":"pa_sprache-i","13":"first","14":"outofstock","15":"taxable","16":"shipping-taxable","17":"purchasable","18":"product-type-simple"},"_links":{"self":[{"href":"https:\/\/pizbube.ch\/en\/wp-json\/wp\/v2\/product\/149566","targetHints":{"allow":["GET"]}}],"collection":[{"href":"https:\/\/pizbube.ch\/en\/wp-json\/wp\/v2\/product"}],"about":[{"href":"https:\/\/pizbube.ch\/en\/wp-json\/wp\/v2\/types\/product"}],"wp:featuredmedia":[{"embeddable":true,"href":"https:\/\/pizbube.ch\/en\/wp-json\/wp\/v2\/media\/36554"}],"wp:attachment":[{"href":"https:\/\/pizbube.ch\/en\/wp-json\/wp\/v2\/media?parent=149566"}],"wp:term":[{"taxonomy":"product_brand","embeddable":true,"href":"https:\/\/pizbube.ch\/en\/wp-json\/wp\/v2\/product_brand?post=149566"},{"taxonomy":"product_cat","embeddable":true,"href":"https:\/\/pizbube.ch\/en\/wp-json\/wp\/v2\/product_cat?post=149566"},{"taxonomy":"product_tag","embeddable":true,"href":"https:\/\/pizbube.ch\/en\/wp-json\/wp\/v2\/product_tag?post=149566"}],"curies":[{"name":"wp","href":"https:\/\/api.w.org\/{rel}","templated":true}]}}