{"id":149568,"date":"2021-01-15T11:00:01","date_gmt":"2021-01-15T11:00:01","guid":{"rendered":"https:\/\/codengine3.ch\/?product=import-placeholder-for-206886"},"modified":"2021-01-15T14:52:59","modified_gmt":"2021-01-15T14:52:59","slug":"cervino-monte-rosa-150000","status":"publish","type":"product","link":"https:\/\/pizbube.ch\/en\/shop\/cervino-monte-rosa-150000\/","title":{"rendered":"Cervino &#8211; Monte Rosa 1:50&#8217;000"},"content":{"rendered":"<p>Blatt 1-50<br \/>\nCarta escursionistica di Valtournenche, Val d&#8217;Ayas e Valle del Lys, con guida<br \/>\nai trekking I sentieri del Lys, Tour des Six, Monte Rosa Rand\u00f2 e Mont Avic<br \/>\nRand\u00f2.<\/p>\n<p>Questi percorsi si snodano fra natura e cultura dai vigneti e i castelli della<br \/>\nbassa Valle ai piedi dei ghiacciai del Monte Rosa attraverso l\u2019incredibile<br \/>\npaesaggio terrazzato della media montagna, la cultura Walser dell\u2019Alta Valle<br \/>\ndel Lys, le tradizioni secolari e la bellezza bucolica della Valle d\u2019Ayas, la<br \/>\nnatura incontaminata del Parco Regionale del Mont Avic e gli splendidi<br \/>\nvillaggi di montagna in cui agricoltura e allevamento mantengono il paesaggio<br \/>\ne producono cibo di altissima qualit\u00e0. Ci\u00f2 che rende unici questi trekking \u00e8<br \/>\nla possibilit\u00e0 di raggiungere le partenze attraverso la mobilit\u00e0 sostenibile<br \/>\ndi treni ed autobus e, per alcuni, del servizio di trasporto bagagli durante i<br \/>\ncammini, ma soprattutto l\u2019accoglienza delle strutture ricettive e delle<br \/>\npersone che vivono il territorio con passione per il buon cibo e l\u2019ospitalit\u00e0.<\/p>","protected":false},"excerpt":{"rendered":"<p>Blatt 1-50 Carta escursionistica di Valtournenche, Val d&#8217;Ayas e Valle del Lys, con guida ai trekking I sentieri del Lys, Tour des Six, Monte Rosa Rand\u00f2 e Mont Avic Rand\u00f2. Questi percorsi si snodano fra natura e cultura dai vigneti e i castelli della bassa Valle ai piedi dei ghiacciai del Monte Rosa attraverso l\u2019incredibile [&#8230;]\n","protected":false},"featured_media":36345,"template":"","meta":[],"product_brand":[],"product_cat":[21543],"product_tag":[],"class_list":{"0":"post-149568","1":"product","2":"type-product","3":"status-publish","4":"has-post-thumbnail","6":"product_cat-landkarten","7":"pa_autor-escursionista","8":"pa_erscheinungsjahr-21571","9":"pa_region-italien","10":"pa_sprache-it-de-en","12":"first","13":"instock","14":"taxable","15":"shipping-taxable","16":"purchasable","17":"product-type-simple"},"_links":{"self":[{"href":"https:\/\/pizbube.ch\/en\/wp-json\/wp\/v2\/product\/149568","targetHints":{"allow":["GET"]}}],"collection":[{"href":"https:\/\/pizbube.ch\/en\/wp-json\/wp\/v2\/product"}],"about":[{"href":"https:\/\/pizbube.ch\/en\/wp-json\/wp\/v2\/types\/product"}],"wp:featuredmedia":[{"embeddable":true,"href":"https:\/\/pizbube.ch\/en\/wp-json\/wp\/v2\/media\/36345"}],"wp:attachment":[{"href":"https:\/\/pizbube.ch\/en\/wp-json\/wp\/v2\/media?parent=149568"}],"wp:term":[{"taxonomy":"product_brand","embeddable":true,"href":"https:\/\/pizbube.ch\/en\/wp-json\/wp\/v2\/product_brand?post=149568"},{"taxonomy":"product_cat","embeddable":true,"href":"https:\/\/pizbube.ch\/en\/wp-json\/wp\/v2\/product_cat?post=149568"},{"taxonomy":"product_tag","embeddable":true,"href":"https:\/\/pizbube.ch\/en\/wp-json\/wp\/v2\/product_tag?post=149568"}],"curies":[{"name":"wp","href":"https:\/\/api.w.org\/{rel}","templated":true}]}}