{"id":149570,"date":"2021-01-15T11:00:01","date_gmt":"2021-01-15T11:00:01","guid":{"rendered":"https:\/\/codengine3.ch\/?product=import-placeholder-for-206465"},"modified":"2021-01-15T14:49:08","modified_gmt":"2021-01-15T14:49:08","slug":"gipfelquartett","status":"publish","type":"product","link":"https:\/\/pizbube.ch\/en\/shop\/gipfelquartett\/","title":{"rendered":"Gipfelquartett"},"content":{"rendered":"<p>Das Gipfelquartett \u00fcberrascht mit einer originellen Auswahl, interessanten<br \/>\nInformationen und nicht zuletzt mit fantastischem Bildmaterial, welches die<br \/>\nSch\u00f6nheit der Schweizer Alpen auf die Gr\u00f6sse eines Kartenspiels komprimiert.<br \/>\nWer das H\u00fcttenquartett mochte, wird das Gipfelquartett lieben.  <\/p>\n<p>Das Gipfelquartett umfasst 33 Blatt, davon sind 32 Bildkarten, mit jeweils<br \/>\neinem exklusiven Bildmotiv sowie den wesentlichen Kennzahlen der abgebildeten<br \/>\nGipfel. Die 33. Karte enth\u00e4lt vorder- und r\u00fcckseitig die Spielanleitung und<br \/>\neine kurze Legende zu den Kennzahlen.<\/p>\n<p>Der Kartenstapel ist eingefasst in eine schmuck gestaltete Spielkartonbox, die<br \/>\neinen gut gesch\u00fctzten Transport erm\u00f6glicht. Karten aus Spielkartenkarton<br \/>\n300gr\/m2, beidseitig lackiert, Blattformat 62 mm x 100 mm.  <\/p>","protected":false},"excerpt":{"rendered":"<p>Das Gipfelquartett \u00fcberrascht mit einer originellen Auswahl, interessanten Informationen und nicht zuletzt mit fantastischem Bildmaterial, welches die Sch\u00f6nheit der Schweizer Alpen auf die Gr\u00f6sse eines Kartenspiels komprimiert. Wer das H\u00fcttenquartett mochte, wird das Gipfelquartett lieben. Das Gipfelquartett umfasst 33 Blatt, davon sind 32 Bildkarten, mit jeweils einem exklusiven Bildmotiv sowie den wesentlichen Kennzahlen der abgebildeten [&#8230;]\n","protected":false},"featured_media":35512,"template":"","meta":[],"product_brand":[],"product_cat":[21836],"product_tag":[],"class_list":{"0":"post-149570","1":"product","2":"type-product","3":"status-publish","4":"has-post-thumbnail","6":"product_cat-geschenkideen","7":"pa_autor-michel","8":"pa_erscheinungsjahr-21610","9":"pa_region-schweiz","10":"pa_sprache-de","12":"first","13":"instock","14":"taxable","15":"shipping-taxable","16":"purchasable","17":"product-type-simple"},"_links":{"self":[{"href":"https:\/\/pizbube.ch\/en\/wp-json\/wp\/v2\/product\/149570","targetHints":{"allow":["GET"]}}],"collection":[{"href":"https:\/\/pizbube.ch\/en\/wp-json\/wp\/v2\/product"}],"about":[{"href":"https:\/\/pizbube.ch\/en\/wp-json\/wp\/v2\/types\/product"}],"wp:featuredmedia":[{"embeddable":true,"href":"https:\/\/pizbube.ch\/en\/wp-json\/wp\/v2\/media\/35512"}],"wp:attachment":[{"href":"https:\/\/pizbube.ch\/en\/wp-json\/wp\/v2\/media?parent=149570"}],"wp:term":[{"taxonomy":"product_brand","embeddable":true,"href":"https:\/\/pizbube.ch\/en\/wp-json\/wp\/v2\/product_brand?post=149570"},{"taxonomy":"product_cat","embeddable":true,"href":"https:\/\/pizbube.ch\/en\/wp-json\/wp\/v2\/product_cat?post=149570"},{"taxonomy":"product_tag","embeddable":true,"href":"https:\/\/pizbube.ch\/en\/wp-json\/wp\/v2\/product_tag?post=149570"}],"curies":[{"name":"wp","href":"https:\/\/api.w.org\/{rel}","templated":true}]}}