{"id":149573,"date":"2021-01-15T11:00:02","date_gmt":"2021-01-15T11:00:02","guid":{"rendered":"https:\/\/codengine3.ch\/?product=import-placeholder-for-203420"},"modified":"2022-12-07T17:03:18","modified_gmt":"2022-12-07T16:03:18","slug":"aufbruch-ins-ungewisse","status":"publish","type":"product","link":"https:\/\/pizbube.ch\/en\/shop\/aufbruch-ins-ungewisse\/","title":{"rendered":"Aufbruch ins Ungewisse"},"content":{"rendered":"<p>Abenteuer zwischen K2, Sinkiang und Amazonas. Er ist der einzige lebende<br \/>\nBergsteiger, der zwei Achttausender als erster und ohne k\u00fcnstlichen Sauerstoff<br \/>\nbestiegen hat &#8211; den Broad Peak und den Dhaulagiri. Noch mit 54 Jahren war der<br \/>\nKameramann der Achttausender auf dem K2. Als Bergsteigerlegende ist Kurt<br \/>\nDiemberger Vorbild f\u00fcr viele. Mit 16 Jahren hat er als Kristallsucher mit dem<br \/>\nBergsteigen begonnen und ist sein ganzes Leben lang immer wieder ins Ungewisse<br \/>\naufgebrochen, ob auf die h\u00f6chsten Gipfel, in die Bergw\u00fcste des Shaksgam, das<br \/>\nHochland von Tibet oder die Urw\u00e4lder S\u00fcdamerikas. Nicht allein die Sch\u00f6nheit<br \/>\nund Wildheit der Natur, auch die Menschen, die dort leben, ziehen ihn magisch<br \/>\nan.<\/p>\n<p>An der Chogolisa ist er 1957 der letzte, der Hermann Buhl lebend sieht; 1986<br \/>\nverliert er am K2 seine Berggef\u00e4hrtin Julie Tullis. Das Ungewisse, Unbekannte<br \/>\nund die Gefahr wurden Kurt Diemberger zur Heimat, sie sind es bis heute.<br \/>\nFarb., s\/w. Abb.. 379 S.<\/p>","protected":false},"excerpt":{"rendered":"<p>Abenteuer zwischen K2, Sinkiang und Amazonas. Er ist der einzige lebende Bergsteiger, der zwei Achttausender als erster und ohne k\u00fcnstlichen Sauerstoff bestiegen hat &#8211; den Broad Peak und den Dhaulagiri. Noch mit 54 Jahren war der Kameramann der Achttausender auf dem K2. Als Bergsteigerlegende ist Kurt Diemberger Vorbild f\u00fcr viele. Mit 16 Jahren hat er [&#8230;]\n","protected":false},"featured_media":31027,"template":"","meta":[],"product_brand":[],"product_cat":[21542],"product_tag":[],"class_list":{"0":"post-149573","1":"product","2":"type-product","3":"status-publish","4":"has-post-thumbnail","6":"product_cat-sachbuecher-dokumentationen","7":"pa_autor-diemberger","8":"pa_erscheinungsjahr-21842","9":"pa_region-deutschland","10":"pa_sprache-de","12":"first","13":"outofstock","14":"taxable","15":"shipping-taxable","16":"purchasable","17":"product-type-simple"},"_links":{"self":[{"href":"https:\/\/pizbube.ch\/en\/wp-json\/wp\/v2\/product\/149573","targetHints":{"allow":["GET"]}}],"collection":[{"href":"https:\/\/pizbube.ch\/en\/wp-json\/wp\/v2\/product"}],"about":[{"href":"https:\/\/pizbube.ch\/en\/wp-json\/wp\/v2\/types\/product"}],"wp:featuredmedia":[{"embeddable":true,"href":"https:\/\/pizbube.ch\/en\/wp-json\/wp\/v2\/media\/31027"}],"wp:attachment":[{"href":"https:\/\/pizbube.ch\/en\/wp-json\/wp\/v2\/media?parent=149573"}],"wp:term":[{"taxonomy":"product_brand","embeddable":true,"href":"https:\/\/pizbube.ch\/en\/wp-json\/wp\/v2\/product_brand?post=149573"},{"taxonomy":"product_cat","embeddable":true,"href":"https:\/\/pizbube.ch\/en\/wp-json\/wp\/v2\/product_cat?post=149573"},{"taxonomy":"product_tag","embeddable":true,"href":"https:\/\/pizbube.ch\/en\/wp-json\/wp\/v2\/product_tag?post=149573"}],"curies":[{"name":"wp","href":"https:\/\/api.w.org\/{rel}","templated":true}]}}