{"id":149574,"date":"2021-01-15T11:00:02","date_gmt":"2021-01-15T11:00:02","guid":{"rendered":"https:\/\/codengine3.ch\/?product=import-placeholder-for-203305"},"modified":"2021-01-15T14:21:59","modified_gmt":"2021-01-15T14:21:59","slug":"der-siebte-sinn","status":"publish","type":"product","link":"https:\/\/pizbube.ch\/en\/shop\/der-siebte-sinn\/","title":{"rendered":"Der siebte Sinn"},"content":{"rendered":"<p>Diemberger ist einer der Grand Old Men des Bergsteigens. Er blickt auf eine<br \/>\nlange alpine Karriere zur\u00fcck, die in den F\u00fcnfzigerjahren mit schweren Fels-<br \/>\nund Eistouren in den Alpen begann, von den Erstbesteigungen des Broad Peak und<br \/>\ndes Dhaulagiri gekr\u00f6nt wurde und zur Besteigung von vier weiteren<br \/>\nAchttausendern (Makalu, Everest, Gasherbrum II und K2) f\u00fchrte. Doch sie<br \/>\nkonfrontierte ihn auch mit Grenzsituationen wie dem Absturz Hermann Buhls an<br \/>\nder Chogolisa das Buch beinhaltet die nie erz\u00e4hlte Geschichte des Abstiegs<br \/>\nnach Buhls Verschwinden am Wechtengrat oder der gr\u00f6ssten Trag\u00f6die am K2, die<br \/>\n1986 f\u00fcnf Menschen-leben forderte, darunter das seiner Seilgef\u00e4hrtin Julie<br \/>\nTullis, mit der er das h\u00f6chste Filmteam der Welt gegr\u00fcndet hatte. Er selbst<br \/>\n\u00fcberlebte den tagelangen H\u00f6hensturm auf 8000 Meter H\u00f6he nur knapp.  <\/p>","protected":false},"excerpt":{"rendered":"<p>Diemberger ist einer der Grand Old Men des Bergsteigens. Er blickt auf eine lange alpine Karriere zur\u00fcck, die in den F\u00fcnfzigerjahren mit schweren Fels- und Eistouren in den Alpen begann, von den Erstbesteigungen des Broad Peak und des Dhaulagiri gekr\u00f6nt wurde und zur Besteigung von vier weiteren Achttausendern (Makalu, Everest, Gasherbrum II und K2) f\u00fchrte. [&#8230;]\n","protected":false},"featured_media":30889,"template":"","meta":[],"product_brand":[],"product_cat":[21542],"product_tag":[],"class_list":{"0":"post-149574","1":"product","2":"type-product","3":"status-publish","4":"has-post-thumbnail","6":"product_cat-sachbuecher-dokumentationen","7":"pa_autor-diemberger","8":"pa_erscheinungsjahr-21920","9":"pa_region-deutschland","10":"pa_sprache-de","12":"first","13":"instock","14":"taxable","15":"shipping-taxable","16":"purchasable","17":"product-type-simple"},"_links":{"self":[{"href":"https:\/\/pizbube.ch\/en\/wp-json\/wp\/v2\/product\/149574","targetHints":{"allow":["GET"]}}],"collection":[{"href":"https:\/\/pizbube.ch\/en\/wp-json\/wp\/v2\/product"}],"about":[{"href":"https:\/\/pizbube.ch\/en\/wp-json\/wp\/v2\/types\/product"}],"wp:featuredmedia":[{"embeddable":true,"href":"https:\/\/pizbube.ch\/en\/wp-json\/wp\/v2\/media\/30889"}],"wp:attachment":[{"href":"https:\/\/pizbube.ch\/en\/wp-json\/wp\/v2\/media?parent=149574"}],"wp:term":[{"taxonomy":"product_brand","embeddable":true,"href":"https:\/\/pizbube.ch\/en\/wp-json\/wp\/v2\/product_brand?post=149574"},{"taxonomy":"product_cat","embeddable":true,"href":"https:\/\/pizbube.ch\/en\/wp-json\/wp\/v2\/product_cat?post=149574"},{"taxonomy":"product_tag","embeddable":true,"href":"https:\/\/pizbube.ch\/en\/wp-json\/wp\/v2\/product_tag?post=149574"}],"curies":[{"name":"wp","href":"https:\/\/api.w.org\/{rel}","templated":true}]}}