{"id":149583,"date":"2021-01-15T11:00:09","date_gmt":"2021-01-15T11:00:09","guid":{"rendered":"https:\/\/codengine3.ch\/?product=import-placeholder-for-205212"},"modified":"2021-01-15T14:39:33","modified_gmt":"2021-01-15T14:39:33","slug":"la-sorciere-blanche-dvd","status":"publish","type":"product","link":"https:\/\/pizbube.ch\/en\/shop\/la-sorciere-blanche-dvd\/","title":{"rendered":"La sorci\u00e8re blanche DVD"},"content":{"rendered":"<p>Histoires de glace extr\u00eame au Fer \u00e0 Cheval.  <\/p>\n<p>Un film de Bertrand Delapierre; Sur une id\u00e9e de Fran\u00e7ois Damilano<br \/>\n80 minutes<br \/>\nVersions : Fran\u00e7aise, Anglais, Italien, Espagnol  <\/p>\n<p>Dans l&#8217;aust\u00e8re Cirque du Fer \u00e0 Cheval, les cascades de glace sont si<br \/>\nimpressionnantes et le niveau si \u00e9lev\u00e9, qu&#8217;apr\u00e8s une discr\u00e8te incursion en<br \/>\n1976, il a fallu attendre presque 20 ans pour que de nouveaux d\u00e9fricheurs<br \/>\nosent s&#8217;y frotter. Chacun d&#8217;eux reviendra d\u00e9finitivement marqu\u00e9 par ces<br \/>\nescalades hors normes.  <\/p>\n<p>L&#8217;ouverture de La sorci\u00e8re blanche en janvier 2006 par Philippe Batoux,<br \/>\nFran\u00e7ois Damilano et Benoit Robert donne l&#8217;occasion de revisiter l&#8217;histoire de<br \/>\nce site embl\u00e9matique. Un parcours exceptionnel o\u00f9 se succ\u00e8dent glace extr\u00eame,<br \/>\nescalade rocheuse engag\u00e9e et t\u00e9moignages vibrants.<br \/>\nBonus DVD :<br \/>\n&#8211; Teaser<br \/>\n&#8211; Les accros du Cirque<br \/>\n&#8211; Le palais des glaces du Gabarrou<br \/>\n&#8211; Bridaveil falls (J. Lowe 1974)<br \/>\n&#8211; Topos  <\/p>","protected":false},"excerpt":{"rendered":"<p>Histoires de glace extr\u00eame au Fer \u00e0 Cheval. Un film de Bertrand Delapierre; Sur une id\u00e9e de Fran\u00e7ois Damilano 80 minutes Versions : Fran\u00e7aise, Anglais, Italien, Espagnol Dans l&#8217;aust\u00e8re Cirque du Fer \u00e0 Cheval, les cascades de glace sont si impressionnantes et le niveau si \u00e9lev\u00e9, qu&#8217;apr\u00e8s une discr\u00e8te incursion en 1976, il a fallu [&#8230;]\n","protected":false},"featured_media":33851,"template":"","meta":[],"product_brand":[],"product_cat":[21628],"product_tag":[],"class_list":{"0":"post-149583","1":"product","2":"type-product","3":"status-publish","4":"has-post-thumbnail","6":"product_cat-video-dvd-multimedia","7":"pa_autor-delapierre","8":"pa_erscheinungsjahr-21591","9":"pa_region-frankreich","10":"pa_sprache-e","11":"pa_sprache-f","12":"pa_sprache-i","13":"pa_sprache-sp","15":"first","16":"instock","17":"taxable","18":"shipping-taxable","19":"purchasable","20":"product-type-simple"},"_links":{"self":[{"href":"https:\/\/pizbube.ch\/en\/wp-json\/wp\/v2\/product\/149583","targetHints":{"allow":["GET"]}}],"collection":[{"href":"https:\/\/pizbube.ch\/en\/wp-json\/wp\/v2\/product"}],"about":[{"href":"https:\/\/pizbube.ch\/en\/wp-json\/wp\/v2\/types\/product"}],"wp:featuredmedia":[{"embeddable":true,"href":"https:\/\/pizbube.ch\/en\/wp-json\/wp\/v2\/media\/33851"}],"wp:attachment":[{"href":"https:\/\/pizbube.ch\/en\/wp-json\/wp\/v2\/media?parent=149583"}],"wp:term":[{"taxonomy":"product_brand","embeddable":true,"href":"https:\/\/pizbube.ch\/en\/wp-json\/wp\/v2\/product_brand?post=149583"},{"taxonomy":"product_cat","embeddable":true,"href":"https:\/\/pizbube.ch\/en\/wp-json\/wp\/v2\/product_cat?post=149583"},{"taxonomy":"product_tag","embeddable":true,"href":"https:\/\/pizbube.ch\/en\/wp-json\/wp\/v2\/product_tag?post=149583"}],"curies":[{"name":"wp","href":"https:\/\/api.w.org\/{rel}","templated":true}]}}