{"id":149589,"date":"2021-01-15T11:00:10","date_gmt":"2021-01-15T11:00:10","guid":{"rendered":"https:\/\/codengine3.ch\/?product=import-placeholder-for-200711"},"modified":"2025-10-10T14:49:25","modified_gmt":"2025-10-10T12:49:25","slug":"murgtal-bouldern-im-tal-der-unbegrenzten-moeglichkeiten","status":"publish","type":"product","link":"https:\/\/pizbube.ch\/en\/shop\/murgtal-bouldern-im-tal-der-unbegrenzten-moeglichkeiten\/","title":{"rendered":"MURGTAL &#8211; Bouldern im Tal der unbegrenzten M\u00f6glichkeiten"},"content":{"rendered":"<p>Seit 18 Jahren wird im Murgtal gebouldert &#8211; Brettharte Klassiker wie Entlinge oder Bourgogne sind schon lange bekannt.<br \/>\nIn den letzten f\u00fcnf Jahren sind unz\u00e4hlige Boulder im 4., 5. und 6. Grad dazugekommen, wodurch das Murgtal auch f\u00fcr Einsteiger und Plasirboulderer zum potenziellen Bouldermekka geworden ist. Das Murgtal ist nicht bloss eine Boulderperle, sondern auch ein wahres Naturparadies, wodurch es doppelt wichtig ist, dass R\u00fccksicht auf die Natur genommen wird.<\/p>\n<p>In Zusammenarbeit mit vielen Erschliessern, darunter auch Gr\u00f6ssen wie Fred Nicole und Bernd Zangerl, ist diese Sammlung von \u00fcber 700 Boulderproblemen entstanden. Da der Autor (Silvan Dermond) selbst nicht im 8. Grad bouldert, wurden auch die Boulder in den einfachen Graden liebevoll erfasst. Die kommunalen Beh\u00f6rden und die Landwirte vor Ort wurden in Erarbeitung des Topos stark miteinbezogen.<\/p>\n<p>209 Seiten; inkl. download-code f\u00fcr App-Daten!<\/p>\n<p>After 2 years of hard work!! bouldern.ch presents more than 700<br \/>\nboulderproblems in Murgtal&#8230;<br \/>\n209 pages; inkl. download-code for App-dates!<\/p>\n<p>3. unver\u00e4nderte Auflage (Nachdruck) 2024<\/p>","protected":false},"excerpt":{"rendered":"<ul>\n<li><strong><a href=\"https:\/\/pizbube.ch\/wp-content\/uploads\/attachments\/a_003\/25206D4BBF52B803CE73A95181FF723E.pdf\" target=\"_blank\" rel=\"noopener\">PDF: Leseprobe_Murgtal.pdf<\/a><\/strong><\/li>\n<\/ul>","protected":false},"featured_media":156337,"template":"","meta":[],"product_brand":[],"product_cat":[21539],"product_tag":[],"class_list":{"0":"post-149589","1":"product","2":"type-product","3":"status-publish","4":"has-post-thumbnail","6":"product_cat-fuehrerliteratur-sportklettern-bouldern","7":"pa_autor-bouldern-ch-silvan-dermond","8":"pa_erscheinungsjahr-27339","9":"pa_region-schweiz","10":"pa_sprache-de-en","12":"first","13":"instock","14":"taxable","15":"shipping-taxable","16":"purchasable","17":"product-type-simple"},"_links":{"self":[{"href":"https:\/\/pizbube.ch\/en\/wp-json\/wp\/v2\/product\/149589","targetHints":{"allow":["GET"]}}],"collection":[{"href":"https:\/\/pizbube.ch\/en\/wp-json\/wp\/v2\/product"}],"about":[{"href":"https:\/\/pizbube.ch\/en\/wp-json\/wp\/v2\/types\/product"}],"wp:featuredmedia":[{"embeddable":true,"href":"https:\/\/pizbube.ch\/en\/wp-json\/wp\/v2\/media\/156337"}],"wp:attachment":[{"href":"https:\/\/pizbube.ch\/en\/wp-json\/wp\/v2\/media?parent=149589"}],"wp:term":[{"taxonomy":"product_brand","embeddable":true,"href":"https:\/\/pizbube.ch\/en\/wp-json\/wp\/v2\/product_brand?post=149589"},{"taxonomy":"product_cat","embeddable":true,"href":"https:\/\/pizbube.ch\/en\/wp-json\/wp\/v2\/product_cat?post=149589"},{"taxonomy":"product_tag","embeddable":true,"href":"https:\/\/pizbube.ch\/en\/wp-json\/wp\/v2\/product_tag?post=149589"}],"curies":[{"name":"wp","href":"https:\/\/api.w.org\/{rel}","templated":true}]}}