{"id":149592,"date":"2021-01-15T11:00:10","date_gmt":"2021-01-15T11:00:10","guid":{"rendered":"https:\/\/codengine3.ch\/?product=import-placeholder-for-200713"},"modified":"2021-01-15T11:00:14","modified_gmt":"2021-01-15T11:00:14","slug":"menschen-am-weg-begegnungen","status":"publish","type":"product","link":"https:\/\/pizbube.ch\/en\/shop\/menschen-am-weg-begegnungen\/","title":{"rendered":"Menschen am Weg &#8211; Begegnungen"},"content":{"rendered":"<p>Was bleibt vom Weg, den wir in unserem Leben zur\u00fccklegen?<br \/>\nEmil Zopfi erz\u00e4hlt von den Menschen, die ihn ein kurzes oder auch ein langes<br \/>\nSt\u00fcck begleitet haben, von Glarus nach Z\u00fcrich, ins Rheinland und in die<br \/>\nToskana, nach Berlin und Amerika, \u00fcber Pal\u00e4stina ins Tessin.<\/p>\n<p>Da sind die sch\u00f6ne Mama, die im Sarg aussieht wie Schneewittchen, und die<br \/>\ndeutsche Stiefmutter, die an dem Tag, als sie den Vater heiratet, vom kleinen<br \/>\nEmil wissen will, ob er sie denn auch lieb habe. Der Onkel Josef, der mit nur<br \/>\neinem Unterhemd aus Stalingrad zur\u00fcckkehrte. Johannes, der in ihm die beiden<br \/>\ngro\u00dfen Leidenschaften seines Lebens weckte: Berge und Literatur.<\/p>\n<p>Rosmarie, die dicke, dumme Rosmarie, die bei ihm das Schreiben lernen wollte<br \/>\nund am Ende an ihrer eigenen Geschichte zerbrach. Die Iranerin Faezeh, die als<br \/>\nStudentin bei Zopfis zu Hause in Z\u00fcrich wohnte und sp\u00e4ter bei der Weltbank<br \/>\nKarriere machte. Hansruedi, mit dem er dramatische Stunden am Fels teilte. Und<br \/>\nda ist Christa, im alles entscheidenden Augenblick.<\/p>","protected":false},"excerpt":{"rendered":"<p>Was bleibt vom Weg, den wir in unserem Leben zur\u00fccklegen? Emil Zopfi erz\u00e4hlt von den Menschen, die ihn ein kurzes oder auch ein langes St\u00fcck begleitet haben, von Glarus nach Z\u00fcrich, ins Rheinland und in die Toskana, nach Berlin und Amerika, \u00fcber Pal\u00e4stina ins Tessin. Da sind die sch\u00f6ne Mama, die im Sarg aussieht wie [&#8230;]\n","protected":false},"featured_media":27710,"template":"","meta":[],"product_brand":[],"product_cat":[21629],"product_tag":[],"class_list":{"0":"post-149592","1":"product","2":"type-product","3":"status-publish","4":"has-post-thumbnail","6":"product_cat-belletristik","7":"pa_autor-zopfi","8":"pa_erscheinungsjahr-21546","9":"pa_region-schweiz","10":"pa_sprache-de","12":"first","13":"instock","14":"taxable","15":"shipping-taxable","16":"purchasable","17":"product-type-simple"},"_links":{"self":[{"href":"https:\/\/pizbube.ch\/en\/wp-json\/wp\/v2\/product\/149592","targetHints":{"allow":["GET"]}}],"collection":[{"href":"https:\/\/pizbube.ch\/en\/wp-json\/wp\/v2\/product"}],"about":[{"href":"https:\/\/pizbube.ch\/en\/wp-json\/wp\/v2\/types\/product"}],"wp:featuredmedia":[{"embeddable":true,"href":"https:\/\/pizbube.ch\/en\/wp-json\/wp\/v2\/media\/27710"}],"wp:attachment":[{"href":"https:\/\/pizbube.ch\/en\/wp-json\/wp\/v2\/media?parent=149592"}],"wp:term":[{"taxonomy":"product_brand","embeddable":true,"href":"https:\/\/pizbube.ch\/en\/wp-json\/wp\/v2\/product_brand?post=149592"},{"taxonomy":"product_cat","embeddable":true,"href":"https:\/\/pizbube.ch\/en\/wp-json\/wp\/v2\/product_cat?post=149592"},{"taxonomy":"product_tag","embeddable":true,"href":"https:\/\/pizbube.ch\/en\/wp-json\/wp\/v2\/product_tag?post=149592"}],"curies":[{"name":"wp","href":"https:\/\/api.w.org\/{rel}","templated":true}]}}