{"id":149594,"date":"2021-01-15T11:00:10","date_gmt":"2021-01-15T11:00:10","guid":{"rendered":"https:\/\/codengine3.ch\/?product=import-placeholder-for-201000"},"modified":"2025-07-21T13:59:30","modified_gmt":"2025-07-21T11:59:30","slug":"sanduhren-im-fels","status":"publish","type":"product","link":"https:\/\/pizbube.ch\/en\/shop\/sanduhren-im-fels\/","title":{"rendered":"Sanduhren im Fels"},"content":{"rendered":"<p>Erz\u00e4hlungen und Reportagen \u00fcber`s Klettern und Bergsteigen:<br \/>\nIkarus der Alte; Supertramp, der grosse Traum; T\u00f6di, Berg der Dichter;<br \/>\nBiwaknacht; Cengalo, Cengalo; Mauerl\u00e4ufer&#8230;<\/p>\n<p>Der Schweizer Bergsteiger und Sportkletterer Emil Zopfi (geb. 1943),<br \/>\nElektrotechniker und Computerfachmann, bevor er das Risiko einer Existenz als<br \/>\nfreier Schriftsteller wagte, hat unter dem Titel &#171;Sanduhren im Fels&#187; zehn<br \/>\nErz\u00e4hlungen und Reportagen aus den Jahren 1976 bis 1994 versammelt. Zopfi<br \/>\nversteht es, jeden Leser mit in die Wand zu nehmen, der eine Beziehung zur<br \/>\nWelt der Berge entwickelt hat &#8211; und sei es auch nur als Tourist, der am Fu\u00dfe<br \/>\nder Alpen flaniert. Wir steigen mit in die Wand ein, frieren, schwitzen,<br \/>\nerleiden Todes\u00e4ngste und erleben das Gipfelgl\u00fcck, das bereits unterlegt ist<br \/>\nvon der Sorge um den bevorstehenden Abstieg.<\/p>\n<p>Dem Autoren gelingt die Identifikation des Lesers mit dem Erz\u00e4hlten, indem er<br \/>\ndarauf verzichtet, Berghelden gef\u00e4hrliche Touren siegreich bestehen zu lassen,<br \/>\ndenen scheinbar jede menschliche Schw\u00e4che unbekannt ist. In &#171;Biwaknacht&#187;<br \/>\nz.B. berichtet er von einer angstbesetzten Notsituation, in die zwei<br \/>\nBergsteiger geraten sind, als sie von aufsteigenden Nebeln und der<br \/>\nhereinbrechenden Nacht \u00fcberrascht werden. Ohne hinreichende Ausr\u00fcstung m\u00fcssen<br \/>\nsie eine bitterkalte Nacht \u00fcberstehen. Oder: In &#171;Badile&#187; schildert er eine<br \/>\ngef\u00e4hrliche Situation, als ihn, in der Wand h\u00e4ngend, pl\u00f6tzlich l\u00e4hmende<br \/>\nTodesangst anspringt&#8230;<\/p>\n<p>In einigen Beitr\u00e4gen (z.B. &#171;Ikarus&#187; oder &#171;Zeit der Sanduhren&#187;) besch\u00e4ftigt<br \/>\nsich der Autor mit dem Problem des \u00e4lterwerdenden Sportlers, der seine Kr\u00e4fte<br \/>\nnachlassen sp\u00fcrt und lernen mu\u00df, sich auf seine ihm noch gegebenen<br \/>\nM\u00f6glichkeiten zu beschr\u00e4nken.<\/p>","protected":false},"excerpt":{"rendered":"<p>Erz\u00e4hlungen und Reportagen \u00fcber`s Klettern und Bergsteigen: Ikarus der Alte; Supertramp, der grosse Traum; T\u00f6di, Berg der Dichter; Biwaknacht; Cengalo, Cengalo; Mauerl\u00e4ufer&#8230; Der Schweizer Bergsteiger und Sportkletterer Emil Zopfi (geb. 1943), Elektrotechniker und Computerfachmann, bevor er das Risiko einer Existenz als freier Schriftsteller wagte, hat unter dem Titel &#171;Sanduhren im Fels&#187; zehn Erz\u00e4hlungen und Reportagen [&#8230;]\n","protected":false},"featured_media":28147,"template":"","meta":[],"product_brand":[],"product_cat":[21629],"product_tag":[],"class_list":{"0":"post-149594","1":"product","2":"type-product","3":"status-publish","4":"has-post-thumbnail","6":"product_cat-belletristik","7":"pa_autor-zopfi","8":"pa_erscheinungsjahr-22137","9":"pa_region-schweiz","10":"pa_sprache-de","12":"first","13":"outofstock","14":"taxable","15":"shipping-taxable","16":"purchasable","17":"product-type-simple"},"_links":{"self":[{"href":"https:\/\/pizbube.ch\/en\/wp-json\/wp\/v2\/product\/149594","targetHints":{"allow":["GET"]}}],"collection":[{"href":"https:\/\/pizbube.ch\/en\/wp-json\/wp\/v2\/product"}],"about":[{"href":"https:\/\/pizbube.ch\/en\/wp-json\/wp\/v2\/types\/product"}],"wp:featuredmedia":[{"embeddable":true,"href":"https:\/\/pizbube.ch\/en\/wp-json\/wp\/v2\/media\/28147"}],"wp:attachment":[{"href":"https:\/\/pizbube.ch\/en\/wp-json\/wp\/v2\/media?parent=149594"}],"wp:term":[{"taxonomy":"product_brand","embeddable":true,"href":"https:\/\/pizbube.ch\/en\/wp-json\/wp\/v2\/product_brand?post=149594"},{"taxonomy":"product_cat","embeddable":true,"href":"https:\/\/pizbube.ch\/en\/wp-json\/wp\/v2\/product_cat?post=149594"},{"taxonomy":"product_tag","embeddable":true,"href":"https:\/\/pizbube.ch\/en\/wp-json\/wp\/v2\/product_tag?post=149594"}],"curies":[{"name":"wp","href":"https:\/\/api.w.org\/{rel}","templated":true}]}}