{"id":149598,"date":"2021-01-15T11:00:11","date_gmt":"2021-01-15T11:00:11","guid":{"rendered":"https:\/\/codengine3.ch\/?product=import-placeholder-for-207794"},"modified":"2021-01-15T16:58:42","modified_gmt":"2021-01-15T16:58:42","slug":"vier-wanderrouten-in-island","status":"publish","type":"product","link":"https:\/\/pizbube.ch\/en\/shop\/vier-wanderrouten-in-island\/","title":{"rendered":"Vier Wanderrouten in Island"},"content":{"rendered":"<p>Vier der sch\u00f6nsten Wanderrouten in Island: \u00fcber Gletscher und Lava, durch die<br \/>\nschwarze Weiten und buschige W\u00e4lder, alles an landschaftlicher Vielfalt ist<br \/>\nbei diesen Touren enthalten.<\/p>\n<p>23 Seiten Vorbereitungsempfehlungen, die f\u00fcr Wanderungen auf Island sehr<br \/>\nwichtig sind.<br \/>\nDem folgen die einzelnen Routenbeschreibungen mit eingezeichneter Wanderroute,<br \/>\nStreckenl\u00e4nge, Anreise und die Bewertung der Tour.<br \/>\nFarbbilder vom Trail, detaillierte Beschreibung der t\u00e4glichen Etappen der<br \/>\neinzelnen Routen, Sprachf\u00fchrer f\u00fcr Wanderkarten.<\/p>\n<p>Die einzelnen Routen:<br \/>\nDer Laugavegur: Landmannalaugar &#8211; Thorsm\u00f6rk Thorsm\u00f6rk-Fimmv\u00f6rduhals-Skogar<br \/>\nDer Askja-Weg: Herdubreidarlindir-Askja-Svartakot-Myvatn<br \/>\nDer Rentierpfad: Snaefell-L\u00f3ns\u00f6raefi<br \/>\nAuf dem Kjalvegur: Hvitarnes &#8211; Heravellir<br \/>\n144 Seiten mit Routenkarten<\/p>","protected":false},"excerpt":{"rendered":"<p>Vier der sch\u00f6nsten Wanderrouten in Island: \u00fcber Gletscher und Lava, durch die schwarze Weiten und buschige W\u00e4lder, alles an landschaftlicher Vielfalt ist bei diesen Touren enthalten. 23 Seiten Vorbereitungsempfehlungen, die f\u00fcr Wanderungen auf Island sehr wichtig sind. Dem folgen die einzelnen Routenbeschreibungen mit eingezeichneter Wanderroute, Streckenl\u00e4nge, Anreise und die Bewertung der Tour. Farbbilder vom Trail, [&#8230;]\n","protected":false},"featured_media":38477,"template":"","meta":[],"product_brand":[],"product_cat":[21605],"product_tag":[],"class_list":{"0":"post-149598","1":"product","2":"type-product","3":"status-publish","4":"has-post-thumbnail","6":"product_cat-wanderfuehrer-trekking","7":"pa_autor-barth-asgeirsson","8":"pa_erscheinungsjahr-22144","9":"pa_region-arktis-antarktis-groenland-island","10":"pa_sprache-de","12":"first","13":"instock","14":"taxable","15":"shipping-taxable","16":"purchasable","17":"product-type-simple"},"_links":{"self":[{"href":"https:\/\/pizbube.ch\/en\/wp-json\/wp\/v2\/product\/149598","targetHints":{"allow":["GET"]}}],"collection":[{"href":"https:\/\/pizbube.ch\/en\/wp-json\/wp\/v2\/product"}],"about":[{"href":"https:\/\/pizbube.ch\/en\/wp-json\/wp\/v2\/types\/product"}],"wp:featuredmedia":[{"embeddable":true,"href":"https:\/\/pizbube.ch\/en\/wp-json\/wp\/v2\/media\/38477"}],"wp:attachment":[{"href":"https:\/\/pizbube.ch\/en\/wp-json\/wp\/v2\/media?parent=149598"}],"wp:term":[{"taxonomy":"product_brand","embeddable":true,"href":"https:\/\/pizbube.ch\/en\/wp-json\/wp\/v2\/product_brand?post=149598"},{"taxonomy":"product_cat","embeddable":true,"href":"https:\/\/pizbube.ch\/en\/wp-json\/wp\/v2\/product_cat?post=149598"},{"taxonomy":"product_tag","embeddable":true,"href":"https:\/\/pizbube.ch\/en\/wp-json\/wp\/v2\/product_tag?post=149598"}],"curies":[{"name":"wp","href":"https:\/\/api.w.org\/{rel}","templated":true}]}}