{"id":149602,"date":"2021-01-15T11:00:11","date_gmt":"2021-01-15T11:00:11","guid":{"rendered":"https:\/\/codengine3.ch\/?product=import-placeholder-for-204407"},"modified":"2021-01-15T14:32:53","modified_gmt":"2021-01-15T14:32:53","slug":"von-der-eiszeit-in-die-heisszeit","status":"publish","type":"product","link":"https:\/\/pizbube.ch\/en\/shop\/von-der-eiszeit-in-die-heisszeit\/","title":{"rendered":"Von der Eiszeit in die Heisszeit"},"content":{"rendered":"<p>Dominik Jost und Max Maisch erm\u00f6glichen in ihrem reichhaltig illustrierten<br \/>\nWerkbuch eine vielf\u00e4ltige Besch\u00e4ftigung mit der Gletscherthematik.<br \/>\nSie schildern, wie die Gletscher heute in ihren N\u00e4hrgebieten nicht mehr<br \/>\ngen\u00fcgend versorgt werden, und stellen das Ph\u00e4nomen in einen gr\u00f6sseren<br \/>\nerdgeschichtlichen Zusammenhang verschiedener Heiss- und Eiszeiten (wobei auch<br \/>\nder Einfluss unserer hochtechnisierten Zivilisation diskutiert wird).<br \/>\nGletscher sind in Bewegung und haben eine landschaftsformende Kraft. Die<br \/>\nAutoren gehen auf den Aufbau der Gletscher ein, schildern die Entstehung von<br \/>\nGletscherspalten und S\u00e9racs und erkl\u00e4ren, wie aus Neuschnee allm\u00e4hlich Eis<br \/>\nwird. Sie zeigen auf, wie die Eismassen fliessen, und erkl\u00e4ren, wie verloren<br \/>\nGeglaubtes nach Jahren wieder von Gletschern freigegeben wird.<br \/>\nNebst Pflanzen gibt es auch winzige Lebewesen, die sich in eisige Lebensr\u00e4ume<br \/>\nvorwagen.<br \/>\nJedes Kapitel bietet Materialien zum Lesen und Betrachten, gefolgt von<br \/>\nLernzielen, Arbeitsauftr\u00e4gen f\u00fcr die Sch\u00fclerInnen und vertiefenden<br \/>\nInformationen f\u00fcr Lehrkr\u00e4fte. Das Buch ist reich bebildert.<br \/>\nEin sorgf\u00e4ltig gestaltetes, ansprechendes Lehrmittel, das interdisziplin\u00e4ren<br \/>\nUnterricht mit einem breit gef\u00e4cherten Blick auf das Thema erm\u00f6glicht.<\/p>","protected":false},"excerpt":{"rendered":"<p>Dominik Jost und Max Maisch erm\u00f6glichen in ihrem reichhaltig illustrierten Werkbuch eine vielf\u00e4ltige Besch\u00e4ftigung mit der Gletscherthematik. Sie schildern, wie die Gletscher heute in ihren N\u00e4hrgebieten nicht mehr gen\u00fcgend versorgt werden, und stellen das Ph\u00e4nomen in einen gr\u00f6sseren erdgeschichtlichen Zusammenhang verschiedener Heiss- und Eiszeiten (wobei auch der Einfluss unserer hochtechnisierten Zivilisation diskutiert wird). Gletscher sind [&#8230;]\n","protected":false},"featured_media":32271,"template":"","meta":[],"product_brand":[],"product_cat":[21542],"product_tag":[],"class_list":{"0":"post-149602","1":"product","2":"type-product","3":"status-publish","4":"has-post-thumbnail","6":"product_cat-sachbuecher-dokumentationen","7":"pa_autor-jost-maisch","8":"pa_erscheinungsjahr-21763","9":"pa_region-fauna-flora-geologie-glaziologie","10":"pa_sprache-de","12":"first","13":"outofstock","14":"taxable","15":"shipping-taxable","16":"purchasable","17":"product-type-simple"},"_links":{"self":[{"href":"https:\/\/pizbube.ch\/en\/wp-json\/wp\/v2\/product\/149602","targetHints":{"allow":["GET"]}}],"collection":[{"href":"https:\/\/pizbube.ch\/en\/wp-json\/wp\/v2\/product"}],"about":[{"href":"https:\/\/pizbube.ch\/en\/wp-json\/wp\/v2\/types\/product"}],"wp:featuredmedia":[{"embeddable":true,"href":"https:\/\/pizbube.ch\/en\/wp-json\/wp\/v2\/media\/32271"}],"wp:attachment":[{"href":"https:\/\/pizbube.ch\/en\/wp-json\/wp\/v2\/media?parent=149602"}],"wp:term":[{"taxonomy":"product_brand","embeddable":true,"href":"https:\/\/pizbube.ch\/en\/wp-json\/wp\/v2\/product_brand?post=149602"},{"taxonomy":"product_cat","embeddable":true,"href":"https:\/\/pizbube.ch\/en\/wp-json\/wp\/v2\/product_cat?post=149602"},{"taxonomy":"product_tag","embeddable":true,"href":"https:\/\/pizbube.ch\/en\/wp-json\/wp\/v2\/product_tag?post=149602"}],"curies":[{"name":"wp","href":"https:\/\/api.w.org\/{rel}","templated":true}]}}