{"id":149603,"date":"2021-01-15T11:00:11","date_gmt":"2021-01-15T11:00:11","guid":{"rendered":"https:\/\/codengine3.ch\/?product=import-placeholder-for-200719"},"modified":"2024-07-10T17:58:03","modified_gmt":"2024-07-10T15:58:03","slug":"bouldern-in-suedtirol","status":"publish","type":"product","link":"https:\/\/pizbube.ch\/en\/shop\/bouldern-in-suedtirol\/","title":{"rendered":"Bouldern in S\u00fcdtirol"},"content":{"rendered":"<p>Der neuer Boulderf\u00fchrer pr\u00e4sentiert die 22 sch\u00f6nsten und abwechslungsreichsten<br \/>\nGebiete S\u00fcdtirols und ist in Zusammenarbeit mit dem AVS entstanden.<\/p>\n<p>Zu den historischen und gleichzeitig zu den gr\u00f6\u00dften Sportkletter- und<br \/>\nBouldergebieten in S\u00fcdtirol und im Dolomitenraum z\u00e4hlt das Gebiet &#171;Steinerne<br \/>\nStadt&#187; am Sellajoch. Bereits seit Jahrzehnten werden die unz\u00e4hligen Bl\u00f6cke am<br \/>\nFu\u00dfe des imposanten Langkofel zum Trainieren genutzt. Einer der neuesten<br \/>\nBoulder- und Sportkletterspots ist Spiluck bei Brixen, der erst k\u00fcrzlich<br \/>\nliebevoll und mit viel Hingabe erschlossen wurde. Aber auch in den \u00fcbrigen<br \/>\nT\u00e4lern des Landes sind sehr lohnende Ziele zu finden, wie z.B das<br \/>\nBouldergebiet Algund oder Pojen im Pustertal.<\/p>\n<p>Alle Inhalte aus den B\u00fcchern sind au\u00dferdem auch in der Vertical-Life Climbing<br \/>\nApp f\u00fcr Smartphones verf\u00fcgbar. Ein Code, der im Buch zu finden ist, schaltet<br \/>\ndie entsprechenden digitalen Guides frei.<\/p>","protected":false},"excerpt":{"rendered":"<p>Der neuer Boulderf\u00fchrer pr\u00e4sentiert die 22 sch\u00f6nsten und abwechslungsreichsten Gebiete S\u00fcdtirols und ist in Zusammenarbeit mit dem AVS entstanden. Zu den historischen und gleichzeitig zu den gr\u00f6\u00dften Sportkletter- und Bouldergebieten in S\u00fcdtirol und im Dolomitenraum z\u00e4hlt das Gebiet &#171;Steinerne Stadt&#187; am Sellajoch. Bereits seit Jahrzehnten werden die unz\u00e4hligen Bl\u00f6cke am Fu\u00dfe des imposanten Langkofel zum [&#8230;]\n","protected":false},"featured_media":165577,"template":"","meta":[],"product_brand":[],"product_cat":[21539],"product_tag":[],"class_list":{"0":"post-149603","1":"product","2":"type-product","3":"status-publish","4":"has-post-thumbnail","6":"product_cat-fuehrerliteratur-sportklettern-bouldern","7":"pa_autor-hofer","8":"pa_erscheinungsjahr-21597","9":"pa_region-italien","10":"pa_sprache-de-it","12":"first","13":"outofstock","14":"taxable","15":"shipping-taxable","16":"purchasable","17":"product-type-simple"},"_links":{"self":[{"href":"https:\/\/pizbube.ch\/en\/wp-json\/wp\/v2\/product\/149603","targetHints":{"allow":["GET"]}}],"collection":[{"href":"https:\/\/pizbube.ch\/en\/wp-json\/wp\/v2\/product"}],"about":[{"href":"https:\/\/pizbube.ch\/en\/wp-json\/wp\/v2\/types\/product"}],"wp:featuredmedia":[{"embeddable":true,"href":"https:\/\/pizbube.ch\/en\/wp-json\/wp\/v2\/media\/165577"}],"wp:attachment":[{"href":"https:\/\/pizbube.ch\/en\/wp-json\/wp\/v2\/media?parent=149603"}],"wp:term":[{"taxonomy":"product_brand","embeddable":true,"href":"https:\/\/pizbube.ch\/en\/wp-json\/wp\/v2\/product_brand?post=149603"},{"taxonomy":"product_cat","embeddable":true,"href":"https:\/\/pizbube.ch\/en\/wp-json\/wp\/v2\/product_cat?post=149603"},{"taxonomy":"product_tag","embeddable":true,"href":"https:\/\/pizbube.ch\/en\/wp-json\/wp\/v2\/product_tag?post=149603"}],"curies":[{"name":"wp","href":"https:\/\/api.w.org\/{rel}","templated":true}]}}