{"id":149604,"date":"2021-01-15T11:00:11","date_gmt":"2021-01-15T11:00:11","guid":{"rendered":"https:\/\/codengine3.ch\/?product=import-placeholder-for-207860"},"modified":"2021-01-15T16:59:24","modified_gmt":"2021-01-15T16:59:24","slug":"bouldering-guides-9-ost-suedtirol-alto-adige-est","status":"publish","type":"product","link":"https:\/\/pizbube.ch\/en\/shop\/bouldering-guides-9-ost-suedtirol-alto-adige-est\/","title":{"rendered":"Bouldering Guides 9: Ost S\u00fcdtirol \/ Alto Adige est"},"content":{"rendered":"<p>Bouldering Guides Band 9: Ost S\u00fcdtirol \/ Alto Adige est<\/p>\n<p>Der neunte von zehn B\u00e4nden praktischer Kletter- und Boulderf\u00fchrer S\u00fcdtirols!<\/p>\n<p>Mit interessanten Informationen zur Geologie und \u00dcbersichtskarte mit<br \/>\nAuflistung aller im Buch vorgestellten Klettergebiete.<\/p>\n<p>Jene sind mit Anfahrtsskizzen, GPS Koordinaten, Fotos der Kletterrouten und<br \/>\nRoutenlisten (Schwierigkeitsgrad, L\u00e4nge&#8230;) im Detail beschrieben.<\/p>\n<p>Autoren: Juri Chiaramonte und Matthias Polig Verlag: Sportler Seiten 130<\/p>","protected":false},"excerpt":{"rendered":"<ul>\n<li><a href=\"https:\/\/pizbube.ch\/wp-content\/uploads\/attachments\/a_027\/ADF030390A82B8EA1D4FA34F03173D53.pdf\" target=\"_blank\" rel=\"noopener\">PDF: Bouldering Guides 9: Ost S\u00fcdtirol \/ Alto Adige est Inhalt \/ \u00dcbersicht<\/a><\/li>\n<\/ul>","protected":false},"featured_media":38633,"template":"","meta":[],"product_brand":[],"product_cat":[21539],"product_tag":[],"class_list":{"0":"post-149604","1":"product","2":"type-product","3":"status-publish","4":"has-post-thumbnail","6":"product_cat-fuehrerliteratur-sportklettern-bouldern","7":"pa_autor-chiaramonte-polig","8":"pa_erscheinungsjahr-21621","9":"pa_region-italien","10":"pa_sprache-de-it","12":"first","13":"instock","14":"taxable","15":"shipping-taxable","16":"purchasable","17":"product-type-simple"},"_links":{"self":[{"href":"https:\/\/pizbube.ch\/en\/wp-json\/wp\/v2\/product\/149604","targetHints":{"allow":["GET"]}}],"collection":[{"href":"https:\/\/pizbube.ch\/en\/wp-json\/wp\/v2\/product"}],"about":[{"href":"https:\/\/pizbube.ch\/en\/wp-json\/wp\/v2\/types\/product"}],"wp:featuredmedia":[{"embeddable":true,"href":"https:\/\/pizbube.ch\/en\/wp-json\/wp\/v2\/media\/38633"}],"wp:attachment":[{"href":"https:\/\/pizbube.ch\/en\/wp-json\/wp\/v2\/media?parent=149604"}],"wp:term":[{"taxonomy":"product_brand","embeddable":true,"href":"https:\/\/pizbube.ch\/en\/wp-json\/wp\/v2\/product_brand?post=149604"},{"taxonomy":"product_cat","embeddable":true,"href":"https:\/\/pizbube.ch\/en\/wp-json\/wp\/v2\/product_cat?post=149604"},{"taxonomy":"product_tag","embeddable":true,"href":"https:\/\/pizbube.ch\/en\/wp-json\/wp\/v2\/product_tag?post=149604"}],"curies":[{"name":"wp","href":"https:\/\/api.w.org\/{rel}","templated":true}]}}