{"id":149607,"date":"2021-01-15T11:00:12","date_gmt":"2021-01-15T11:00:12","guid":{"rendered":"https:\/\/codengine3.ch\/?product=import-placeholder-for-206781"},"modified":"2025-07-10T12:24:20","modified_gmt":"2025-07-10T10:24:20","slug":"suedtirol-sportklettern-125-klettergaerten-zwischen-stilfser-joch-bozen-und-den-dolomiten","status":"publish","type":"product","link":"https:\/\/pizbube.ch\/en\/shop\/suedtirol-sportklettern-125-klettergaerten-zwischen-stilfser-joch-bozen-und-den-dolomiten\/","title":{"rendered":"S\u00dcDTIROL Sportklettern &#8211; 125 KLETTERG\u00c4RTEN zwischen Stilfser Joch, Bozen und den Dolomiten"},"content":{"rendered":"<p>S\u00dcDTIROL Kletterg\u00e4rten<\/p>\n<p>125 KLETTERG\u00c4RTEN zwischen Stilfser Joch, Bozen und den Dolomiten<\/p>\n<p>Der \u201eperfide Porphyr\u201c rund um Bozen und Meran, der Dolomit der Dolomiten, der<br \/>\nkompakte Granit im Pustertal und Eisacktal, die vielen metamorphen Gesteine im<br \/>\nPasseiertal und Vinschgau, der Laaser Marmor, der Kalkstein des S\u00fcdtiroler<br \/>\nUnterlands und viele weitere Felsformationen sind die Zutaten f\u00fcr die vielen<br \/>\nKletterg\u00e4rten in S\u00fcdtirol \u201ezwischen Dolomiten, Bozen und dem Stilfser Joch\u201c.<\/p>\n<p>125 Kletterg\u00e4rten findet ihr in diesem Buch, das mit der Absicht entstand,<br \/>\nalle ver\u00f6ffentlichbaren Kletterg\u00e4rten ohne Einschr\u00e4nkungen einem gro\u00dfen<br \/>\nPublikum zug\u00e4nglich zu machen.<\/p>\n<p>In S\u00fcdtirol erwarten euch neben den unz\u00e4hligen Felsw\u00e4nden f\u00fcr jeden Geschmack<br \/>\nund jede Jahreszeit auch traumhafte Naturlandschaften mit spektakul\u00e4ren<br \/>\nBergen, gr\u00fcnen Wiesen, typischen Almen, wo die Zeit stehengeblieben zu sein<br \/>\nscheint, K\u00fchen, toller Gastfreundschaft und maximalen Sicherheitsstandards in<br \/>\npraktisch allen Kletterg\u00e4rten. Ein Muss f\u00fcr alle, die in der vertikalen Welt<br \/>\neinen nat\u00fcrlichen Zufluchtsort vor der Schnelllebigkeit des modernen Alltags<br \/>\ngefunden haben.<\/p>\n<p>Mit diesem Kletterf\u00fchrer in der Hand habt ihr jetzt nur noch die Qual der<br \/>\nWahl\u2026 Viel Spa\u00df in S\u00fcdtirol!<\/p>","protected":false},"excerpt":{"rendered":"<p>S\u00dcDTIROL Kletterg\u00e4rten 125 KLETTERG\u00c4RTEN zwischen Stilfser Joch, Bozen und den Dolomiten Der \u201eperfide Porphyr\u201c rund um Bozen und Meran, der Dolomit der Dolomiten, der kompakte Granit im Pustertal und Eisacktal, die vielen metamorphen Gesteine im Passeiertal und Vinschgau, der Laaser Marmor, der Kalkstein des S\u00fcdtiroler Unterlands und viele weitere Felsformationen sind die Zutaten f\u00fcr die [&#8230;]\n","protected":false},"featured_media":161686,"template":"","meta":[],"product_brand":[],"product_cat":[21539],"product_tag":[],"class_list":{"0":"post-149607","1":"product","2":"type-product","3":"status-publish","4":"has-post-thumbnail","6":"product_cat-fuehrerliteratur-sportklettern-bouldern","7":"pa_autor-colombetti","8":"pa_erscheinungsjahr-21586","9":"pa_region-italien","10":"pa_sprache-de","12":"first","13":"instock","14":"taxable","15":"shipping-taxable","16":"purchasable","17":"product-type-simple"},"_links":{"self":[{"href":"https:\/\/pizbube.ch\/en\/wp-json\/wp\/v2\/product\/149607","targetHints":{"allow":["GET"]}}],"collection":[{"href":"https:\/\/pizbube.ch\/en\/wp-json\/wp\/v2\/product"}],"about":[{"href":"https:\/\/pizbube.ch\/en\/wp-json\/wp\/v2\/types\/product"}],"wp:featuredmedia":[{"embeddable":true,"href":"https:\/\/pizbube.ch\/en\/wp-json\/wp\/v2\/media\/161686"}],"wp:attachment":[{"href":"https:\/\/pizbube.ch\/en\/wp-json\/wp\/v2\/media?parent=149607"}],"wp:term":[{"taxonomy":"product_brand","embeddable":true,"href":"https:\/\/pizbube.ch\/en\/wp-json\/wp\/v2\/product_brand?post=149607"},{"taxonomy":"product_cat","embeddable":true,"href":"https:\/\/pizbube.ch\/en\/wp-json\/wp\/v2\/product_cat?post=149607"},{"taxonomy":"product_tag","embeddable":true,"href":"https:\/\/pizbube.ch\/en\/wp-json\/wp\/v2\/product_tag?post=149607"}],"curies":[{"name":"wp","href":"https:\/\/api.w.org\/{rel}","templated":true}]}}