{"id":149609,"date":"2021-01-15T11:00:12","date_gmt":"2021-01-15T11:00:12","guid":{"rendered":"https:\/\/codengine3.ch\/?product=import-placeholder-for-208557"},"modified":"2024-04-26T09:49:36","modified_gmt":"2024-04-26T07:49:36","slug":"wanderwege-nordskandinavien","status":"publish","type":"product","link":"https:\/\/pizbube.ch\/en\/shop\/wanderwege-nordskandinavien\/","title":{"rendered":"Wanderwege Nordskandinavien"},"content":{"rendered":"<p>Wanderwege \u2013 Nordskandinavien\u201c ist ein umfassender Wanderf\u00fchrer, der<br \/>\ngrundlegende Informationen f\u00fcr jeden bereith\u00e4lt, der von Wanderungen in der<br \/>\nbeeindruckenden Berglandschaft und der weiten Wildnis Skandinaviens tr\u00e4umt.<\/p>\n<p>\u00dcber 200 Wanderungen in der beeindruckenden Landschaft Nordschwedens und<br \/>\nNordnorwegens<\/p>\n<p>Das Buch enth\u00e4lt detaillierte Beschreibungen von \u00fcber 200 Wanderrouten in den<br \/>\nWandergebieten Troms, Narvikfjellene, Abisko-Kebnekaise, Padjelanta &amp; Sarek,<br \/>\nSulitjelma &amp; Junkerdal, Saltfjellet-Svartisen und Vindelfj\u00e4llen &amp;<br \/>\nArjeplogsfj\u00e4llen sowie die bekannten Weitwanderwege Kungsleden, Kalottireitti,<br \/>\nPadjelantaleden, R\u00e1djeb\u00e1lges, Nordlandsruta und Rallarv\u00e4gen.<\/p>\n<p>Durch die Kombination verschiedener Routen kann sich jeder seine individuelle<br \/>\nWandertour zusammenstellen.<br \/>\nZus\u00e4tzlich enth\u00e4lt der reich bebilderte Band viele n\u00fctzliche Informationen zum<br \/>\n\u00dcbernachten in H\u00fctten, zur Anreise und Wanderzeit und andere praktische<br \/>\nWandertipps.<\/p>\n<p>\u2022 Anreise nach Nordskandinavien<br \/>\n\u2022 Vorbereitung &amp; Planung einer Wandertour<br \/>\n\u2022 H\u00fctten und \u00dcbernachtungsm\u00f6glichkeiten<br \/>\n\u2022 Zelten, Feuer machen, Trinkwasser, Br\u00fccken, Flussquerungen, Wegmarkierungen,<br \/>\nGefahren<br \/>\n\u2022 \u00fcber 200 Wanderrouten<br \/>\n\u2022 farbige \u00dcbersichtskarten<br \/>\n\u2022 sch\u00f6ne und informative Farbfotos<\/p>","protected":false},"excerpt":{"rendered":"<ul>\n<li><a href=\"https:\/\/pizbube.ch\/wp-content\/uploads\/attachments\/a_031\/E86710DDDD501C009B7C0D1EAEA4B14B.pdf\" target=\"_blank\" rel=\"noopener\">PDF: inhaltsverzeichnis_wanderwege_nordskandinavien<\/a><\/li>\n<\/ul>","protected":false},"featured_media":40545,"template":"","meta":[],"product_brand":[],"product_cat":[21605],"product_tag":[],"class_list":{"0":"post-149609","1":"product","2":"type-product","3":"status-publish","4":"has-post-thumbnail","6":"product_cat-wanderfuehrer-trekking","7":"pa_autor-ahonen","8":"pa_erscheinungsjahr-21574","9":"pa_region-skandinavien-norwegen-schweden-finnland","10":"pa_sprache-de","12":"first","13":"outofstock","14":"taxable","15":"shipping-taxable","16":"purchasable","17":"product-type-simple"},"_links":{"self":[{"href":"https:\/\/pizbube.ch\/en\/wp-json\/wp\/v2\/product\/149609","targetHints":{"allow":["GET"]}}],"collection":[{"href":"https:\/\/pizbube.ch\/en\/wp-json\/wp\/v2\/product"}],"about":[{"href":"https:\/\/pizbube.ch\/en\/wp-json\/wp\/v2\/types\/product"}],"wp:featuredmedia":[{"embeddable":true,"href":"https:\/\/pizbube.ch\/en\/wp-json\/wp\/v2\/media\/40545"}],"wp:attachment":[{"href":"https:\/\/pizbube.ch\/en\/wp-json\/wp\/v2\/media?parent=149609"}],"wp:term":[{"taxonomy":"product_brand","embeddable":true,"href":"https:\/\/pizbube.ch\/en\/wp-json\/wp\/v2\/product_brand?post=149609"},{"taxonomy":"product_cat","embeddable":true,"href":"https:\/\/pizbube.ch\/en\/wp-json\/wp\/v2\/product_cat?post=149609"},{"taxonomy":"product_tag","embeddable":true,"href":"https:\/\/pizbube.ch\/en\/wp-json\/wp\/v2\/product_tag?post=149609"}],"curies":[{"name":"wp","href":"https:\/\/api.w.org\/{rel}","templated":true}]}}