{"id":149610,"date":"2021-01-15T11:00:12","date_gmt":"2021-01-15T11:00:12","guid":{"rendered":"https:\/\/codengine3.ch\/?product=import-placeholder-for-206579"},"modified":"2023-02-15T09:14:30","modified_gmt":"2023-02-15T08:14:30","slug":"schweden-mitte","status":"publish","type":"product","link":"https:\/\/pizbube.ch\/en\/shop\/schweden-mitte\/","title":{"rendered":"Schweden Mitte"},"content":{"rendered":"<p class=\"mt-3\">Zwischen H\u00f6ga Kusten, H\u00e4rjedalen und J\u00e4mtlandsfj\u00e4ll<\/p>\n<p><span class=\"value\">Schweden wie aus dem Bilderbuch! Das s\u00fcdliche Norrland ist ein Paradies f\u00fcr Wanderer, die die herbe Sch\u00f6nheit nordischer Landschaften sch\u00e4tzen. An Vielfalt ist das Gebiet des Rother Wanderf\u00fchrers \u00bbSchweden Mitte\u00ab, das die Provinzen J\u00e4mtland, H\u00e4rjedalen, \u00c5ngermanland, Medelpad, H\u00e4lsingland und G\u00e4strikland umfasst, kaum zu \u00fcberbieten: An der Grenze zu Norwegen finden sich Hochgebirgsregionen und Gletscher, an der K\u00fcste im Osten Landschaften von idyllischer Lieblichkeit, aber auch atemberaubender Wildheit sowie h\u00fcbsche Fischerd\u00f6rfer und quirlige Hafenst\u00e4dte.<\/span><\/p>\n<p>Zwischen H\u00e4lsingland im S\u00fcden mit seinen stattlichen Bauernh\u00f6fen und den samischen Siedlungen im Norden erstrecken sich endlose W\u00e4lder, unz\u00e4hlige Seen und beeindruckende Flusst\u00e4ler \u2013 und die typischen roten H\u00e4user sorgen f\u00fcr bunte Farbtupfer. Auch das kulturelle Erbe ist beachtlich: Steinzeitliche Felszeichnungen, Wikingergr\u00e4ber und alte Erzbergwerke k\u00f6nnen besichtigt werden.<\/p>\n<p>Der Schwerpunkt der in dem Rother Wanderf\u00fchrer \u00bbSchweden Mitte\u00ab vorgestellten 50 Touren liegt in den Fj\u00e4llregionen. Doch auch an der K\u00fcste finden sich zahlreiche reizvolle Ziele. Sowohl Tageswanderer als auch diejenigen, die mehrt\u00e4gige Touren planen, werden in der Tourenauswahl f\u00fcndig. Die Anforderungen reichen vom gem\u00fctlichen, kurzen Spaziergang bis zur anspruchsvollen Mehrtagestour.<\/p>\n<p>Alle Wanderungen werden mit einer Kurzinfo mit wichtigen Angaben, einer exakten Routenbeschreibung, einem aussagekr\u00e4ftigen H\u00f6henprofil sowie einem Wanderk\u00e4rtchen vorgestellt. GPS-Daten stehen zum Download bereit. Die zahlreichen Fotos machen Lust, sofort die Wanderschuhe zu schn\u00fcren und loszuwandern.<\/p>\n<p>50 H\u00f6henprofile, 50 Wanderk\u00e4rtchen im Ma\u00dfstab 1:50.000, 1:75.000 und 1:100.000, zwei \u00dcbersichtskarten im Ma\u00dfstab 1:3.700.000 und 1:6.000.000<\/p>\n<p>3., aktualisierte Auflage 2021<\/p>","protected":false},"excerpt":{"rendered":"<p>Zwischen H\u00f6ga Kusten, H\u00e4rjedalen und J\u00e4mtlandsfj\u00e4ll Schweden wie aus dem Bilderbuch! Das s\u00fcdliche Norrland ist ein Paradies f\u00fcr Wanderer, die die herbe Sch\u00f6nheit nordischer Landschaften sch\u00e4tzen. An Vielfalt ist das Gebiet des Rother Wanderf\u00fchrers \u00bbSchweden Mitte\u00ab, das die Provinzen J\u00e4mtland, H\u00e4rjedalen, \u00c5ngermanland, Medelpad, H\u00e4lsingland und G\u00e4strikland umfasst, kaum zu \u00fcberbieten: An der Grenze zu Norwegen [&#8230;]\n","protected":false},"featured_media":166164,"template":"","meta":[],"product_brand":[],"product_cat":[21605],"product_tag":[],"class_list":{"0":"post-149610","1":"product","2":"type-product","3":"status-publish","4":"has-post-thumbnail","6":"product_cat-wanderfuehrer-trekking","7":"pa_autor-gilcher","8":"pa_erscheinungsjahr-25440","9":"pa_region-skandinavien-norwegen-schweden-finnland","10":"pa_sprache-de","12":"first","13":"instock","14":"taxable","15":"shipping-taxable","16":"purchasable","17":"product-type-simple"},"_links":{"self":[{"href":"https:\/\/pizbube.ch\/en\/wp-json\/wp\/v2\/product\/149610","targetHints":{"allow":["GET"]}}],"collection":[{"href":"https:\/\/pizbube.ch\/en\/wp-json\/wp\/v2\/product"}],"about":[{"href":"https:\/\/pizbube.ch\/en\/wp-json\/wp\/v2\/types\/product"}],"wp:featuredmedia":[{"embeddable":true,"href":"https:\/\/pizbube.ch\/en\/wp-json\/wp\/v2\/media\/166164"}],"wp:attachment":[{"href":"https:\/\/pizbube.ch\/en\/wp-json\/wp\/v2\/media?parent=149610"}],"wp:term":[{"taxonomy":"product_brand","embeddable":true,"href":"https:\/\/pizbube.ch\/en\/wp-json\/wp\/v2\/product_brand?post=149610"},{"taxonomy":"product_cat","embeddable":true,"href":"https:\/\/pizbube.ch\/en\/wp-json\/wp\/v2\/product_cat?post=149610"},{"taxonomy":"product_tag","embeddable":true,"href":"https:\/\/pizbube.ch\/en\/wp-json\/wp\/v2\/product_tag?post=149610"}],"curies":[{"name":"wp","href":"https:\/\/api.w.org\/{rel}","templated":true}]}}