{"id":149611,"date":"2021-01-15T11:00:12","date_gmt":"2021-01-15T11:00:12","guid":{"rendered":"https:\/\/codengine3.ch\/?product=import-placeholder-for-208562"},"modified":"2023-06-08T11:56:34","modified_gmt":"2023-06-08T09:56:34","slug":"norwegen-jotunheimen-rondane","status":"publish","type":"product","link":"https:\/\/pizbube.ch\/en\/shop\/norwegen-jotunheimen-rondane\/","title":{"rendered":"Norwegen \u00b7 Jotunheimen &#8211; Rondane &#8211; Dovrefjell"},"content":{"rendered":"<p class=\"mt-3\">Die sch\u00f6nsten Fjord- und Bergwanderungen<\/p>\n<p><span class=\"value\">Norwegen ist das Paradies f\u00fcr Outdoor-Fans. Einzigartig ist hier die Natur und besonders herausragend ist sie in den norwegischen Nationalparks Jotunheimen, Rondane, Dovre und Dovrefjell-Sunndalsfjella: Gipfel, Kare, Kletterfelsen und gletschergr\u00fcne Seen, eine artenreiche Tierwelt und aussichtsreiche Hochebenen, \u00fcber die Rentiere ziehen, begeistern alle Wanderer. In 52 Touren erschlie\u00dft der Wanderf\u00fchrer \u00bbNorwegen \u00b7 Jotunheimen &#8211; Rondane &#8211; Dovrefjell\u00ab das sogenannte Dach Skandinaviens zwischen Lillehammer, Sognefjord und Oppdal.<\/span><\/p>\n<p>Der Wanderf\u00fchrer pr\u00e4sentiert viele leichte Wanderungen, auf denen sich die fantastische Bergnatur Norwegens ohne Strapazen genie\u00dfen l\u00e4sst. Die meisten Routen sind jedoch mittelschwer bis anspruchsvoll: Die Pfade f\u00fchren naturbelassen \u00bb\u00fcber Stock und Stein\u00ab, durch Moore und B\u00e4che. Viele mehrt\u00e4gige Trekkingtouren erschlie\u00dfen die Urw\u00fcchsigkeit und Gro\u00dfartigkeit der norwegischen Bergwelt.<\/p>\n<p>Jede Wanderung wird mit einer zuverl\u00e4ssigen Tourenbeschreibung, einem Wanderk\u00e4rtchen mit eingetragenem Routenverlauf und einem aussagekr\u00e4ftigen H\u00f6henprofil vorgestellt. GPS-Daten stehen zum Download bereit. Dar\u00fcber hinaus gibt es viele Informationen zu Unterk\u00fcnften und Weg-Varianten. Ein kleines W\u00f6rterbuch f\u00fcr Wanderer hilft bei der Kommunikation unterwegs. Zahlreiche Fotos vermitteln, wie eindrucksvoll die Natur Norwegens ist.<\/p>\n<p>52 H\u00f6henprofile, 52 Wanderk\u00e4rtchen im Ma\u00dfstab 1:50.000, 1:75.000, 1:100.000 und 1:300.000,<br \/>\nzwei \u00dcbersichtskarten im Ma\u00dfstab 1:1.000.000 und 1:2.000.000<\/p>\n<p>4., \u00fcberarbeitete Auflage 2023<\/p>","protected":false},"excerpt":{"rendered":"<p>Die sch\u00f6nsten Fjord- und Bergwanderungen Norwegen ist das Paradies f\u00fcr Outdoor-Fans. Einzigartig ist hier die Natur und besonders herausragend ist sie in den norwegischen Nationalparks Jotunheimen, Rondane, Dovre und Dovrefjell-Sunndalsfjella: Gipfel, Kare, Kletterfelsen und gletschergr\u00fcne Seen, eine artenreiche Tierwelt und aussichtsreiche Hochebenen, \u00fcber die Rentiere ziehen, begeistern alle Wanderer. In 52 Touren erschlie\u00dft der Wanderf\u00fchrer [&#8230;]\n","protected":false},"featured_media":167931,"template":"","meta":[],"product_brand":[],"product_cat":[21605],"product_tag":[],"class_list":{"0":"post-149611","1":"product","2":"type-product","3":"status-publish","4":"has-post-thumbnail","6":"product_cat-wanderfuehrer-trekking","7":"pa_autor-pollmann","8":"pa_erscheinungsjahr-27129","9":"pa_region-skandinavien-norwegen-schweden-finnland","10":"pa_sprache-de","12":"first","13":"instock","14":"taxable","15":"shipping-taxable","16":"purchasable","17":"product-type-simple"},"_links":{"self":[{"href":"https:\/\/pizbube.ch\/en\/wp-json\/wp\/v2\/product\/149611","targetHints":{"allow":["GET"]}}],"collection":[{"href":"https:\/\/pizbube.ch\/en\/wp-json\/wp\/v2\/product"}],"about":[{"href":"https:\/\/pizbube.ch\/en\/wp-json\/wp\/v2\/types\/product"}],"wp:featuredmedia":[{"embeddable":true,"href":"https:\/\/pizbube.ch\/en\/wp-json\/wp\/v2\/media\/167931"}],"wp:attachment":[{"href":"https:\/\/pizbube.ch\/en\/wp-json\/wp\/v2\/media?parent=149611"}],"wp:term":[{"taxonomy":"product_brand","embeddable":true,"href":"https:\/\/pizbube.ch\/en\/wp-json\/wp\/v2\/product_brand?post=149611"},{"taxonomy":"product_cat","embeddable":true,"href":"https:\/\/pizbube.ch\/en\/wp-json\/wp\/v2\/product_cat?post=149611"},{"taxonomy":"product_tag","embeddable":true,"href":"https:\/\/pizbube.ch\/en\/wp-json\/wp\/v2\/product_tag?post=149611"}],"curies":[{"name":"wp","href":"https:\/\/api.w.org\/{rel}","templated":true}]}}