{"id":149612,"date":"2021-01-15T11:00:12","date_gmt":"2021-01-15T11:00:12","guid":{"rendered":"https:\/\/codengine3.ch\/?product=import-placeholder-for-204617"},"modified":"2021-01-15T14:34:54","modified_gmt":"2021-01-15T14:34:54","slug":"traumtreks-im-hohen-norden","status":"publish","type":"product","link":"https:\/\/pizbube.ch\/en\/shop\/traumtreks-im-hohen-norden\/","title":{"rendered":"Traumtreks im hohen Norden"},"content":{"rendered":"<p>\n26 Sehnsuchtstouren in Gr\u00f6nland, Island, Skandinavien und im Baltikum<\/p>\n<p>Mystische Lichtstimmungen, raue, unb\u00e4ndige Natur und weite urspr\u00fcngliche<br \/>\nLandschaften fernab der Zivilisation. Sind Sie auch der Sehnsucht nach dem<br \/>\nhohen Norden erlegen? Nirgendwo ist das Wandererlebnis so intensiv und<br \/>\nelementar.<\/p>\n<p>Dieser Bildband versammelt Treks von Gr\u00f6nland \u00fcber Island, den F\u00e4r\u00f6er Inseln,<br \/>\nSchottland und Skandinavien bis zum Baltikum mit allen wichtigen<br \/>\nHintergrundinformationen sowie Bildern zum Tr\u00e4umen.  <\/p>\n<p>In diesem Tourenbildband lassen 26 Fernwanderungen eine fast unb\u00e4ndige<br \/>\nSehnsucht nach dem hohen Norden aufkommen. Der Norden lockt mit mystischen<br \/>\nLichtstimmungen, rauer, unb\u00e4ndiger Natur und weiten Landschaften. All dies ist<br \/>\nin diesem Bildband eingefangen und f\u00fcr Sie festgehalten worden.<\/p>\n<p>Das Wandern auf den Treks in Gr\u00f6nland, Island, Skandinavien, Schottland, im<br \/>\nBaltikum und auf den F\u00e4r\u00f6er Inseln ist so einzigartig und intensiv, dass es<br \/>\nalle Wanderbegeisterten magisch anzieht. Neben eindrucksvoller Fotografie<br \/>\nbeinhaltet dieser Tourenbildband zu jeder Tour ausf\u00fchrliche Informationen und<br \/>\ndetaillierte Karten.  <\/p>\n<p>224 Seiten<br \/>\nca. 250 Abbildungen; Format 22,5 x 27,1 cm, Hardcover  <\/p>","protected":false},"excerpt":{"rendered":"<p>26 Sehnsuchtstouren in Gr\u00f6nland, Island, Skandinavien und im Baltikum Mystische Lichtstimmungen, raue, unb\u00e4ndige Natur und weite urspr\u00fcngliche Landschaften fernab der Zivilisation. Sind Sie auch der Sehnsucht nach dem hohen Norden erlegen? Nirgendwo ist das Wandererlebnis so intensiv und elementar. Dieser Bildband versammelt Treks von Gr\u00f6nland \u00fcber Island, den F\u00e4r\u00f6er Inseln, Schottland und Skandinavien bis zum [&#8230;]\n","protected":false},"featured_media":32817,"template":"","meta":[],"product_brand":[],"product_cat":[21542],"product_tag":[],"class_list":{"0":"post-149612","1":"product","2":"type-product","3":"status-publish","4":"has-post-thumbnail","6":"product_cat-sachbuecher-dokumentationen","7":"pa_autor-vogeley","8":"pa_erscheinungsjahr-21586","9":"pa_region-skandinavien-norwegen-schweden-finnland","10":"pa_sprache-de","12":"first","13":"instock","14":"taxable","15":"shipping-taxable","16":"purchasable","17":"product-type-simple"},"_links":{"self":[{"href":"https:\/\/pizbube.ch\/en\/wp-json\/wp\/v2\/product\/149612","targetHints":{"allow":["GET"]}}],"collection":[{"href":"https:\/\/pizbube.ch\/en\/wp-json\/wp\/v2\/product"}],"about":[{"href":"https:\/\/pizbube.ch\/en\/wp-json\/wp\/v2\/types\/product"}],"wp:featuredmedia":[{"embeddable":true,"href":"https:\/\/pizbube.ch\/en\/wp-json\/wp\/v2\/media\/32817"}],"wp:attachment":[{"href":"https:\/\/pizbube.ch\/en\/wp-json\/wp\/v2\/media?parent=149612"}],"wp:term":[{"taxonomy":"product_brand","embeddable":true,"href":"https:\/\/pizbube.ch\/en\/wp-json\/wp\/v2\/product_brand?post=149612"},{"taxonomy":"product_cat","embeddable":true,"href":"https:\/\/pizbube.ch\/en\/wp-json\/wp\/v2\/product_cat?post=149612"},{"taxonomy":"product_tag","embeddable":true,"href":"https:\/\/pizbube.ch\/en\/wp-json\/wp\/v2\/product_tag?post=149612"}],"curies":[{"name":"wp","href":"https:\/\/api.w.org\/{rel}","templated":true}]}}