{"id":149613,"date":"2021-01-15T11:00:12","date_gmt":"2021-01-15T11:00:12","guid":{"rendered":"https:\/\/codengine3.ch\/?product=import-placeholder-for-204690"},"modified":"2024-11-06T09:35:33","modified_gmt":"2024-11-06T08:35:33","slug":"island-22-wanderungen","status":"publish","type":"product","link":"https:\/\/pizbube.ch\/en\/shop\/island-22-wanderungen\/","title":{"rendered":"Island &#8211; 24 Wanderungen rechts und links der Ringstrasse"},"content":{"rendered":"<p><span class=\"value\">Island, die &#171;letzte Wildnis Europas&#187;, gilt als Eldorado f\u00fcr Naturliebhaber und begeistert mit einem dichten Netz hervorragend markierter Wege. Dieses Buch beschreibt die 24 sch\u00f6nsten Touren rechts und links der Ringstra\u00dfe, vom einfachen Streifzug bis zur anspruchsvollen 10-Stunden-Tour. Entlang der Wege warten donnernde Wasserf\u00e4lle, dampfende Lavafelder, Gletscherlagunen, wilde Steilk\u00fcsten und viele weitere spektakul\u00e4re Highlights. <\/span><\/p>\n<p><span class=\"value\">Zu jeder Tour gibt es praktische Hinweise zur Anreise mit Pkw oder Bus, Markierungen, Karten usw., au\u00dferdem Tipps f\u00fcr Wanderer mit Kindern. Exakte Wegbeschreibungen, detaillierte Karten und GPS-Tracks, die kostenlos heruntergeladen werden k\u00f6nnen, erleichtern die Orientierung.<\/span><\/p>\n<p>2. \u00fcberarbeitete Auflage 2022,<br \/>\n160 Seiten, <span class=\"value\">Breite 115 mm, H\u00f6he 165 mm<\/span><\/p>","protected":false},"excerpt":{"rendered":"<p>Island, die &#171;letzte Wildnis Europas&#187;, gilt als Eldorado f\u00fcr Naturliebhaber und begeistert mit einem dichten Netz hervorragend markierter Wege. Dieses Buch beschreibt die 24 sch\u00f6nsten Touren rechts und links der Ringstra\u00dfe, vom einfachen Streifzug bis zur anspruchsvollen 10-Stunden-Tour. Entlang der Wege warten donnernde Wasserf\u00e4lle, dampfende Lavafelder, Gletscherlagunen, wilde Steilk\u00fcsten und viele weitere spektakul\u00e4re Highlights. Zu [&#8230;]\n","protected":false},"featured_media":177058,"template":"","meta":[],"product_brand":[],"product_cat":[21605],"product_tag":[],"class_list":{"0":"post-149613","1":"product","2":"type-product","3":"status-publish","4":"has-post-thumbnail","6":"product_cat-wanderfuehrer-trekking","7":"pa_autor-van-de-perre","8":"pa_erscheinungsjahr-27013","9":"pa_region-arktis-antarktis-groenland-island","10":"pa_sprache-de","12":"first","13":"instock","14":"taxable","15":"shipping-taxable","16":"purchasable","17":"product-type-simple"},"_links":{"self":[{"href":"https:\/\/pizbube.ch\/en\/wp-json\/wp\/v2\/product\/149613","targetHints":{"allow":["GET"]}}],"collection":[{"href":"https:\/\/pizbube.ch\/en\/wp-json\/wp\/v2\/product"}],"about":[{"href":"https:\/\/pizbube.ch\/en\/wp-json\/wp\/v2\/types\/product"}],"wp:featuredmedia":[{"embeddable":true,"href":"https:\/\/pizbube.ch\/en\/wp-json\/wp\/v2\/media\/177058"}],"wp:attachment":[{"href":"https:\/\/pizbube.ch\/en\/wp-json\/wp\/v2\/media?parent=149613"}],"wp:term":[{"taxonomy":"product_brand","embeddable":true,"href":"https:\/\/pizbube.ch\/en\/wp-json\/wp\/v2\/product_brand?post=149613"},{"taxonomy":"product_cat","embeddable":true,"href":"https:\/\/pizbube.ch\/en\/wp-json\/wp\/v2\/product_cat?post=149613"},{"taxonomy":"product_tag","embeddable":true,"href":"https:\/\/pizbube.ch\/en\/wp-json\/wp\/v2\/product_tag?post=149613"}],"curies":[{"name":"wp","href":"https:\/\/api.w.org\/{rel}","templated":true}]}}