{"id":149614,"date":"2021-01-15T11:00:12","date_gmt":"2021-01-15T11:00:12","guid":{"rendered":"https:\/\/codengine3.ch\/?product=import-placeholder-for-201274"},"modified":"2024-12-05T08:56:08","modified_gmt":"2024-12-05T07:56:08","slug":"les-plus-belles-parois-calcaires-des-alpes-francaises-itineraires-dun-grimpeur-gate","status":"publish","type":"product","link":"https:\/\/pizbube.ch\/en\/shop\/les-plus-belles-parois-calcaires-des-alpes-francaises-itineraires-dun-grimpeur-gate\/","title":{"rendered":"LES PLUS BELLES PAROIS CALCAIRES DES ALPES FRANCAISES &#8211; ITINERAIRES D&#8217;UN GRIMPEUR G\u00c2T\u00c9"},"content":{"rendered":"<p>TOPO D&#8217;ESCALADE: 24 voies niveau max 6b. 41 voies niveau max 6c. 25 voies<br \/>\nniveau max 7a\/b. 13 voies niveau 7c. Issues de : Chablais . Haut Giffre\/Fizz .<br \/>\nAravis . Bornes . Beaufortain . Vanoise . Croix des T\u00eates . Queyras nord .<br \/>\nChartreuse . Vercors . D\u00e9voluy . Cerces .Ecrins . Ubaye . Mercantour .<br \/>\nPr\u00e9alpes de Castellane . Sainte Victoire . Calanques.<\/p>\n<p>Un parcours id\u00e9al \u00e0 travers les plus belles parois calcaires des Alpes<br \/>\nfran\u00e7aises, du lac L\u00e9man \u00e0 la mer M\u00e9diterran\u00e9e avec les voies les plus<br \/>\nmarquantes (les plus belles diront certains), en tout cas, les plus<br \/>\nincontournables ! Pour le grimpeur nomade en qu\u00eate de d\u00e9couverte, mais aussi<br \/>\nun parcours int\u00e9rieur pour le grimpeur en qu\u00eate de progr\u00e8s puisque tous les<br \/>\nniveaux de difficult\u00e9s sont propos\u00e9s. Le rocher calcaire, la richesse de ses<br \/>\nformes sculpt\u00e9es par l&#8217;eau, son grain, son toucher suffisent aujourd&#8217;hui aux<br \/>\ngrimpeurs amoureux de grands espaces.<\/p>\n<p>Les parois calcaires (hors acc\u00e8s neigeux), interm\u00e9diaires entre l&#8217;\u00e9cole<br \/>\nd&#8217;escalade et la haute montagne, sont devenues des terrains de jeu et de<br \/>\nressourcement, apportant \u00e0 l&#8217;escalade qu&#8217;elle soit sportive ou non une<br \/>\ndimension suppl\u00e9mentaire. Une pr\u00e9sentation d\u00e9taill\u00e9e, des indications pr\u00e9cises<br \/>\nconcernant l&#8217;acc\u00e8s, les difficult\u00e9s, l&#8217;\u00e9quipement ou le mat\u00e9riel n\u00e9cessaire<br \/>\nsont associ\u00e9es \u00e0 l&#8217;\u00e9vocation du parcours personnel de l&#8217;auteur.<\/p>\n<p>Riche d&#8217;anecdotes, de photographies, d&#8217;aquarelles, de dessins qui sont autant<br \/>\nd&#8217;\u00e9loge du travail de la main et de l&#8217;eau, ce parcours n&#8217;est \u00e9videmment pas \u00e0<br \/>\nrevivre, mais \u00e0 recomposer soi-m\u00eame. Comme le fait \u00e0 chaque fois la cord\u00e9e<br \/>\npour la voie qu&#8217;elle gravit, en faisant une autre premi\u00e8r: la sienne.<\/p>\n<p>384 pages couleur &#8211; Tr\u00e8s nombreuses photos et illustrations (dessins,<br \/>\naquarelles)<\/p>","protected":false},"excerpt":{"rendered":"<p>TOPO D&#8217;ESCALADE: 24 voies niveau max 6b. 41 voies niveau max 6c. 25 voies niveau max 7a\/b. 13 voies niveau 7c. Issues de : Chablais . Haut Giffre\/Fizz . Aravis . Bornes . Beaufortain . Vanoise . Croix des T\u00eates . Queyras nord . Chartreuse . Vercors . D\u00e9voluy . Cerces .Ecrins . Ubaye . [&#8230;]\n","protected":false},"featured_media":161393,"template":"","meta":[],"product_brand":[],"product_cat":[21539],"product_tag":[],"class_list":{"0":"post-149614","1":"product","2":"type-product","3":"status-publish","4":"has-post-thumbnail","6":"product_cat-fuehrerliteratur-sportklettern-bouldern","7":"pa_autor-mussatto","8":"pa_erscheinungsjahr-21830","9":"pa_region-frankreich","10":"pa_sprache-fr","12":"first","13":"outofstock","14":"taxable","15":"shipping-taxable","16":"purchasable","17":"product-type-simple"},"_links":{"self":[{"href":"https:\/\/pizbube.ch\/en\/wp-json\/wp\/v2\/product\/149614","targetHints":{"allow":["GET"]}}],"collection":[{"href":"https:\/\/pizbube.ch\/en\/wp-json\/wp\/v2\/product"}],"about":[{"href":"https:\/\/pizbube.ch\/en\/wp-json\/wp\/v2\/types\/product"}],"wp:featuredmedia":[{"embeddable":true,"href":"https:\/\/pizbube.ch\/en\/wp-json\/wp\/v2\/media\/161393"}],"wp:attachment":[{"href":"https:\/\/pizbube.ch\/en\/wp-json\/wp\/v2\/media?parent=149614"}],"wp:term":[{"taxonomy":"product_brand","embeddable":true,"href":"https:\/\/pizbube.ch\/en\/wp-json\/wp\/v2\/product_brand?post=149614"},{"taxonomy":"product_cat","embeddable":true,"href":"https:\/\/pizbube.ch\/en\/wp-json\/wp\/v2\/product_cat?post=149614"},{"taxonomy":"product_tag","embeddable":true,"href":"https:\/\/pizbube.ch\/en\/wp-json\/wp\/v2\/product_tag?post=149614"}],"curies":[{"name":"wp","href":"https:\/\/api.w.org\/{rel}","templated":true}]}}