{"id":149615,"date":"2021-01-15T11:00:20","date_gmt":"2021-01-15T11:00:20","guid":{"rendered":"https:\/\/codengine3.ch\/?product=import-placeholder-for-205091"},"modified":"2022-10-29T13:19:56","modified_gmt":"2022-10-29T11:19:56","slug":"am-limit-dvd","status":"publish","type":"product","link":"https:\/\/pizbube.ch\/en\/shop\/am-limit-dvd\/","title":{"rendered":"Am Limit DVD"},"content":{"rendered":"<p>&#8218;The Nose&#8216; lautet der fast scherzhafte Name f\u00fcr die 1.000 Meter hohe<br \/>\nGranitwand des &#8218;El Capitan&#8216;. An dieser Stelle wollen Alexander und Thomas<br \/>\nHuber den Rekord im Speed-Klettern brechen. Seit fr\u00fchester Kindheit sind die<br \/>\nbeiden Br\u00fcder in den Bergen zu Hause, und bereit, f\u00fcr neue Herausforderungen<br \/>\nund Grenzerfahrungen bis ans \u00c4u\u00dferste zu gehen.<\/p>\n<p>Oscar-Preistr\u00e4ger Pepe Danquart hat die Extremkletterer bei ihrem Abenteuer<br \/>\nbegleitet. Entstanden ist ein Film voller Spannung und Nervenkitzel mit<br \/>\natemberaubenden Bildern aus schwindelerregenden H\u00f6hen. Zwei Br\u00fcder auf der<br \/>\nSuche nach dem eigenen Limit.<\/p>\n<p>Darsteller: Thomas Huber, Alexander Huber, Dean S. Potter, Chongo<br \/>\nLaufzeit: 96 Min Hauptfilm<\/p>","protected":false},"excerpt":{"rendered":"<p>&#8218;The Nose&#8216; lautet der fast scherzhafte Name f\u00fcr die 1.000 Meter hohe Granitwand des &#8218;El Capitan&#8216;. An dieser Stelle wollen Alexander und Thomas Huber den Rekord im Speed-Klettern brechen. Seit fr\u00fchester Kindheit sind die beiden Br\u00fcder in den Bergen zu Hause, und bereit, f\u00fcr neue Herausforderungen und Grenzerfahrungen bis ans \u00c4u\u00dferste zu gehen. Oscar-Preistr\u00e4ger Pepe [&#8230;]\n","protected":false},"featured_media":33693,"template":"","meta":[],"product_brand":[],"product_cat":[21628],"product_tag":[],"class_list":{"0":"post-149615","1":"product","2":"type-product","3":"status-publish","4":"has-post-thumbnail","6":"product_cat-video-dvd-multimedia","7":"pa_autor-danquart","8":"pa_erscheinungsjahr-21842","9":"pa_region-deutschland","10":"pa_sprache-de","12":"first","13":"outofstock","14":"taxable","15":"shipping-taxable","16":"purchasable","17":"product-type-simple"},"_links":{"self":[{"href":"https:\/\/pizbube.ch\/en\/wp-json\/wp\/v2\/product\/149615","targetHints":{"allow":["GET"]}}],"collection":[{"href":"https:\/\/pizbube.ch\/en\/wp-json\/wp\/v2\/product"}],"about":[{"href":"https:\/\/pizbube.ch\/en\/wp-json\/wp\/v2\/types\/product"}],"wp:featuredmedia":[{"embeddable":true,"href":"https:\/\/pizbube.ch\/en\/wp-json\/wp\/v2\/media\/33693"}],"wp:attachment":[{"href":"https:\/\/pizbube.ch\/en\/wp-json\/wp\/v2\/media?parent=149615"}],"wp:term":[{"taxonomy":"product_brand","embeddable":true,"href":"https:\/\/pizbube.ch\/en\/wp-json\/wp\/v2\/product_brand?post=149615"},{"taxonomy":"product_cat","embeddable":true,"href":"https:\/\/pizbube.ch\/en\/wp-json\/wp\/v2\/product_cat?post=149615"},{"taxonomy":"product_tag","embeddable":true,"href":"https:\/\/pizbube.ch\/en\/wp-json\/wp\/v2\/product_tag?post=149615"}],"curies":[{"name":"wp","href":"https:\/\/api.w.org\/{rel}","templated":true}]}}