{"id":149618,"date":"2021-01-15T11:00:20","date_gmt":"2021-01-15T11:00:20","guid":{"rendered":"https:\/\/codengine3.ch\/?product=import-placeholder-for-204442"},"modified":"2021-03-12T10:19:47","modified_gmt":"2021-03-12T09:19:47","slug":"skitourenfuehrer-bayerische-alpen","status":"publish","type":"product","link":"https:\/\/pizbube.ch\/en\/shop\/skitourenfuehrer-bayerische-alpen\/","title":{"rendered":"Skitourenf\u00fchrer Bayerische Alpen"},"content":{"rendered":"<p>Skitouren und Skibergsteigen zwischen Bad T\u00f6lz und Berchtesgaden<\/p>\n<p>Die Bayerischen Alpen zwischen Tegernsee und Berchtesgaden geh\u00f6ren wohl zu den<br \/>\nam meisten frequentierten Tourenbergen der gesamten Alpen. Der nahe<br \/>\nBallungsraum M\u00fcnchen und das dicht besiedelte Alpenvorland beherbergen eine<br \/>\ngro\u00dfe und aktive Tourengehergemeinde, die bei guten Verh\u00e4ltnissen ihre<br \/>\nFreizeit gerne im Tiefschnee zwischen Hirschberg und Watzmann verbringt.<\/p>\n<p>Der vorliegende, komplett vierfarbig bebilderte F\u00fchrer pr\u00e4sentiert \u00fcber 100<br \/>\nTourenziele, von der leichten `Feierabendroute` in den Vorbergen bis zur<br \/>\nanspruchsvollen `Gro\u00dfen Reibn` in den Berchtesgadener Alpen.<br \/>\nSelbstverst\u00e4ndlich sind sowohl alle g\u00e4ngigen Klassiker als auch bisher den<br \/>\nLocals vorbehaltene Schmankerl enthalten.<\/p>\n<p>Die Routengebiete sind: Tegernsee, Schliersee-Spitzingsee, Sudelfeld-<br \/>\nWendelstein, Kaisergebirge, Chiemgau, Berchtesgaden, Reiteralm-Lofer-<br \/>\nHochk\u00f6nig.<br \/>\nPanico typisch mit exakten verbalen Beschreibungen, anschaulichen<br \/>\n\u00dcbersichtsfotos und zahlreichen Actionfotos &#8211; dieses Werk geh\u00f6rt in jeden<br \/>\nSkitoureng\u00e4ngerhaushalt.<\/p>\n<p><strong>**SONDERPREIS 3. Auflg. 2013: CHF 18.00 STATT 36.80**<\/strong><\/p>","protected":false},"excerpt":{"rendered":"<ul>\n<li><a href=\"https:\/\/pizbube.ch\/wp-content\/uploads\/attachments\/a_026\/AB268DB3E1783517CAEC50D3D01C358E.pdf\" target=\"_blank\" rel=\"noopener\">PDF: Bayerische Alpen Leseprobe<\/a><\/li>\n<\/ul>","protected":false},"featured_media":38570,"template":"","meta":[],"product_brand":[],"product_cat":[21540],"product_tag":[],"class_list":{"0":"post-149618","1":"product","2":"type-product","3":"status-publish","4":"has-post-thumbnail","6":"product_cat-fuehrerliteratur-alpin-winter","7":"pa_autor-stadler","8":"pa_erscheinungsjahr-21568","9":"pa_region-deutschland","10":"pa_sprache-de","12":"first","13":"instock","14":"sale","15":"taxable","16":"shipping-taxable","17":"purchasable","18":"product-type-simple"},"_links":{"self":[{"href":"https:\/\/pizbube.ch\/en\/wp-json\/wp\/v2\/product\/149618","targetHints":{"allow":["GET"]}}],"collection":[{"href":"https:\/\/pizbube.ch\/en\/wp-json\/wp\/v2\/product"}],"about":[{"href":"https:\/\/pizbube.ch\/en\/wp-json\/wp\/v2\/types\/product"}],"wp:featuredmedia":[{"embeddable":true,"href":"https:\/\/pizbube.ch\/en\/wp-json\/wp\/v2\/media\/38570"}],"wp:attachment":[{"href":"https:\/\/pizbube.ch\/en\/wp-json\/wp\/v2\/media?parent=149618"}],"wp:term":[{"taxonomy":"product_brand","embeddable":true,"href":"https:\/\/pizbube.ch\/en\/wp-json\/wp\/v2\/product_brand?post=149618"},{"taxonomy":"product_cat","embeddable":true,"href":"https:\/\/pizbube.ch\/en\/wp-json\/wp\/v2\/product_cat?post=149618"},{"taxonomy":"product_tag","embeddable":true,"href":"https:\/\/pizbube.ch\/en\/wp-json\/wp\/v2\/product_tag?post=149618"}],"curies":[{"name":"wp","href":"https:\/\/api.w.org\/{rel}","templated":true}]}}