{"id":149619,"date":"2021-01-15T11:00:21","date_gmt":"2021-01-15T11:00:21","guid":{"rendered":"https:\/\/codengine3.ch\/?product=import-placeholder-for-205488"},"modified":"2021-08-03T08:50:19","modified_gmt":"2021-08-03T06:50:19","slug":"by-18-bayerische-alpen-chiemgauer-alpen-mitte-1-25-000","status":"publish","type":"product","link":"https:\/\/pizbube.ch\/en\/shop\/by-18-bayerische-alpen-chiemgauer-alpen-mitte-1-25-000\/","title":{"rendered":"BY 18 Bayerische Alpen Chiemgauer Alpen Mitte 1: 25 000"},"content":{"rendered":"<p>BY18 Chiemgauer Alpen Mitte;<br \/>\nHochgern, Hochfelln<\/p>\n<p>mit Wegmarkierungen und Skirouten<br \/>\nMa\u00dfstab 1:25.000, UTM-Gitter, 2020<\/p>\n<p><span class=\"value\"><span class=\"expandableText\"><span class=\"intro\">Topographische Karte 1:25.000, mehrfarbig, mit Wegmarkierungen, Skirouten, Schneeschuhrouten, Schummerung, UTM-Gitter. Gebiet: Von Reit im Winkl im Westen bis Rohpolding im Osten, von Grassau im Norden bis zur Steinplatte im S\u00fcden. Mit Hochgern, Hochfelln, D\u00fcrrnbachhorn.Karte in Kunststoffh\u00fclle (Polypropylen) eingesteckt.<\/span><\/span><\/span><\/p>","protected":false},"excerpt":{"rendered":"<p>BY18 Chiemgauer Alpen Mitte; Hochgern, Hochfelln mit Wegmarkierungen und Skirouten Ma\u00dfstab 1:25.000, UTM-Gitter, 2020 Topographische Karte 1:25.000, mehrfarbig, mit Wegmarkierungen, Skirouten, Schneeschuhrouten, Schummerung, UTM-Gitter. Gebiet: Von Reit im Winkl im Westen bis Rohpolding im Osten, von Grassau im Norden bis zur Steinplatte im S\u00fcden. Mit Hochgern, Hochfelln, D\u00fcrrnbachhorn.Karte in Kunststoffh\u00fclle (Polypropylen) eingesteckt.<\/p>","protected":false},"featured_media":34213,"template":"","meta":[],"product_brand":[],"product_cat":[21543],"product_tag":[],"class_list":{"0":"post-149619","1":"product","2":"type-product","3":"status-publish","4":"has-post-thumbnail","6":"product_cat-landkarten","7":"pa_autor-dav","8":"pa_erscheinungsjahr-21558","9":"pa_region-deutschland","10":"pa_sprache-de","12":"first","13":"instock","14":"taxable","15":"shipping-taxable","16":"purchasable","17":"product-type-simple"},"_links":{"self":[{"href":"https:\/\/pizbube.ch\/en\/wp-json\/wp\/v2\/product\/149619","targetHints":{"allow":["GET"]}}],"collection":[{"href":"https:\/\/pizbube.ch\/en\/wp-json\/wp\/v2\/product"}],"about":[{"href":"https:\/\/pizbube.ch\/en\/wp-json\/wp\/v2\/types\/product"}],"wp:featuredmedia":[{"embeddable":true,"href":"https:\/\/pizbube.ch\/en\/wp-json\/wp\/v2\/media\/34213"}],"wp:attachment":[{"href":"https:\/\/pizbube.ch\/en\/wp-json\/wp\/v2\/media?parent=149619"}],"wp:term":[{"taxonomy":"product_brand","embeddable":true,"href":"https:\/\/pizbube.ch\/en\/wp-json\/wp\/v2\/product_brand?post=149619"},{"taxonomy":"product_cat","embeddable":true,"href":"https:\/\/pizbube.ch\/en\/wp-json\/wp\/v2\/product_cat?post=149619"},{"taxonomy":"product_tag","embeddable":true,"href":"https:\/\/pizbube.ch\/en\/wp-json\/wp\/v2\/product_tag?post=149619"}],"curies":[{"name":"wp","href":"https:\/\/api.w.org\/{rel}","templated":true}]}}