{"id":149622,"date":"2021-01-15T11:00:21","date_gmt":"2021-01-15T11:00:21","guid":{"rendered":"https:\/\/codengine3.ch\/?product=import-placeholder-for-207486"},"modified":"2023-02-02T12:01:36","modified_gmt":"2023-02-02T11:01:36","slug":"skitourenfuehrer-bayerische-alpen-inkl-gps-tracks","status":"publish","type":"product","link":"https:\/\/pizbube.ch\/en\/shop\/skitourenfuehrer-bayerische-alpen-inkl-gps-tracks\/","title":{"rendered":"Skitourenf\u00fchrer Bayerische Alpen inkl GPS-Tracks"},"content":{"rendered":"<p>Skif\u00fchrer Bayerische Alpen \u2013 die M\u00fcnchner Hausberge<\/p>\n<p>Die Bayerischen Alpen zwischen Tegernsee und Berchtesgaden geh\u00f6ren wohl zu den<br \/>\nam st\u00e4rksten frequentierten Tourenbergen der gesamten Alpen. Im nahen<br \/>\nBallungsraum M\u00fcnchen und im dicht besiedelten Alpenvorland ist eine gro\u00dfe und<br \/>\naktive Tourengehergemeinde zuhause, die ihre Freizeit gerne im Tiefschnee<br \/>\nzwischen Hirschberg und Watzmann verbringt und so auch ungewollt zu den<br \/>\nStammg\u00e4sten bei den Staus auf der A 8 z\u00e4hlen d\u00fcrfte. An vielen der<br \/>\nvorgestellten Ziele ist man also nur unter der Woche allein \u2013 allerdings nur<br \/>\nbei schlechtem Wetter.<\/p>\n<p>Der vorliegende Skif\u00fchrer pr\u00e4sentiert \u00fcber 140 Tourenziele, von der leichten<br \/>\n&#171;Feierabendroute&#187; in den Vorbergen bis hin zur anspruchsvollen &#171;Gro\u00dfen<br \/>\nReibn&#187; in den Berchtesgadener Alpen. Selbstverst\u00e4ndlich sind sowohl alle<br \/>\ng\u00e4ngigen Klassiker als auch einige bisher den Locals vorbehaltene Schmankerln<br \/>\nenthalten. Bei letzteren klappt&#8217;s dann vielleicht auch mal mit dem Alleinsein.<\/p>\n<p>Tourenziele:<br \/>\nTegernsee<br \/>\nSchliersee \u2013 Spitzingsee<br \/>\nSudelfeld \u2013 Wendelstein<br \/>\nKaisergebirge<br \/>\nChiemgau \u2013 West<br \/>\nChiemgau \u2013 Ost<br \/>\nBerchtesgaden<br \/>\nReiteralm \u2013 Lofer \u2013 Hochk\u00f6nig<\/p>\n<p>4. Auflage 2019<\/p>","protected":false},"excerpt":{"rendered":"<ul>\n<li><strong><a href=\"https:\/\/pizbube.ch\/wp-content\/uploads\/attachments\/a_024\/8EEBBD28BC519183E3D2E28A6C6A6240.pdf\" target=\"_blank\" rel=\"noopener\">PDF: Leseprobe Skitourenf\u00fchrer Bayerische Alpen<\/a><\/strong><\/li>\n<\/ul>","protected":false},"featured_media":165942,"template":"","meta":[],"product_brand":[],"product_cat":[21540],"product_tag":[],"class_list":{"0":"post-149622","1":"product","2":"type-product","3":"status-publish","4":"has-post-thumbnail","6":"product_cat-fuehrerliteratur-alpin-winter","7":"pa_autor-stadler","8":"pa_erscheinungsjahr-21586","9":"pa_region-deutschland","10":"pa_sprache-de","12":"first","13":"instock","14":"taxable","15":"shipping-taxable","16":"purchasable","17":"product-type-simple"},"_links":{"self":[{"href":"https:\/\/pizbube.ch\/en\/wp-json\/wp\/v2\/product\/149622","targetHints":{"allow":["GET"]}}],"collection":[{"href":"https:\/\/pizbube.ch\/en\/wp-json\/wp\/v2\/product"}],"about":[{"href":"https:\/\/pizbube.ch\/en\/wp-json\/wp\/v2\/types\/product"}],"wp:featuredmedia":[{"embeddable":true,"href":"https:\/\/pizbube.ch\/en\/wp-json\/wp\/v2\/media\/165942"}],"wp:attachment":[{"href":"https:\/\/pizbube.ch\/en\/wp-json\/wp\/v2\/media?parent=149622"}],"wp:term":[{"taxonomy":"product_brand","embeddable":true,"href":"https:\/\/pizbube.ch\/en\/wp-json\/wp\/v2\/product_brand?post=149622"},{"taxonomy":"product_cat","embeddable":true,"href":"https:\/\/pizbube.ch\/en\/wp-json\/wp\/v2\/product_cat?post=149622"},{"taxonomy":"product_tag","embeddable":true,"href":"https:\/\/pizbube.ch\/en\/wp-json\/wp\/v2\/product_tag?post=149622"}],"curies":[{"name":"wp","href":"https:\/\/api.w.org\/{rel}","templated":true}]}}