{"id":149623,"date":"2021-01-15T11:00:21","date_gmt":"2021-01-15T11:00:21","guid":{"rendered":"https:\/\/codengine3.ch\/?product=import-placeholder-for-207530"},"modified":"2021-07-03T10:36:24","modified_gmt":"2021-07-03T08:36:24","slug":"alpine-bergtouren-allgaeu","status":"publish","type":"product","link":"https:\/\/pizbube.ch\/en\/shop\/alpine-bergtouren-allgaeu\/","title":{"rendered":"Alpine Bergtouren Allg\u00e4u"},"content":{"rendered":"<p>45 anspruchsvolle Gipfelziele von den Ammergauer Alpen bis ins R\u00e4tikon<\/p>\n<p>Gipfel\u00fcberschreitungen, weglose Wanderungen, Touren am Grat: Die 45 felsigen<br \/>\nGipfelziele im Allg\u00e4u und den angrenzenden Gebirgsgruppen lassen<br \/>\nBergsteigerherzen h\u00f6her schlagen. S<\/p>\n<p>ie f\u00fchren auf Klassiker wie die Trettachspitze oder den Geiselstein aber auch<br \/>\nauf weniger bekannte Gipfel wie die Urbeleskarspitze. Ein inspirierender<br \/>\nTourenf\u00fchrer mit detaillierten Infos zu Routen, Ausr\u00fcstung und Anforderungen.<br \/>\nF\u00fcr erfahrene Bergsportler.<\/p>","protected":false},"excerpt":{"rendered":"<p>45 anspruchsvolle Gipfelziele von den Ammergauer Alpen bis ins R\u00e4tikon Gipfel\u00fcberschreitungen, weglose Wanderungen, Touren am Grat: Die 45 felsigen Gipfelziele im Allg\u00e4u und den angrenzenden Gebirgsgruppen lassen Bergsteigerherzen h\u00f6her schlagen. S ie f\u00fchren auf Klassiker wie die Trettachspitze oder den Geiselstein aber auch auf weniger bekannte Gipfel wie die Urbeleskarspitze. Ein inspirierender Tourenf\u00fchrer mit detaillierten [&#8230;]\n","protected":false},"featured_media":37736,"template":"","meta":[],"product_brand":[],"product_cat":[21544],"product_tag":[],"class_list":{"0":"post-149623","1":"product","2":"type-product","3":"status-publish","4":"has-post-thumbnail","6":"product_cat-fuehrerliteratur-alpin-sommer","7":"pa_autor-rath","8":"pa_erscheinungsjahr-21568","9":"pa_region-deutschland","10":"pa_sprache-de","12":"first","13":"outofstock","14":"taxable","15":"shipping-taxable","16":"purchasable","17":"product-type-simple"},"_links":{"self":[{"href":"https:\/\/pizbube.ch\/en\/wp-json\/wp\/v2\/product\/149623","targetHints":{"allow":["GET"]}}],"collection":[{"href":"https:\/\/pizbube.ch\/en\/wp-json\/wp\/v2\/product"}],"about":[{"href":"https:\/\/pizbube.ch\/en\/wp-json\/wp\/v2\/types\/product"}],"wp:featuredmedia":[{"embeddable":true,"href":"https:\/\/pizbube.ch\/en\/wp-json\/wp\/v2\/media\/37736"}],"wp:attachment":[{"href":"https:\/\/pizbube.ch\/en\/wp-json\/wp\/v2\/media?parent=149623"}],"wp:term":[{"taxonomy":"product_brand","embeddable":true,"href":"https:\/\/pizbube.ch\/en\/wp-json\/wp\/v2\/product_brand?post=149623"},{"taxonomy":"product_cat","embeddable":true,"href":"https:\/\/pizbube.ch\/en\/wp-json\/wp\/v2\/product_cat?post=149623"},{"taxonomy":"product_tag","embeddable":true,"href":"https:\/\/pizbube.ch\/en\/wp-json\/wp\/v2\/product_tag?post=149623"}],"curies":[{"name":"wp","href":"https:\/\/api.w.org\/{rel}","templated":true}]}}