{"id":149624,"date":"2021-01-15T11:00:21","date_gmt":"2021-01-15T11:00:21","guid":{"rendered":"https:\/\/codengine3.ch\/?product=import-placeholder-for-208295"},"modified":"2021-01-15T17:52:24","modified_gmt":"2021-01-15T17:52:24","slug":"by5-tannheimer-berge-125000","status":"publish","type":"product","link":"https:\/\/pizbube.ch\/en\/shop\/by5-tannheimer-berge-125000\/","title":{"rendered":"BY5 Tannheimer Berge 1:25`000"},"content":{"rendered":"<p>K\u00f6llenspitze, Gaishorn<br \/>\nmit Wegmarkierungen und Skirouten<br \/>\nMa\u00dfstab 1:25.000, UTM-Gitter, 1. Ausgabe 2012<\/p>\n<p>Diese Karten sind das Ergebnis einer Kooperation des Deutschen<br \/>\nAlpenvereins und des Landesamtes f\u00fcr Vermessung und Geoinformation<br \/>\nBayern. Auf Basis der topografischen Karten des Landesamtes wurden<br \/>\nausgew\u00e4hlte Blattschnitte von der Kartografie des Deutschen Alpenvereins<br \/>\nv\u00f6llig \u00fcberarbeitet. Das Ergebnis ist das wohl qualitativ beste<br \/>\nKartenwerk f\u00fcr Outdoorunternehmungen in den Bayerischen Bergen.<\/p>","protected":false},"excerpt":{"rendered":"<p>K\u00f6llenspitze, Gaishorn mit Wegmarkierungen und Skirouten Ma\u00dfstab 1:25.000, UTM-Gitter, 1. Ausgabe 2012 Diese Karten sind das Ergebnis einer Kooperation des Deutschen Alpenvereins und des Landesamtes f\u00fcr Vermessung und Geoinformation Bayern. Auf Basis der topografischen Karten des Landesamtes wurden ausgew\u00e4hlte Blattschnitte von der Kartografie des Deutschen Alpenvereins v\u00f6llig \u00fcberarbeitet. Das Ergebnis ist das wohl qualitativ beste [&#8230;]\n","protected":false},"featured_media":39906,"template":"","meta":[],"product_brand":[],"product_cat":[21543],"product_tag":[],"class_list":{"0":"post-149624","1":"product","2":"type-product","3":"status-publish","4":"has-post-thumbnail","6":"product_cat-landkarten","7":"pa_autor-dav","8":"pa_erscheinungsjahr-21621","9":"pa_region-deutschland","10":"pa_sprache-de","12":"first","13":"instock","14":"taxable","15":"shipping-taxable","16":"purchasable","17":"product-type-simple"},"_links":{"self":[{"href":"https:\/\/pizbube.ch\/en\/wp-json\/wp\/v2\/product\/149624","targetHints":{"allow":["GET"]}}],"collection":[{"href":"https:\/\/pizbube.ch\/en\/wp-json\/wp\/v2\/product"}],"about":[{"href":"https:\/\/pizbube.ch\/en\/wp-json\/wp\/v2\/types\/product"}],"wp:featuredmedia":[{"embeddable":true,"href":"https:\/\/pizbube.ch\/en\/wp-json\/wp\/v2\/media\/39906"}],"wp:attachment":[{"href":"https:\/\/pizbube.ch\/en\/wp-json\/wp\/v2\/media?parent=149624"}],"wp:term":[{"taxonomy":"product_brand","embeddable":true,"href":"https:\/\/pizbube.ch\/en\/wp-json\/wp\/v2\/product_brand?post=149624"},{"taxonomy":"product_cat","embeddable":true,"href":"https:\/\/pizbube.ch\/en\/wp-json\/wp\/v2\/product_cat?post=149624"},{"taxonomy":"product_tag","embeddable":true,"href":"https:\/\/pizbube.ch\/en\/wp-json\/wp\/v2\/product_tag?post=149624"}],"curies":[{"name":"wp","href":"https:\/\/api.w.org\/{rel}","templated":true}]}}