{"id":149626,"date":"2021-01-15T11:00:21","date_gmt":"2021-01-15T11:00:21","guid":{"rendered":"https:\/\/codengine3.ch\/?product=import-placeholder-for-200729"},"modified":"2023-10-28T10:19:05","modified_gmt":"2023-10-28T08:19:05","slug":"in-den-bergen-lebt-die-freiheit-wandern-auf-den-spuren-von-koenig-ludwig-ii","status":"publish","type":"product","link":"https:\/\/pizbube.ch\/en\/shop\/in-den-bergen-lebt-die-freiheit-wandern-auf-den-spuren-von-koenig-ludwig-ii\/","title":{"rendered":"In den Bergen lebt die Freiheit &#8211; Wandern auf den Spuren von K\u00f6nig Ludwig II."},"content":{"rendered":"<p>Wenige Alpinisten verbrachten mehr Zeit im Gebirge als der K\u00f6nig Ludwig II.<br \/>\nDer K\u00f6nig mit der gro\u00dfen Phantasie hatte einen ausgepr\u00e4gten Sinn f\u00fcr Orte und<br \/>\nLandschaften von besonderem Zauber und Kraft. In den Bayerischen Alpen<br \/>\nunterhielt er daher geheime H\u00fctten, die unser Fotograf und die Autorin wieder<br \/>\nentdeckt haben.<\/p>\n<p>Das Buch beschreibt s\u00e4mtliche Zug\u00e4nge und Wege zu Orten und Landschaften, die<br \/>\ndem K\u00f6nig viel bedeutet haben. Der Leser wird, dank der starken Erz\u00e4hlungen,<br \/>\ndie F\u00e4hrte zu den geheimen H\u00fctten aufnehmen k\u00f6nnen und zugleich eine noch viel<br \/>\nzu wenig bekannte Seite eines gro\u00dfen Natur- und Kunstliebhabers, der einmal<br \/>\nK\u00f6nig in Bayern war, kennenlernen.<\/p>\n<p>Die Autorin und der Fotograf berichten von orientalischen N\u00e4chten in h\u00f6chster<br \/>\nH\u00f6he, von unentdeckten Almb\u00e4dern, versteckten H\u00fctten und vor Kraft strotzenden<br \/>\nLandschaftsbildern im Vollmondlicht. Sie sprachen mit Abk\u00f6mmlingen uralter<br \/>\nHandwerkerfamilien, die seit Generationen die Bergunterk\u00fcnfte unterhalten und<br \/>\nentdeckten aberwitzige Erz\u00e4hlungen in alten B\u00fcchern. Zw\u00f6lf k\u00f6nigliche Orte,<br \/>\nzumeist H\u00fctten oder ehemalige H\u00fcttenstandorte, werden ausf\u00fchrlich in Wort und<br \/>\nBild beschrieben, erg\u00e4nzt um historisches Bildmaterial.<\/p>\n<p>Stefan Rosenboom manifestiert die Mystik der Landschaft und die Stimmung des<br \/>\neskapistischen K\u00f6nigs der Herzen in Bildern, Sandra Freudenberg erz\u00e4hlt von<br \/>\nder Vergangenheit in der Gegenwart.<\/p>\n<p>\u201eGestern begab ich mich nach ger\u00e4uschvollen unruhigen &#8230; Tagen nach dem<br \/>\nabgeschiedenen, trauten Hochkopf, wo ich auflebe in wonniger Einsamkeit, fern<br \/>\nder Welt, die stets mich verkennt und mit der auch ich mich nie und nimmer<br \/>\nbefreunden kann und will.\u201c<br \/>\nBrief von K\u00f6nig Ludwig II an Richard Wagner<\/p>\n<p>\u201eDiese k\u00f6nigliche H\u00fctte mir wert und teuer ist, und zwar werter als alle<br \/>\nk\u00f6niglichen Schl\u00f6sser mit ihrem Glanz und hohlen Prunk.\u201c<br \/>\nBrief von K\u00f6nig Ludwig II an Richard Wagner<\/p>\n<p>20.5 x 25.5 cm, gebunden, 192 Seiten mit 162 farbigen Abbildungen<\/p>","protected":false},"excerpt":{"rendered":"<ul>\n<li><a href=\"https:\/\/youtu.be\/jRiNhSQIKnk\" target=\"_blank\" rel=\"noopener\">Video: Buchtrailer_In den Bergen<\/a><\/li>\n<\/ul>","protected":false},"featured_media":27771,"template":"","meta":[],"product_brand":[],"product_cat":[21542],"product_tag":[],"class_list":{"0":"post-149626","1":"product","2":"type-product","3":"status-publish","4":"has-post-thumbnail","6":"product_cat-sachbuecher-dokumentationen","7":"pa_autor-freudenberg-rosenboom","8":"pa_erscheinungsjahr-21558","9":"pa_region-deutschland","10":"pa_sprache-de","12":"first","13":"instock","14":"taxable","15":"shipping-taxable","16":"purchasable","17":"product-type-simple"},"_links":{"self":[{"href":"https:\/\/pizbube.ch\/en\/wp-json\/wp\/v2\/product\/149626","targetHints":{"allow":["GET"]}}],"collection":[{"href":"https:\/\/pizbube.ch\/en\/wp-json\/wp\/v2\/product"}],"about":[{"href":"https:\/\/pizbube.ch\/en\/wp-json\/wp\/v2\/types\/product"}],"wp:featuredmedia":[{"embeddable":true,"href":"https:\/\/pizbube.ch\/en\/wp-json\/wp\/v2\/media\/27771"}],"wp:attachment":[{"href":"https:\/\/pizbube.ch\/en\/wp-json\/wp\/v2\/media?parent=149626"}],"wp:term":[{"taxonomy":"product_brand","embeddable":true,"href":"https:\/\/pizbube.ch\/en\/wp-json\/wp\/v2\/product_brand?post=149626"},{"taxonomy":"product_cat","embeddable":true,"href":"https:\/\/pizbube.ch\/en\/wp-json\/wp\/v2\/product_cat?post=149626"},{"taxonomy":"product_tag","embeddable":true,"href":"https:\/\/pizbube.ch\/en\/wp-json\/wp\/v2\/product_tag?post=149626"}],"curies":[{"name":"wp","href":"https:\/\/api.w.org\/{rel}","templated":true}]}}