{"id":149627,"date":"2021-01-15T11:00:21","date_gmt":"2021-01-15T11:00:21","guid":{"rendered":"https:\/\/codengine3.ch\/?product=import-placeholder-for-202098"},"modified":"2021-01-15T12:33:21","modified_gmt":"2021-01-15T12:33:21","slug":"bayrische-hausberge","status":"publish","type":"product","link":"https:\/\/pizbube.ch\/en\/shop\/bayrische-hausberge\/","title":{"rendered":"Bayrische Hausberge"},"content":{"rendered":"<p>100 Genusstouren zwischen Berchtesgaden und F\u00fcssen  <\/p>\n<p>100 Gipfel zwischen Watzmann und Tannheimer Tal, allesamt Klassiker auf ihre<br \/>\nArt: leichte und schwierige Gipfel, Halbtageswanderungen und versicherte<br \/>\nSteige, Vorberge und der h\u00f6chste Gipfel Deutschlands. Die Bayerischen<br \/>\nHausberge von Heinrich Bauregger wurden komplett \u00fcberarbeitet und aktualisiert<br \/>\nsowie um 20 neue Tourenziele erweitert. Ein Bergbuch-Klassiker, der in den<br \/>\nB\u00fccherschrank eines jeden Bergfreundes geh\u00f6rt.<br \/>\n192 Seiten, ca. 150 Abbildungen<\/p>","protected":false},"excerpt":{"rendered":"<p>100 Genusstouren zwischen Berchtesgaden und F\u00fcssen 100 Gipfel zwischen Watzmann und Tannheimer Tal, allesamt Klassiker auf ihre Art: leichte und schwierige Gipfel, Halbtageswanderungen und versicherte Steige, Vorberge und der h\u00f6chste Gipfel Deutschlands. Die Bayerischen Hausberge von Heinrich Bauregger wurden komplett \u00fcberarbeitet und aktualisiert sowie um 20 neue Tourenziele erweitert. Ein Bergbuch-Klassiker, der in den B\u00fccherschrank [&#8230;]\n","protected":false},"featured_media":38123,"template":"","meta":[],"product_brand":[],"product_cat":[21544],"product_tag":[],"class_list":{"0":"post-149627","1":"product","2":"type-product","3":"status-publish","4":"has-post-thumbnail","6":"product_cat-fuehrerliteratur-alpin-sommer","7":"pa_autor-bauregger","8":"pa_erscheinungsjahr-21568","9":"pa_region-deutschland","10":"pa_sprache-de","12":"first","13":"instock","14":"taxable","15":"shipping-taxable","16":"purchasable","17":"product-type-simple"},"_links":{"self":[{"href":"https:\/\/pizbube.ch\/en\/wp-json\/wp\/v2\/product\/149627","targetHints":{"allow":["GET"]}}],"collection":[{"href":"https:\/\/pizbube.ch\/en\/wp-json\/wp\/v2\/product"}],"about":[{"href":"https:\/\/pizbube.ch\/en\/wp-json\/wp\/v2\/types\/product"}],"wp:featuredmedia":[{"embeddable":true,"href":"https:\/\/pizbube.ch\/en\/wp-json\/wp\/v2\/media\/38123"}],"wp:attachment":[{"href":"https:\/\/pizbube.ch\/en\/wp-json\/wp\/v2\/media?parent=149627"}],"wp:term":[{"taxonomy":"product_brand","embeddable":true,"href":"https:\/\/pizbube.ch\/en\/wp-json\/wp\/v2\/product_brand?post=149627"},{"taxonomy":"product_cat","embeddable":true,"href":"https:\/\/pizbube.ch\/en\/wp-json\/wp\/v2\/product_cat?post=149627"},{"taxonomy":"product_tag","embeddable":true,"href":"https:\/\/pizbube.ch\/en\/wp-json\/wp\/v2\/product_tag?post=149627"}],"curies":[{"name":"wp","href":"https:\/\/api.w.org\/{rel}","templated":true}]}}