{"id":149629,"date":"2021-01-15T11:00:21","date_gmt":"2021-01-15T11:00:21","guid":{"rendered":"https:\/\/codengine3.ch\/?product=import-placeholder-for-205756"},"modified":"2021-01-15T14:43:41","modified_gmt":"2021-01-15T14:43:41","slug":"klettern-und-recht","status":"publish","type":"product","link":"https:\/\/pizbube.ch\/en\/shop\/klettern-und-recht\/","title":{"rendered":"Klettern und Recht"},"content":{"rendered":"<p>Mit hilfreicher Unfall-Checkliste. In Zus.arb. m. d. \u00d6sterr. Kuratorium alpine<br \/>\nSicherheit u. d. Bergrettungsdienst \u00d6sterreich.  <\/p>\n<p>Der Klettersport erfreut sich in \u00d6sterreich gro\u00dfer Beliebtheit, alleine in<br \/>\nTirol gibt es ca. 20.000 aktive Vereins-Kletterer. Dementsprechend hoch ist<br \/>\nallerdings auch die Zahl der Unf\u00e4lle, die j\u00e4hrlich passieren. Damit sind auch<br \/>\neine Reihe rechtlicher Fragen verbunden, die in diesem Ratgeber &#8211; untermauert<br \/>\ndurch Beispiele &#8211; beantwortet werden:<\/p>\n<p>Wer tr\u00e4gt daf\u00fcr die Verantwortung? Welche Haftung trifft Grundeigent\u00fcmer,<br \/>\nHalter, Errichter? Wie m\u00fcssen Kletterrouten, -g\u00e4rten errichtet, gewartet und<br \/>\nsaniert werden? Welche Bestimmungen gelten bez\u00fcglich Kinder? Welche<br \/>\nVersicherungen gibt es f\u00fcr Kletterer? Plus: Mustervertr\u00e4ge und Formulare f\u00fcr<br \/>\nHallenbetreiber, Ben\u00fctzungsvertrag f\u00fcr Kinder und Jugendliche und<br \/>\nUnfallprotokoll. Plus: Checklisten f\u00fcr Unf\u00e4lle<\/p>","protected":false},"excerpt":{"rendered":"<ul>\n<li><a href=\"https:\/\/youtu.be\/6Kw0txPHjBk\" target=\"_blank\" rel=\"noopener\">Video: Buchvorstellung Klettern und Recht<\/a><\/li>\n<\/ul>","protected":false},"featured_media":34572,"template":"","meta":[],"product_brand":[],"product_cat":[21538],"product_tag":[],"class_list":{"0":"post-149629","1":"product","2":"type-product","3":"status-publish","4":"has-post-thumbnail","6":"product_cat-lehrbuecher","7":"pa_autor-auckenthaler-hofer","8":"pa_erscheinungsjahr-21693","9":"pa_region-medizin-recht","10":"pa_sprache-de","12":"first","13":"instock","14":"taxable","15":"shipping-taxable","16":"purchasable","17":"product-type-simple"},"_links":{"self":[{"href":"https:\/\/pizbube.ch\/en\/wp-json\/wp\/v2\/product\/149629","targetHints":{"allow":["GET"]}}],"collection":[{"href":"https:\/\/pizbube.ch\/en\/wp-json\/wp\/v2\/product"}],"about":[{"href":"https:\/\/pizbube.ch\/en\/wp-json\/wp\/v2\/types\/product"}],"wp:featuredmedia":[{"embeddable":true,"href":"https:\/\/pizbube.ch\/en\/wp-json\/wp\/v2\/media\/34572"}],"wp:attachment":[{"href":"https:\/\/pizbube.ch\/en\/wp-json\/wp\/v2\/media?parent=149629"}],"wp:term":[{"taxonomy":"product_brand","embeddable":true,"href":"https:\/\/pizbube.ch\/en\/wp-json\/wp\/v2\/product_brand?post=149629"},{"taxonomy":"product_cat","embeddable":true,"href":"https:\/\/pizbube.ch\/en\/wp-json\/wp\/v2\/product_cat?post=149629"},{"taxonomy":"product_tag","embeddable":true,"href":"https:\/\/pizbube.ch\/en\/wp-json\/wp\/v2\/product_tag?post=149629"}],"curies":[{"name":"wp","href":"https:\/\/api.w.org\/{rel}","templated":true}]}}