{"id":149632,"date":"2021-01-15T11:00:21","date_gmt":"2021-01-15T11:00:21","guid":{"rendered":"https:\/\/codengine3.ch\/?product=import-placeholder-for-200732"},"modified":"2021-01-15T11:00:26","modified_gmt":"2021-01-15T11:00:26","slug":"bike-fuehrer-schweiz","status":"publish","type":"product","link":"https:\/\/pizbube.ch\/en\/shop\/bike-fuehrer-schweiz\/","title":{"rendered":"Bike F\u00fchrer Schweiz"},"content":{"rendered":"<p>Vom Tessin bis zum Baslerjura- \u00fcber 300 bew\u00e4hrte Mountain Bike Touren<\/p>","protected":false},"excerpt":{"rendered":"<p>Vom Tessin bis zum Baslerjura- \u00fcber 300 bew\u00e4hrte Mountain Bike Touren<\/p>","protected":false},"featured_media":27776,"template":"","meta":[],"product_brand":[],"product_cat":[21606],"product_tag":[],"class_list":{"0":"post-149632","1":"product","2":"type-product","3":"status-publish","4":"has-post-thumbnail","6":"product_cat-mountainbikefuehrer","7":"pa_autor-loetscher-mueller","8":"pa_erscheinungsjahr-22137","9":"pa_region-schweiz","10":"pa_sprache-d","11":"pa_sprache-f","12":"pa_sprache-i","14":"first","15":"instock","16":"taxable","17":"shipping-taxable","18":"purchasable","19":"product-type-simple"},"_links":{"self":[{"href":"https:\/\/pizbube.ch\/en\/wp-json\/wp\/v2\/product\/149632","targetHints":{"allow":["GET"]}}],"collection":[{"href":"https:\/\/pizbube.ch\/en\/wp-json\/wp\/v2\/product"}],"about":[{"href":"https:\/\/pizbube.ch\/en\/wp-json\/wp\/v2\/types\/product"}],"wp:featuredmedia":[{"embeddable":true,"href":"https:\/\/pizbube.ch\/en\/wp-json\/wp\/v2\/media\/27776"}],"wp:attachment":[{"href":"https:\/\/pizbube.ch\/en\/wp-json\/wp\/v2\/media?parent=149632"}],"wp:term":[{"taxonomy":"product_brand","embeddable":true,"href":"https:\/\/pizbube.ch\/en\/wp-json\/wp\/v2\/product_brand?post=149632"},{"taxonomy":"product_cat","embeddable":true,"href":"https:\/\/pizbube.ch\/en\/wp-json\/wp\/v2\/product_cat?post=149632"},{"taxonomy":"product_tag","embeddable":true,"href":"https:\/\/pizbube.ch\/en\/wp-json\/wp\/v2\/product_tag?post=149632"}],"curies":[{"name":"wp","href":"https:\/\/api.w.org\/{rel}","templated":true}]}}