{"id":149633,"date":"2021-01-15T11:00:21","date_gmt":"2021-01-15T11:00:21","guid":{"rendered":"https:\/\/codengine3.ch\/?product=import-placeholder-for-206051"},"modified":"2021-01-15T14:46:00","modified_gmt":"2021-01-15T14:46:00","slug":"mountainbikeland-schweiz-band-3-jura-bike","status":"publish","type":"product","link":"https:\/\/pizbube.ch\/en\/shop\/mountainbikeland-schweiz-band-3-jura-bike\/","title":{"rendered":"Mountainbikeland Schweiz Band 3 Jura Bike"},"content":{"rendered":"<p>Band 3 der Routenf\u00fchrer f\u00fcr das Mountainbikeland Schweiz enth\u00e4lt alle<br \/>\nInformationen zur &#8218;Jura Bike&#8216;-Route von Basel nach Nyon (N3). Detaillierte<br \/>\nAngaben zur gesamten Strecke und zu jeder Etappe pr\u00e4gen das Buch, dazu geben<br \/>\nhervorragende Bilder einen Eindruck von den Etappen. Das Buch enth\u00e4lt zudem<br \/>\ngenaue Routenkarten im Massstab 1:100&#8217;000, die auf reiss- und wasserfestes<br \/>\nSpezialpapier gedruckt sind und herausgetrennt werden k\u00f6nnen.<br \/>\n2. Auflg. 2014<\/p>","protected":false},"excerpt":{"rendered":"<p>Band 3 der Routenf\u00fchrer f\u00fcr das Mountainbikeland Schweiz enth\u00e4lt alle Informationen zur &#8218;Jura Bike&#8216;-Route von Basel nach Nyon (N3). Detaillierte Angaben zur gesamten Strecke und zu jeder Etappe pr\u00e4gen das Buch, dazu geben hervorragende Bilder einen Eindruck von den Etappen. Das Buch enth\u00e4lt zudem genaue Routenkarten im Massstab 1:100&#8217;000, die auf reiss- und wasserfestes Spezialpapier [&#8230;]\n","protected":false},"featured_media":34946,"template":"","meta":[],"product_brand":[],"product_cat":[21606],"product_tag":[],"class_list":{"0":"post-149633","1":"product","2":"type-product","3":"status-publish","4":"has-post-thumbnail","6":"product_cat-mountainbikefuehrer","7":"pa_autor-spaeth","8":"pa_erscheinungsjahr-21550","9":"pa_region-schweiz","10":"pa_sprache-de","12":"first","13":"outofstock","14":"taxable","15":"shipping-taxable","16":"purchasable","17":"product-type-simple"},"_links":{"self":[{"href":"https:\/\/pizbube.ch\/en\/wp-json\/wp\/v2\/product\/149633","targetHints":{"allow":["GET"]}}],"collection":[{"href":"https:\/\/pizbube.ch\/en\/wp-json\/wp\/v2\/product"}],"about":[{"href":"https:\/\/pizbube.ch\/en\/wp-json\/wp\/v2\/types\/product"}],"wp:featuredmedia":[{"embeddable":true,"href":"https:\/\/pizbube.ch\/en\/wp-json\/wp\/v2\/media\/34946"}],"wp:attachment":[{"href":"https:\/\/pizbube.ch\/en\/wp-json\/wp\/v2\/media?parent=149633"}],"wp:term":[{"taxonomy":"product_brand","embeddable":true,"href":"https:\/\/pizbube.ch\/en\/wp-json\/wp\/v2\/product_brand?post=149633"},{"taxonomy":"product_cat","embeddable":true,"href":"https:\/\/pizbube.ch\/en\/wp-json\/wp\/v2\/product_cat?post=149633"},{"taxonomy":"product_tag","embeddable":true,"href":"https:\/\/pizbube.ch\/en\/wp-json\/wp\/v2\/product_tag?post=149633"}],"curies":[{"name":"wp","href":"https:\/\/api.w.org\/{rel}","templated":true}]}}