{"id":149637,"date":"2021-01-15T11:00:22","date_gmt":"2021-01-15T11:00:22","guid":{"rendered":"https:\/\/codengine3.ch\/?product=import-placeholder-for-203805"},"modified":"2021-01-15T14:26:46","modified_gmt":"2021-01-15T14:26:46","slug":"pale-di-san-martino-ovest","status":"publish","type":"product","link":"https:\/\/pizbube.ch\/en\/shop\/pale-di-san-martino-ovest\/","title":{"rendered":"Pale di San Martino Ovest"},"content":{"rendered":"<p>DOLOMITI DI FALCADE E PRIMIERO, Guida dei monti d&#8217;Italia, CAI<br \/>\nMul\u00e0z &#8211; Cim\u00f2n della Pala &#8211; Rosetta &#8211; Sass Ma\u00f2r  <\/p>\n<p>Nel 1935 usc\u00ec la guida Pale di San Martino della storica collana Guida Monti.<br \/>\nNei decenni trascorsi da allora sono avvenuti grandi cambiamenti e un solo<br \/>\nvolume non avrebbe oggi potuto contenere il frutto di questa evoluzione.<br \/>\nQuesta guida descrive la parte pi\u00f9 a ovest, compresa tra Falcade, Passo Rolle,<br \/>\nSan Martino di Castrozza e Primiero.  <\/p>\n<p>Tutte le scalate di ogni difficolt\u00e0 a tutte le numerosissime cime, fra cui il<br \/>\nCimon della Pala, Il Mulaz, la Cima Vezzana, la Rosetta, la Pala di San<br \/>\nMartino, il sass Maor e la Cima della Madonna.  <\/p>","protected":false},"excerpt":{"rendered":"<p>DOLOMITI DI FALCADE E PRIMIERO, Guida dei monti d&#8217;Italia, CAI Mul\u00e0z &#8211; Cim\u00f2n della Pala &#8211; Rosetta &#8211; Sass Ma\u00f2r Nel 1935 usc\u00ec la guida Pale di San Martino della storica collana Guida Monti. Nei decenni trascorsi da allora sono avvenuti grandi cambiamenti e un solo volume non avrebbe oggi potuto contenere il frutto di [&#8230;]\n","protected":false},"featured_media":31497,"template":"","meta":[],"product_brand":[],"product_cat":[21539],"product_tag":[],"class_list":{"0":"post-149637","1":"product","2":"type-product","3":"status-publish","4":"has-post-thumbnail","6":"product_cat-fuehrerliteratur-sportklettern-bouldern","7":"pa_autor-de-franceschi","8":"pa_erscheinungsjahr-22292","9":"pa_region-italien","10":"pa_sprache-it","12":"first","13":"instock","14":"taxable","15":"shipping-taxable","16":"purchasable","17":"product-type-simple"},"_links":{"self":[{"href":"https:\/\/pizbube.ch\/en\/wp-json\/wp\/v2\/product\/149637","targetHints":{"allow":["GET"]}}],"collection":[{"href":"https:\/\/pizbube.ch\/en\/wp-json\/wp\/v2\/product"}],"about":[{"href":"https:\/\/pizbube.ch\/en\/wp-json\/wp\/v2\/types\/product"}],"wp:featuredmedia":[{"embeddable":true,"href":"https:\/\/pizbube.ch\/en\/wp-json\/wp\/v2\/media\/31497"}],"wp:attachment":[{"href":"https:\/\/pizbube.ch\/en\/wp-json\/wp\/v2\/media?parent=149637"}],"wp:term":[{"taxonomy":"product_brand","embeddable":true,"href":"https:\/\/pizbube.ch\/en\/wp-json\/wp\/v2\/product_brand?post=149637"},{"taxonomy":"product_cat","embeddable":true,"href":"https:\/\/pizbube.ch\/en\/wp-json\/wp\/v2\/product_cat?post=149637"},{"taxonomy":"product_tag","embeddable":true,"href":"https:\/\/pizbube.ch\/en\/wp-json\/wp\/v2\/product_tag?post=149637"}],"curies":[{"name":"wp","href":"https:\/\/api.w.org\/{rel}","templated":true}]}}