{"id":149641,"date":"2021-01-15T11:00:22","date_gmt":"2021-01-15T11:00:22","guid":{"rendered":"https:\/\/codengine3.ch\/?product=import-placeholder-for-207883"},"modified":"2025-07-24T12:58:49","modified_gmt":"2025-07-24T10:58:49","slug":"palagruppe-ausgewaehlte-klassische-und-moderne-routen","status":"publish","type":"product","link":"https:\/\/pizbube.ch\/en\/shop\/palagruppe-ausgewaehlte-klassische-und-moderne-routen\/","title":{"rendered":"PALAGRUPPE &#8211; Ausgew\u00e4hlte klassische und moderne Routen"},"content":{"rendered":"<p>Ausgew\u00e4hlte klassische und moderne Routen<\/p>\n<p>Dieser Kletterf\u00fchrer stellt 124 der sch\u00f6nsten Routen der Palagruppe vor und<br \/>\nerm\u00f6glicht damit einen neuen Blick auf diese atemberaubende Dolomitenregion.<br \/>\nIn diesem scheinbar unendlichen Felsenmeer mit klassischen Wegen und modernen<br \/>\nRouten helfen die Beschreibungen mit Fotos zum Routenverlauf sowie<br \/>\ndetaillierten Zeichnungen, die richtigen Wege zu finden.<\/p>\n<p>Diese Wege allein mit Worten zu erkl\u00e4ren, w\u00e4re nicht ausreichend, denn die<br \/>\nOrientierung in den W\u00e4nden der Palagruppe erfordert oft auch einen gewissen<br \/>\nAbenteuergeist. Die Palagruppe ist eine wunderbare Bergregion, in der noch die<br \/>\nZeiten eines Alpinismus alter Pr\u00e4gung erlebbar sind \u2013 mit langen Anund<br \/>\nteilweise m\u00fchsamen Abstiegen. Das wundervolle Panorama entsch\u00e4digt jedoch f\u00fcr<br \/>\njede M\u00fche.<\/p>\n<p>Auch Liebhaber langer Routen finden mit diesem F\u00fchrer einen im Wortsinn guten<br \/>\nEinstieg, um viele W\u00e4nde und Gipfel der Palagruppe kennen zu lernen \u2013 und<br \/>\nmanch eine(r) wird diese vielleicht sogar aufs Neue entdecken!<\/p>","protected":false},"excerpt":{"rendered":"<p>Ausgew\u00e4hlte klassische und moderne Routen Dieser Kletterf\u00fchrer stellt 124 der sch\u00f6nsten Routen der Palagruppe vor und erm\u00f6glicht damit einen neuen Blick auf diese atemberaubende Dolomitenregion. In diesem scheinbar unendlichen Felsenmeer mit klassischen Wegen und modernen Routen helfen die Beschreibungen mit Fotos zum Routenverlauf sowie detaillierten Zeichnungen, die richtigen Wege zu finden. Diese Wege allein mit [&#8230;]\n","protected":false},"featured_media":158595,"template":"","meta":[],"product_brand":[],"product_cat":[21539],"product_tag":[],"class_list":{"0":"post-149641","1":"product","2":"type-product","3":"status-publish","4":"has-post-thumbnail","6":"product_cat-fuehrerliteratur-sportklettern-bouldern","7":"pa_autor-simoni-corona","8":"pa_erscheinungsjahr-21546","9":"pa_region-italien","10":"pa_sprache-de","12":"first","13":"instock","14":"taxable","15":"shipping-taxable","16":"purchasable","17":"product-type-simple"},"_links":{"self":[{"href":"https:\/\/pizbube.ch\/en\/wp-json\/wp\/v2\/product\/149641","targetHints":{"allow":["GET"]}}],"collection":[{"href":"https:\/\/pizbube.ch\/en\/wp-json\/wp\/v2\/product"}],"about":[{"href":"https:\/\/pizbube.ch\/en\/wp-json\/wp\/v2\/types\/product"}],"wp:featuredmedia":[{"embeddable":true,"href":"https:\/\/pizbube.ch\/en\/wp-json\/wp\/v2\/media\/158595"}],"wp:attachment":[{"href":"https:\/\/pizbube.ch\/en\/wp-json\/wp\/v2\/media?parent=149641"}],"wp:term":[{"taxonomy":"product_brand","embeddable":true,"href":"https:\/\/pizbube.ch\/en\/wp-json\/wp\/v2\/product_brand?post=149641"},{"taxonomy":"product_cat","embeddable":true,"href":"https:\/\/pizbube.ch\/en\/wp-json\/wp\/v2\/product_cat?post=149641"},{"taxonomy":"product_tag","embeddable":true,"href":"https:\/\/pizbube.ch\/en\/wp-json\/wp\/v2\/product_tag?post=149641"}],"curies":[{"name":"wp","href":"https:\/\/api.w.org\/{rel}","templated":true}]}}